{"id":133879,"date":"2025-05-18T08:46:13","date_gmt":"2025-05-18T08:46:13","guid":{"rendered":"https:\/\/www.customywear.com\/?post_type=product&#038;p=133879"},"modified":"2026-05-07T15:29:31","modified_gmt":"2026-05-07T15:29:31","slug":"tricou-rochie-drapel-italia-bebelusa-personalizat","status":"publish","type":"product","link":"https:\/\/www.customywear.com\/ro\/personalized-italian-flag-dress-tee-toddler-girls\/","title":{"rendered":"Tricou personalizat cu steagul Italiei pentru feti\u021be \u2013 Tricou personalizat cu fotografie \u0219i art\u0103 digital\u0103 inspirat\u0103 de c\u0103l\u0103toriile cu Italia"},"content":{"rendered":"<p>S\u0103rb\u0103tore\u0219te dragostea micu\u021bei tale feti\u021be pentru Italia cu tricoul nostru personalizat cu steagul italian pentru feti\u021be - un tricou personalizat unic care \u00eei transform\u0103 fotografia \u00eentr-un personaj italian fermec\u0103tor, purt\u00e2nd o rochie frumos stilizat\u0103 cu steaguri, pe fundalul unei scene italiene emblematice. Fabricat din bumbac moale \u0219i durabil \u0219i cu imprimeuri vii \u0219i de lung\u0103 durat\u0103, acest tricou este perfect pentru zile de na\u0219tere, s\u0103rb\u0103tori, c\u0103l\u0103torii \u00een familie sau s\u0103rb\u0103tori culturale. Creat de arti\u0219ti pricepu\u021bi, fiecare tricou este o pies\u0103 de art\u0103 purtabil\u0103 care surprinde spiritul aventuros al copilului t\u0103u \u0219i leg\u0103tura sa cu Italia. O amintire perfect\u0103 pentru feti\u021bele care viseaz\u0103 la Europa!<\/p>","protected":false},"excerpt":{"rendered":"<p>S\u0103rb\u0103tore\u0219te Italia cu un tricou personalizat cu steag italian pentru fete mici. Tricourile foto personalizate cu art\u0103 digital\u0103 inspirat\u0103 de c\u0103l\u0103torii fac ca patrimoniul s\u0103 fie distractiv.<\/p>","protected":false},"featured_media":134048,"comment_status":"open","ping_status":"closed","template":"","meta":{"_acf_changed":false},"product_brand":[],"product_cat":[6207,6412,6428],"product_tag":[6433,6439,6221,6382],"class_list":{"0":"post-133879","1":"product","2":"type-product","3":"status-publish","4":"has-post-thumbnail","6":"product_cat-toddler-girl-t-shirts","7":"product_cat-photo-to-tees","8":"product_cat-translate-products","9":"product_tag-ai-artwork","10":"product_tag-ai-kids-artwork","11":"product_tag-custom-t-shirts-near-me","12":"product_tag-personalized-gifts-italian-culture","14":"first","15":"instock","16":"taxable","17":"shipping-taxable","18":"purchasable","19":"product-type-simple"},"acf":[],"wcpa_form_fields":null,"_links":{"self":[{"href":"https:\/\/www.customywear.com\/ro\/wp-json\/wp\/v2\/product\/133879","targetHints":{"allow":["GET"]}}],"collection":[{"href":"https:\/\/www.customywear.com\/ro\/wp-json\/wp\/v2\/product"}],"about":[{"href":"https:\/\/www.customywear.com\/ro\/wp-json\/wp\/v2\/types\/product"}],"replies":[{"embeddable":true,"href":"https:\/\/www.customywear.com\/ro\/wp-json\/wp\/v2\/comments?post=133879"}],"wp:featuredmedia":[{"embeddable":true,"href":"https:\/\/www.customywear.com\/ro\/wp-json\/wp\/v2\/media\/134048"}],"wp:attachment":[{"href":"https:\/\/www.customywear.com\/ro\/wp-json\/wp\/v2\/media?parent=133879"}],"wp:term":[{"taxonomy":"product_brand","embeddable":true,"href":"https:\/\/www.customywear.com\/ro\/wp-json\/wp\/v2\/product_brand?post=133879"},{"taxonomy":"product_cat","embeddable":true,"href":"https:\/\/www.customywear.com\/ro\/wp-json\/wp\/v2\/product_cat?post=133879"},{"taxonomy":"product_tag","embeddable":true,"href":"https:\/\/www.customywear.com\/ro\/wp-json\/wp\/v2\/product_tag?post=133879"}],"curies":[{"name":"wp","href":"https:\/\/api.w.org\/{rel}","templated":true}]}}