{"id":133887,"date":"2025-05-18T08:46:13","date_gmt":"2025-05-18T08:46:13","guid":{"rendered":"https:\/\/www.customywear.com\/?post_type=product&#038;p=133887"},"modified":"2026-05-07T15:29:31","modified_gmt":"2026-05-07T15:29:31","slug":"tricou-baieti-personalizat-steag-italian","status":"publish","type":"product","link":"https:\/\/www.customywear.com\/ro\/custom-italian-flag-tshirt-boys\/","title":{"rendered":"Tricou personalizat cu steagul Italiei pentru b\u0103ie\u021bi \u2013 Tricou personalizat cu fotografie \u0219i design cu steagul Italiei, cadou ideal pentru tinerii pasiona\u021bi de cultura italian\u0103"},"content":{"rendered":"<p>S\u0103rb\u0103tori\u021bi mo\u0219tenirea italian\u0103 a copilului dumneavoastr\u0103 cu tricoul nostru personalizat cu steagul italian pentru b\u0103ie\u021bi. Fabricat din bumbac 100% premium, acest tricou ofer\u0103 confort \u0219i durabilitate excep\u021bionale, fiind perfect pentru purtarea de zi cu zi sau pentru ocazii speciale. Fiecare tricou prezint\u0103 un design personalizat \u00een care fotografia copilului dumneavoastr\u0103 este transformat\u0103 artistic \u00eentr-o imagine a acestuia \u00eempodobit\u0103 cu vibrantul steag italian, pe un fundal italian pitoresc. Folosind imprimare direct\u0103 pe haine (DTG) de \u00eenalt\u0103 calitate, culorile r\u0103m\u00e2n vii sp\u0103lare dup\u0103 sp\u0103lare. Fie c\u0103 este vorba de o zi de na\u0219tere, o s\u0103rb\u0103toare cultural\u0103 sau pur \u0219i simplu pentru a etala m\u00e2ndria fa\u021b\u0103 de r\u0103d\u0103cinile italiene, acest tricou serve\u0219te ca o amintire unic\u0103 \u0219i semnificativ\u0103, care aduce la via\u021b\u0103 amintiri pre\u021bioase.<\/p>","protected":false},"excerpt":{"rendered":"<p>S\u0103rb\u0103tore\u0219te cultura cu un tricou personalizat cu steag italian pentru b\u0103ie\u021bi. Tricourile foto personalizate cu modele de steag italian fac amintiri unice pentru copii.<\/p>","protected":false},"featured_media":133994,"comment_status":"open","ping_status":"closed","template":"","meta":{"_acf_changed":false},"product_brand":[],"product_cat":[6189,6412,6428],"product_tag":[6433,6439,6221,6382,6330],"class_list":{"0":"post-133887","1":"product","2":"type-product","3":"status-publish","4":"has-post-thumbnail","6":"product_cat-boys-t-shirts","7":"product_cat-photo-to-tees","8":"product_cat-translate-products","9":"product_tag-ai-artwork","10":"product_tag-ai-kids-artwork","11":"product_tag-custom-t-shirts-near-me","12":"product_tag-personalized-gifts-italian-culture","13":"product_tag-photo-print-t-shirt-for-boys","15":"first","16":"instock","17":"taxable","18":"shipping-taxable","19":"purchasable","20":"product-type-simple"},"acf":[],"wcpa_form_fields":null,"_links":{"self":[{"href":"https:\/\/www.customywear.com\/ro\/wp-json\/wp\/v2\/product\/133887","targetHints":{"allow":["GET"]}}],"collection":[{"href":"https:\/\/www.customywear.com\/ro\/wp-json\/wp\/v2\/product"}],"about":[{"href":"https:\/\/www.customywear.com\/ro\/wp-json\/wp\/v2\/types\/product"}],"replies":[{"embeddable":true,"href":"https:\/\/www.customywear.com\/ro\/wp-json\/wp\/v2\/comments?post=133887"}],"wp:featuredmedia":[{"embeddable":true,"href":"https:\/\/www.customywear.com\/ro\/wp-json\/wp\/v2\/media\/133994"}],"wp:attachment":[{"href":"https:\/\/www.customywear.com\/ro\/wp-json\/wp\/v2\/media?parent=133887"}],"wp:term":[{"taxonomy":"product_brand","embeddable":true,"href":"https:\/\/www.customywear.com\/ro\/wp-json\/wp\/v2\/product_brand?post=133887"},{"taxonomy":"product_cat","embeddable":true,"href":"https:\/\/www.customywear.com\/ro\/wp-json\/wp\/v2\/product_cat?post=133887"},{"taxonomy":"product_tag","embeddable":true,"href":"https:\/\/www.customywear.com\/ro\/wp-json\/wp\/v2\/product_tag?post=133887"}],"curies":[{"name":"wp","href":"https:\/\/api.w.org\/{rel}","templated":true}]}}