{"id":136584,"date":"2025-07-29T13:09:19","date_gmt":"2025-07-29T13:09:19","guid":{"rendered":"https:\/\/www.customywear.com\/?post_type=product&#038;p=136584"},"modified":"2026-05-07T15:29:31","modified_gmt":"2026-05-07T15:29:31","slug":"tricou-baieti-curse-foto-personalizat","status":"publish","type":"product","link":"https:\/\/www.customywear.com\/ro\/custom-runner-jogging-boys-photo-tshirt\/","title":{"rendered":"Tricou personalizat pentru alerg\u0103tor, pentru b\u0103ie\u021bi \u2013 Tricou personalizat cu fotografie pentru alergare, pentru copii activi care iubesc aventurile \u00een aer liber"},"content":{"rendered":"<p>Alimenteaz\u0103-i pasiunea pentru aventuri \u00een aer liber cu tricoul nostru personalizat pentru alerg\u0103tori, personalizat cu fotografia ta. Acest tricou unic transform\u0103 copilul t\u0103u \u00eentr-o oper\u0103 de art\u0103 digital\u0103 vibrant\u0103, surprinz\u00e2ndu-l \u00eentr-o scen\u0103 sportiv\u0103 de jogging. Este cadoul perfect pentru b\u0103ie\u021bii c\u0103rora le place s\u0103 alerge, s\u0103 jongleze sau s\u0103 se joace \u00een aer liber. Ideal pentru zile de na\u0219tere sau pur \u0219i simplu pentru a \u00eencuraja un stil de via\u021b\u0103 activ, acest tricou combin\u0103 semnifica\u021bia personal\u0103 cu confortul \u0219i durabilitatea de zi cu zi, toate aduse la via\u021b\u0103 cu imprimare DTG vie \u0219i durabil\u0103.<\/p>","protected":false},"excerpt":{"rendered":"<p>S\u0103rb\u0103tore\u0219te tinerii aventurieri cu un tricou personalizat pentru b\u0103ie\u021bi. Tricourile personalizate pentru fotografii de jogging transform\u0103 orice fotografie \u00eentr-un tricou juc\u0103u\u0219 \u0219i activ.<\/p>","protected":false},"featured_media":136701,"comment_status":"open","ping_status":"closed","template":"","meta":{"_acf_changed":false},"product_brand":[],"product_cat":[6189,6411,6412,6428],"product_tag":[6433,6439,6221,6330],"class_list":{"0":"post-136584","1":"product","2":"type-product","3":"status-publish","4":"has-post-thumbnail","6":"product_cat-boys-t-shirts","7":"product_cat-custom-gifts-ai-jogging-runner","8":"product_cat-photo-to-tees","9":"product_cat-translate-products","10":"product_tag-ai-artwork","11":"product_tag-ai-kids-artwork","12":"product_tag-custom-t-shirts-near-me","13":"product_tag-photo-print-t-shirt-for-boys","15":"first","16":"instock","17":"taxable","18":"shipping-taxable","19":"purchasable","20":"product-type-simple"},"acf":[],"wcpa_form_fields":null,"_links":{"self":[{"href":"https:\/\/www.customywear.com\/ro\/wp-json\/wp\/v2\/product\/136584","targetHints":{"allow":["GET"]}}],"collection":[{"href":"https:\/\/www.customywear.com\/ro\/wp-json\/wp\/v2\/product"}],"about":[{"href":"https:\/\/www.customywear.com\/ro\/wp-json\/wp\/v2\/types\/product"}],"replies":[{"embeddable":true,"href":"https:\/\/www.customywear.com\/ro\/wp-json\/wp\/v2\/comments?post=136584"}],"wp:featuredmedia":[{"embeddable":true,"href":"https:\/\/www.customywear.com\/ro\/wp-json\/wp\/v2\/media\/136701"}],"wp:attachment":[{"href":"https:\/\/www.customywear.com\/ro\/wp-json\/wp\/v2\/media?parent=136584"}],"wp:term":[{"taxonomy":"product_brand","embeddable":true,"href":"https:\/\/www.customywear.com\/ro\/wp-json\/wp\/v2\/product_brand?post=136584"},{"taxonomy":"product_cat","embeddable":true,"href":"https:\/\/www.customywear.com\/ro\/wp-json\/wp\/v2\/product_cat?post=136584"},{"taxonomy":"product_tag","embeddable":true,"href":"https:\/\/www.customywear.com\/ro\/wp-json\/wp\/v2\/product_tag?post=136584"}],"curies":[{"name":"wp","href":"https:\/\/api.w.org\/{rel}","templated":true}]}}