{"id":20301,"date":"2023-07-28T13:32:47","date_gmt":"2023-07-28T13:32:47","guid":{"rendered":"https:\/\/www.customywear.com\/?post_type=product&#038;p=20301"},"modified":"2026-05-07T15:29:59","modified_gmt":"2026-05-07T15:29:59","slug":"camasa-personalizata-pentru-baiat-cu-nava-spatiala-extraterestra","status":"publish","type":"product","link":"https:\/\/www.customywear.com\/ro\/custom-alien-spaceship-boy-shirt\/","title":{"rendered":"Tricou personalizat cu nav\u0103 spa\u021bial\u0103 extraterestr\u0103 pentru b\u0103ie\u021bi | Tricou personalizat cu OZN pentru copii"},"content":{"rendered":"<p>Aprinde\u021bi imagina\u021bia copilului dumneavoastr\u0103 cu tricoul nostru personalizat cu nav\u0103 spa\u021bial\u0103 extraterestr\u0103 pentru b\u0103ie\u021bi, o capodoper\u0103 personalizat\u0103 care \u00eel transport\u0103 \u00eentr-o lume de dincolo de stele. Folosind fotografia copilului dumneavoastr\u0103, cre\u0103m un portret vectorial captivant care \u00eel \u00eenf\u0103\u021bi\u0219eaz\u0103 ca un extraterestru adorabil la bordul unei nave spa\u021biale. Acest tricou personalizat unic \u0219i distractiv este cadoul perfect pentru a aduce un z\u00e2mbet pe fa\u021ba copilului dumneavoastr\u0103 \u0219i a-i st\u00e2rni sentimentul de uimire. Echipa noastr\u0103 dedicat\u0103 de design utilizeaz\u0103 puterea creativ\u0103 a Adobe Illustrator \u0219i Adobe Photoshop pentru a \u00eembina perfect imaginea copilului dumneavoastr\u0103 cu lumea fantastic\u0103 a aventurii extraterestre. Designul este adus la via\u021b\u0103 folosind tehnologia avansat\u0103 de imprimare DTG, asigur\u00e2nd culori vii \u0219i o durabilitate excep\u021bional\u0103. Disponibile at\u00e2t cu m\u00e2nec\u0103 lung\u0103, c\u00e2t \u0219i cu m\u00e2nec\u0103 scurt\u0103, tricourile noastre unisex se adreseaz\u0103 copiilor de toate v\u00e2rstele, promi\u021b\u00e2nd o potrivire confortabil\u0103 pentru fiecare explorator interstelar. Ridica\u021bi garderoba copilului dumneavoastr\u0103 cu un tricou personalizat care \u00eei alimenteaz\u0103 curiozitatea \u0219i \u00eembr\u0103\u021bi\u0219eaz\u0103 magia necunoscutului. Colec\u021bia noastr\u0103 se m\u00e2ndre\u0219te cu o gam\u0103 de modele care surprind esen\u021ba imagina\u021biei copil\u0103riei, fiecare meticulos realizat pentru a crea o amintire de neuitat. Fie c\u0103 este un cadou pentru o ocazie special\u0103 sau o completare \u00eenc\u00e2nt\u0103toare a \u021binutei de zi cu zi, tricourile noastre personalizate sunt opere de art\u0103 purtabile care \u00eencurajeaz\u0103 explorarea \u0219i creativitatea.<\/p>","protected":false},"excerpt":{"rendered":"<p>F\u0103 din copilul t\u0103u un erou cosmic cu c\u0103ma\u0219a noastr\u0103 personalizat\u0103 Alien Spaceship Boy. Acest tricou personalizat pentru copii OZN transform\u0103 orice fotografie \u00eentr-un tricou personalizat din afara acestei lumi, plin de distrac\u021bie \u0219i imagina\u021bie.<\/p>","protected":false},"featured_media":142400,"comment_status":"open","ping_status":"closed","template":"","meta":{"_acf_changed":false},"product_brand":[],"product_cat":[6189,113,6412,6428],"product_tag":[6433,6439,65,136,137,138,141,73],"class_list":{"0":"post-20301","1":"product","2":"type-product","3":"status-publish","4":"has-post-thumbnail","6":"product_cat-boys-t-shirts","7":"product_cat-custom-gifts-alien-shirts","8":"product_cat-photo-to-tees","9":"product_cat-translate-products","10":"product_tag-ai-artwork","11":"product_tag-ai-kids-artwork","12":"product_tag-kid","13":"product_tag-science_shirt","14":"product_tag-space_shirt","15":"product_tag-t-shirt-ufo","16":"product_tag-ufo-shirt","17":"product_tag-youth-boy","19":"first","20":"instock","21":"taxable","22":"shipping-taxable","23":"purchasable","24":"product-type-simple"},"acf":[],"wcpa_form_fields":null,"_links":{"self":[{"href":"https:\/\/www.customywear.com\/ro\/wp-json\/wp\/v2\/product\/20301","targetHints":{"allow":["GET"]}}],"collection":[{"href":"https:\/\/www.customywear.com\/ro\/wp-json\/wp\/v2\/product"}],"about":[{"href":"https:\/\/www.customywear.com\/ro\/wp-json\/wp\/v2\/types\/product"}],"replies":[{"embeddable":true,"href":"https:\/\/www.customywear.com\/ro\/wp-json\/wp\/v2\/comments?post=20301"}],"wp:featuredmedia":[{"embeddable":true,"href":"https:\/\/www.customywear.com\/ro\/wp-json\/wp\/v2\/media\/142400"}],"wp:attachment":[{"href":"https:\/\/www.customywear.com\/ro\/wp-json\/wp\/v2\/media?parent=20301"}],"wp:term":[{"taxonomy":"product_brand","embeddable":true,"href":"https:\/\/www.customywear.com\/ro\/wp-json\/wp\/v2\/product_brand?post=20301"},{"taxonomy":"product_cat","embeddable":true,"href":"https:\/\/www.customywear.com\/ro\/wp-json\/wp\/v2\/product_cat?post=20301"},{"taxonomy":"product_tag","embeddable":true,"href":"https:\/\/www.customywear.com\/ro\/wp-json\/wp\/v2\/product_tag?post=20301"}],"curies":[{"name":"wp","href":"https:\/\/api.w.org\/{rel}","templated":true}]}}