{"id":20302,"date":"2023-07-28T13:32:48","date_gmt":"2023-07-28T13:32:48","guid":{"rendered":"https:\/\/www.customywear.com\/?post_type=product&#038;p=20302"},"modified":"2026-05-07T15:29:59","modified_gmt":"2026-05-07T15:29:59","slug":"camasa-personalizata-pentru-baiat-inger","status":"publish","type":"product","link":"https:\/\/www.customywear.com\/ro\/custom-angel-boy-airy-shirt\/","title":{"rendered":"Tricou personalizat cu \u00eenger b\u0103iat, aerian | Tricou personalizat cu aripi fantezie"},"content":{"rendered":"<p>Ridic\u0103 visele copilului t\u0103u cu \u00eenc\u00e2nt\u0103torul nostru tricou personalizat cu \u00eenger, o capodoper\u0103 personalizat\u0103 care \u00eel transform\u0103 \u00eentr-o fiin\u021b\u0103 cereasc\u0103. Folosind fotografia copilului t\u0103u, cre\u0103m un portret vectorial captivant care \u00eel prezint\u0103 ca un \u00eenger fermec\u0103tor cu aripi delicate. Acest tricou personalizat unic \u0219i emo\u021bionant este un cadou ideal pentru a s\u0103rb\u0103tori zilele de na\u0219tere \u0219i a aprinde magia imagina\u021biei. Echipa noastr\u0103 dedicat\u0103 de design valorific\u0103 poten\u021bialul creativ al Adobe Illustrator \u0219i Adobe Photoshop pentru a \u00eembina perfect imaginea copilului t\u0103u cu t\u0103r\u00e2mul eteric al fanteziei. Designul este imprimat cu expertiz\u0103 folosind tehnologia DTG de ultim\u0103 genera\u021bie, asigur\u00e2nd culori vibrante \u0219i o durabilitate excep\u021bional\u0103. Disponibile at\u00e2t \u00een \u200b\u200bvariante cu m\u00e2nec\u0103 scurt\u0103, c\u00e2t \u0219i cu m\u00e2nec\u0103 lung\u0103, tricourile noastre unisex se adreseaz\u0103 copiilor de toate v\u00e2rstele, asigur\u00e2nd o potrivire confortabil\u0103 pentru fiecare \u00eenger aspirant. Adaug\u0103 o not\u0103 de fantezie garderobei copilului t\u0103u cu un tricou personalizat care celebreaz\u0103 minunea fanteziei din copil\u0103rie. Colec\u021bia noastr\u0103 prezint\u0103 o gam\u0103 larg\u0103 de modele care surprind esen\u021ba jocului imaginativ, fiecare realizat cu grij\u0103 pentru a crea amintiri de durat\u0103. Fie c\u0103 este vorba de o surpriz\u0103 special\u0103 de ziua de na\u0219tere sau de un plus \u00eenc\u00e2nt\u0103tor pentru \u021binuta de zi cu zi, tricourile noastre personalizate sunt opere de art\u0103 purtabile care inspir\u0103 vise \u0219i creativitate.<\/p>","protected":false},"excerpt":{"rendered":"<p>Transform\u0103 fotografia copilului t\u0103u \u00eentr-o c\u0103ma\u0219\u0103 aerisit\u0103, personalizat\u0103 pentru Angel Boy. Tricoul nostru personalizat Fantasy Wings aduce farmec angelic \u0219i aripi imaginative unui tricou personalizat unic.<\/p>","protected":false},"featured_media":142726,"comment_status":"open","ping_status":"closed","template":"","meta":{"_acf_changed":false},"product_brand":[],"product_cat":[6189,145,6412,6428],"product_tag":[6433,6439,146,65,67,149,73],"class_list":{"0":"post-20302","1":"product","2":"type-product","3":"status-publish","4":"has-post-thumbnail","6":"product_cat-boys-t-shirts","7":"product_cat-custom-gifts-fairy-angels","8":"product_cat-photo-to-tees","9":"product_cat-translate-products","10":"product_tag-ai-artwork","11":"product_tag-ai-kids-artwork","12":"product_tag-angel_shirt","13":"product_tag-kid","14":"product_tag-kids_birthday_shirt","15":"product_tag-toddler_birthday","16":"product_tag-youth-boy","18":"first","19":"instock","20":"taxable","21":"shipping-taxable","22":"purchasable","23":"product-type-simple"},"acf":[],"wcpa_form_fields":null,"_links":{"self":[{"href":"https:\/\/www.customywear.com\/ro\/wp-json\/wp\/v2\/product\/20302","targetHints":{"allow":["GET"]}}],"collection":[{"href":"https:\/\/www.customywear.com\/ro\/wp-json\/wp\/v2\/product"}],"about":[{"href":"https:\/\/www.customywear.com\/ro\/wp-json\/wp\/v2\/types\/product"}],"replies":[{"embeddable":true,"href":"https:\/\/www.customywear.com\/ro\/wp-json\/wp\/v2\/comments?post=20302"}],"wp:featuredmedia":[{"embeddable":true,"href":"https:\/\/www.customywear.com\/ro\/wp-json\/wp\/v2\/media\/142726"}],"wp:attachment":[{"href":"https:\/\/www.customywear.com\/ro\/wp-json\/wp\/v2\/media?parent=20302"}],"wp:term":[{"taxonomy":"product_brand","embeddable":true,"href":"https:\/\/www.customywear.com\/ro\/wp-json\/wp\/v2\/product_brand?post=20302"},{"taxonomy":"product_cat","embeddable":true,"href":"https:\/\/www.customywear.com\/ro\/wp-json\/wp\/v2\/product_cat?post=20302"},{"taxonomy":"product_tag","embeddable":true,"href":"https:\/\/www.customywear.com\/ro\/wp-json\/wp\/v2\/product_tag?post=20302"}],"curies":[{"name":"wp","href":"https:\/\/api.w.org\/{rel}","templated":true}]}}