{"id":20303,"date":"2023-07-28T13:32:49","date_gmt":"2023-07-28T13:32:49","guid":{"rendered":"https:\/\/www.customywear.com\/?post_type=product&#038;p=20303"},"modified":"2026-05-07T15:29:59","modified_gmt":"2026-05-07T15:29:59","slug":"tricou-fata-inger-fata-personalizat","status":"publish","type":"product","link":"https:\/\/www.customywear.com\/ro\/custom-angel-girl-fairy-shirt\/","title":{"rendered":"Tricou personalizat cu z\u00e2n\u0103 dr\u0103gu\u021b\u0103 \u0219i \u00eenger | Tricou personalizat cu fantezie pentru tineri"},"content":{"rendered":"<p>Stimuleaz\u0103 imagina\u021bia copilului t\u0103u cu \u00eenc\u00e2nt\u0103torul nostru tricou personalizat cu o z\u00e2n\u0103 \u00eengera\u0219\u0103, o capodoper\u0103 personalizat\u0103 care \u00eei aduce visele la via\u021b\u0103. Prin magia procesului nostru de design, transform\u0103m fotografia copilului t\u0103u \u00eentr-un portret vectorial captivant, \u00eenf\u0103\u021bi\u0219\u00e2ndu-l ca o z\u00e2n\u0103 adorabil\u0103 cu aripi delicate. Acest tricou personalizat fermec\u0103tor \u0219i emo\u021bionant este cadoul perfect pentru a-i celebra inocen\u021ba \u0219i creativitatea. Echipa noastr\u0103 dedicat\u0103 de design valorific\u0103 puterea creativ\u0103 a Adobe Illustrator \u0219i Adobe Photoshop pentru a \u00eembina perfect imaginea copilului t\u0103u cu lumea fantastic\u0103 a fanteziei. Designul este imprimat meticulos folosind tehnologia DTG de ultim\u0103 genera\u021bie, asigur\u00e2nd culori vibrante \u0219i o durabilitate excep\u021bional\u0103. Disponibile at\u00e2t cu m\u00e2nec\u0103 scurt\u0103, c\u00e2t \u0219i cu m\u00e2nec\u0103 lung\u0103, tricourile noastre unisex se adreseaz\u0103 copiilor de toate v\u00e2rstele, asigur\u00e2nd o potrivire confortabil\u0103 pentru fiecare mic vis\u0103tor. Adaug\u0103 o not\u0103 de farmec garderobei copilului t\u0103u cu un tricou personalizat care celebreaz\u0103 magia fanteziei copil\u0103riei. Colec\u021bia noastr\u0103 divers\u0103 prezint\u0103 o varietate de modele care surprind esen\u021ba jocului imaginativ, fiecare realizat cu grij\u0103 pentru a st\u00e2rni uimire \u0219i \u00eenc\u00e2ntare. Fie c\u0103 este vorba de o ocazie special\u0103 sau de un plus \u00eenc\u00e2nt\u0103tor pentru \u021binuta de zi cu zi, tricourile noastre personalizate sunt opere de art\u0103 care pot fi purtate \u0219i inspir\u0103 vise \u0219i stimuleaz\u0103 creativitatea.<\/p>","protected":false},"excerpt":{"rendered":"<p>Transform\u0103-\u021bi fotografia \u00eentr-o c\u0103ma\u0219\u0103 magic\u0103 de z\u00e2n\u0103 dr\u0103gu\u021b\u0103 \u00eengerat\u0103 personalizat\u0103. Tricoul personalizat Youth Fantasy adaug\u0103 aripi de z\u00e2n\u0103 capricioase \u0219i farmec pentru un design unic \u0219i \u00eenc\u00e2nt\u0103tor pe care copilul dumneavoastr\u0103 \u00eel va adora.<\/p>","protected":false},"featured_media":142733,"comment_status":"open","ping_status":"closed","template":"","meta":{"_acf_changed":false},"product_brand":[],"product_cat":[6193,145,6412,6428],"product_tag":[6433,6439,146,65,67,149,156],"class_list":{"0":"post-20303","1":"product","2":"type-product","3":"status-publish","4":"has-post-thumbnail","6":"product_cat-girls-t-shirts","7":"product_cat-custom-gifts-fairy-angels","8":"product_cat-photo-to-tees","9":"product_cat-translate-products","10":"product_tag-ai-artwork","11":"product_tag-ai-kids-artwork","12":"product_tag-angel_shirt","13":"product_tag-kid","14":"product_tag-kids_birthday_shirt","15":"product_tag-toddler_birthday","16":"product_tag-youth-girl","18":"first","19":"instock","20":"taxable","21":"shipping-taxable","22":"purchasable","23":"product-type-simple"},"acf":[],"wcpa_form_fields":null,"_links":{"self":[{"href":"https:\/\/www.customywear.com\/ro\/wp-json\/wp\/v2\/product\/20303","targetHints":{"allow":["GET"]}}],"collection":[{"href":"https:\/\/www.customywear.com\/ro\/wp-json\/wp\/v2\/product"}],"about":[{"href":"https:\/\/www.customywear.com\/ro\/wp-json\/wp\/v2\/types\/product"}],"replies":[{"embeddable":true,"href":"https:\/\/www.customywear.com\/ro\/wp-json\/wp\/v2\/comments?post=20303"}],"wp:featuredmedia":[{"embeddable":true,"href":"https:\/\/www.customywear.com\/ro\/wp-json\/wp\/v2\/media\/142733"}],"wp:attachment":[{"href":"https:\/\/www.customywear.com\/ro\/wp-json\/wp\/v2\/media?parent=20303"}],"wp:term":[{"taxonomy":"product_brand","embeddable":true,"href":"https:\/\/www.customywear.com\/ro\/wp-json\/wp\/v2\/product_brand?post=20303"},{"taxonomy":"product_cat","embeddable":true,"href":"https:\/\/www.customywear.com\/ro\/wp-json\/wp\/v2\/product_cat?post=20303"},{"taxonomy":"product_tag","embeddable":true,"href":"https:\/\/www.customywear.com\/ro\/wp-json\/wp\/v2\/product_tag?post=20303"}],"curies":[{"name":"wp","href":"https:\/\/api.w.org\/{rel}","templated":true}]}}