{"id":20306,"date":"2023-07-28T13:32:51","date_gmt":"2023-07-28T13:32:51","guid":{"rendered":"https:\/\/www.customywear.com\/?post_type=product&#038;p=20306"},"modified":"2026-05-07T15:29:59","modified_gmt":"2026-05-07T15:29:59","slug":"tricou-fata-araba-hijab-personalizat","status":"publish","type":"product","link":"https:\/\/www.customywear.com\/ro\/custom-arabian-girl-hijab-shirt\/","title":{"rendered":"Personalizat Fat\u0103 Arab Hijab Tricou | Personalizate Culturale Tee Copii"},"content":{"rendered":"<p>Ridica\u021bi experien\u021ba cultural\u0103 a copilului dumneavoastr\u0103 cu \u00eenc\u00e2nt\u0103torul nostru tricou hijab personalizat pentru fete arabe, un tribut personalizat adus frumuse\u021bii \u0219i gra\u021biei tradi\u021biilor arabe. Prin atingerea artistic\u0103 a procesului nostru de design, transform\u0103m fotografia fetei dumneavoastr\u0103 \u00eentr-un portret vectorial captivant, \u00eenf\u0103\u021bi\u0219\u00e2ndu-l \u00eembr\u0103cat \u00eentr-o splendid\u0103 rochie tradi\u021bional\u0103 arab\u0103, completat\u0103 cu hijab. Acest tricou personalizat unic \u0219i emo\u021bionant este un cadou semnificativ care celebreaz\u0103 diversitatea cultural\u0103 \u0219i inspir\u0103 un sentiment de m\u00e2ndrie cultural\u0103. Valorific\u00e2nd puterea creativ\u0103 a Adobe Illustrator \u0219i Adobe Photoshop, echipa noastr\u0103 de exper\u021bi \u00een design creeaz\u0103 meticulos o fuziune armonioas\u0103 \u00eentre imaginea copilului dumneavoastr\u0103 \u0219i detaliile complexe ale esteticii arabe. Folosind tehnologia de imprimare DTG de ultim\u0103 genera\u021bie, ne asigur\u0103m c\u0103 designul se m\u00e2ndre\u0219te cu culori izbitoare \u0219i o calitate durabil\u0103. Disponibile at\u00e2t \u00een \u200b\u200bvariante cu m\u00e2nec\u0103 scurt\u0103, c\u00e2t \u0219i cu m\u00e2nec\u0103 lung\u0103, tricourile noastre unisex se adreseaz\u0103 copiilor \u0219i tinerilor de toate v\u00e2rstele, oferind o croial\u0103 confortabil\u0103 \u0219i elegant\u0103. S\u0103rb\u0103tori\u021bi bog\u0103\u021bia mo\u0219tenirii \u0219i frumuse\u021bea expresiei culturale cu un tricou personalizat care \u00eembin\u0103 perfect tradi\u021bia cu stilul contemporan. Colec\u021bia noastr\u0103 extins\u0103 prezint\u0103 o multitudine de modele care onoreaz\u0103 culturi diverse, fiecare meticulos realizat pentru a promova aprecierea cultural\u0103 \u0219i a cultiva un sentiment puternic de identitate. Fie c\u0103 este vorba de o amintire pre\u021bioas\u0103 sau de o completare la mod\u0103 a garderobei lor, tricourile noastre personalizate servesc drept m\u0103rturii purtabile ale m\u00e2ndriei \u0219i unit\u0103\u021bii culturale, reduc\u00e2nd decalajul dintre genera\u021bii \u0219i inspir\u00e2nd min\u021bile tinere s\u0103 \u00eembr\u0103\u021bi\u0219eze lumea din jurul lor.<\/p>","protected":false},"excerpt":{"rendered":"<p>Transform\u0103-\u021bi fotografia \u00eentr-o c\u0103ma\u0219\u0103 frumoas\u0103 cu hijab arab\u0103 personalizat\u0103. Tricoul nostru cultural personalizat pentru copii eviden\u021biaz\u0103 tradi\u021bia \u0219i farmecul \u00eentr-un tricou personalizat unic.<\/p>","protected":false},"featured_media":142482,"comment_status":"open","ping_status":"closed","template":"","meta":{"_acf_changed":false},"product_brand":[],"product_cat":[6193,179,6412,6428],"product_tag":[6433,6439,64,65,67,156],"class_list":{"0":"post-20306","1":"product","2":"type-product","3":"status-publish","4":"has-post-thumbnail","6":"product_cat-girls-t-shirts","7":"product_cat-custom-gifts-arabic-culture","8":"product_cat-photo-to-tees","9":"product_cat-translate-products","10":"product_tag-ai-artwork","11":"product_tag-ai-kids-artwork","12":"product_tag-country_shirts","13":"product_tag-kid","14":"product_tag-kids_birthday_shirt","15":"product_tag-youth-girl","17":"first","18":"instock","19":"taxable","20":"shipping-taxable","21":"purchasable","22":"product-type-simple"},"acf":[],"wcpa_form_fields":null,"_links":{"self":[{"href":"https:\/\/www.customywear.com\/ro\/wp-json\/wp\/v2\/product\/20306","targetHints":{"allow":["GET"]}}],"collection":[{"href":"https:\/\/www.customywear.com\/ro\/wp-json\/wp\/v2\/product"}],"about":[{"href":"https:\/\/www.customywear.com\/ro\/wp-json\/wp\/v2\/types\/product"}],"replies":[{"embeddable":true,"href":"https:\/\/www.customywear.com\/ro\/wp-json\/wp\/v2\/comments?post=20306"}],"wp:featuredmedia":[{"embeddable":true,"href":"https:\/\/www.customywear.com\/ro\/wp-json\/wp\/v2\/media\/142482"}],"wp:attachment":[{"href":"https:\/\/www.customywear.com\/ro\/wp-json\/wp\/v2\/media?parent=20306"}],"wp:term":[{"taxonomy":"product_brand","embeddable":true,"href":"https:\/\/www.customywear.com\/ro\/wp-json\/wp\/v2\/product_brand?post=20306"},{"taxonomy":"product_cat","embeddable":true,"href":"https:\/\/www.customywear.com\/ro\/wp-json\/wp\/v2\/product_cat?post=20306"},{"taxonomy":"product_tag","embeddable":true,"href":"https:\/\/www.customywear.com\/ro\/wp-json\/wp\/v2\/product_tag?post=20306"}],"curies":[{"name":"wp","href":"https:\/\/api.w.org\/{rel}","templated":true}]}}