{"id":20307,"date":"2023-07-28T13:32:53","date_gmt":"2023-07-28T13:32:53","guid":{"rendered":"https:\/\/www.customywear.com\/?post_type=product&#038;p=20307"},"modified":"2026-05-05T20:24:12","modified_gmt":"2026-05-05T20:24:12","slug":"tricou-barbat-arab-personalizat","status":"publish","type":"product","link":"https:\/\/www.customywear.com\/ro\/custom-arabian-man-shirt\/","title":{"rendered":"C\u0103ma\u0219\u0103 b\u0103rb\u0103teasc\u0103 arab\u0103 personalizat\u0103 | Tricou personalizat pentru iubitorii de c\u0103l\u0103torii"},"content":{"rendered":"<p>Porne\u0219te \u00eentr-o c\u0103l\u0103torie personalizat\u0103 a stilului \u0219i culturii cu rafinata noastr\u0103 c\u0103ma\u0219\u0103 b\u0103rb\u0103teasc\u0103 arabic\u0103 personalizat\u0103, conceput\u0103 pentru a surprinde esen\u021ba tradi\u021biei \u0219i a poftei de c\u0103l\u0103torie. Artizanii no\u0219tri pricepu\u021bi utilizeaz\u0103 puterea Adobe Illustrator \u0219i Adobe Photoshop pentru a transforma fotografia ta \u00eentr-un portret vectorial captivant, care d\u0103 via\u021b\u0103 farmecului unei \u021binute tradi\u021bionale arabe. Acest tricou personalizat unic nu este doar o declara\u021bie de mod\u0103, ci \u0219i un suvenir pre\u021bios at\u00e2t pentru pasiona\u021bii de c\u0103l\u0103torii, c\u00e2t \u0219i pentru pasiona\u021bii de cultur\u0103. R\u0103sfa\u021b\u0103-te cu farmecul mo\u0219tenirii arabe cu o not\u0103 de stil contemporan. Designul premium de art\u0103 vectorial\u0103, realizat meticulos de echipa noastr\u0103, \u00eempodobe\u0219te at\u00e2t tricourile noastre unisex cu m\u00e2nec\u0103 scurt\u0103, c\u00e2t \u0219i cu m\u00e2nec\u0103 lung\u0103. Detaliile complexe \u0219i culorile vibrante sunt aduse la via\u021b\u0103 prin tehnologia avansat\u0103 de imprimare DTG, asigur\u00e2ndu-se c\u0103 tricoul t\u0103u personalizat eman\u0103 o calitate \u0219i un stil de neegalat. Fie c\u0103 explorezi \u021binuturi \u00eendep\u0103rtate sau pur \u0219i simplu \u00ee\u021bi \u00eembr\u0103\u021bi\u0219ezi r\u0103d\u0103cinile culturale, acest tricou personalizat devine un plus versatil pentru garderoba ta. S\u0103rb\u0103tore\u0219te-\u021bi dragostea pentru c\u0103l\u0103torii, cultur\u0103 \u0219i exprimare de sine cu un tricou personalizat care surprinde spiritul aventurii \u0219i al diversit\u0103\u021bii. Fiecare c\u0103ma\u0219\u0103 este o p\u00e2nz\u0103 a ingeniozit\u0103\u021bii artistice, invit\u00e2ndu-v\u0103 s\u0103 v\u0103 etala\u021bi identitatea \u0219i pasiunile unice. Colec\u021bia noastr\u0103 se extinde dincolo de grani\u021be, oferind o gam\u0103 larg\u0103 de modele care se adreseaz\u0103 adul\u021bilor, tinerilor, copiilor \u0219i copiilor mici. Permite\u021bi hainelor dumneavoastr\u0103 s\u0103 vorbeasc\u0103 despre individualitatea dumneavoastr\u0103, pre\u021buind \u00een acela\u0219i timp amintirile care au inspirat crearea lor.<\/p>","protected":false},"excerpt":{"rendered":"<p>Face\u021bi orice fotografie s\u0103 prind\u0103 via\u021b\u0103 pe o c\u0103ma\u0219\u0103 personalizat\u0103 de b\u0103rbat arab. Tricoul personalizat de dragoste de c\u0103l\u0103torie \u00eembin\u0103 flerul cultural \u0219i aventura \u00eentr-un design unic, personalizat de tricou.<\/p>","protected":false},"featured_media":142461,"comment_status":"open","ping_status":"closed","template":"","meta":{"_acf_changed":false},"product_brand":[],"product_cat":[6195,6157,6156,179,186,6345,6412,6428],"product_tag":[6433,193,6216,209],"class_list":{"0":"post-20307","1":"product","2":"type-product","3":"status-publish","4":"has-post-thumbnail","6":"product_cat-t-shirts-men","7":"product_cat-country","8":"product_cat-culture","9":"product_cat-custom-gifts-arabic-culture","10":"product_cat-men","11":"product_cat-mens-country-culture-t-shirts","12":"product_cat-photo-to-tees","13":"product_cat-translate-products","14":"product_tag-ai-artwork","15":"product_tag-boyfriend_gift","16":"product_tag-mens-custom-t-shirts","17":"product_tag-travel_lover_gift","19":"first","20":"instock","21":"taxable","22":"shipping-taxable","23":"purchasable","24":"product-type-simple"},"acf":[],"wcpa_form_fields":null,"_links":{"self":[{"href":"https:\/\/www.customywear.com\/ro\/wp-json\/wp\/v2\/product\/20307","targetHints":{"allow":["GET"]}}],"collection":[{"href":"https:\/\/www.customywear.com\/ro\/wp-json\/wp\/v2\/product"}],"about":[{"href":"https:\/\/www.customywear.com\/ro\/wp-json\/wp\/v2\/types\/product"}],"replies":[{"embeddable":true,"href":"https:\/\/www.customywear.com\/ro\/wp-json\/wp\/v2\/comments?post=20307"}],"wp:featuredmedia":[{"embeddable":true,"href":"https:\/\/www.customywear.com\/ro\/wp-json\/wp\/v2\/media\/142461"}],"wp:attachment":[{"href":"https:\/\/www.customywear.com\/ro\/wp-json\/wp\/v2\/media?parent=20307"}],"wp:term":[{"taxonomy":"product_brand","embeddable":true,"href":"https:\/\/www.customywear.com\/ro\/wp-json\/wp\/v2\/product_brand?post=20307"},{"taxonomy":"product_cat","embeddable":true,"href":"https:\/\/www.customywear.com\/ro\/wp-json\/wp\/v2\/product_cat?post=20307"},{"taxonomy":"product_tag","embeddable":true,"href":"https:\/\/www.customywear.com\/ro\/wp-json\/wp\/v2\/product_tag?post=20307"}],"curies":[{"name":"wp","href":"https:\/\/api.w.org\/{rel}","templated":true}]}}