{"id":20308,"date":"2023-07-28T13:32:55","date_gmt":"2023-07-28T13:32:55","guid":{"rendered":"https:\/\/www.customywear.com\/?post_type=product&#038;p=20308"},"modified":"2026-05-05T20:23:37","modified_gmt":"2026-05-05T20:23:37","slug":"camasa-de-femeie-araba-personalizata","status":"publish","type":"product","link":"https:\/\/www.customywear.com\/ro\/custom-arabian-woman-shirt\/","title":{"rendered":"Tricou personalizat pentru femei arabe | Tricou personalizat cu hijab pentru prietena arab\u0103"},"content":{"rendered":"<p>Ridica\u021bi-v\u0103 stilul cu superba noastr\u0103 C\u0103ma\u0219\u0103 Arab\u0103 Personalizat\u0103 pentru Femei, o capodoper\u0103 personalizat\u0103 care \u00eembin\u0103 tradi\u021bia \u0219i arta contemporan\u0103. Prin fuziunea dintre fotografia dvs. \u0219i arta noastr\u0103 vectorial\u0103 portretistic\u0103, realizat\u0103 cu m\u0103iestrie, ve\u021bi \u00eentruchipa elegan\u021ba unei rochii tradi\u021bionale arabe, combinat\u0103 cu farmecul modern al unui tricou personalizat. Acest design unic \u0219i atent conceput reprezint\u0103 un cadou excep\u021bional, perfect pentru pasiona\u021bii de c\u0103l\u0103torii \u0219i exploratorii culturali. Experimenta\u021bi sinergia dintre tehnologie \u0219i creativitate, utiliz\u00e2nd Adobe Illustrator \u0219i Adobe Photoshop pentru a transforma fotografia dvs. \u00eentr-o oper\u0103 de art\u0103 purtabil\u0103. Tricoul nostru personalizat se m\u00e2ndre\u0219te cu art\u0103 vectorial\u0103 premium, meticulos creat\u0103 pentru a surprinde esen\u021ba mo\u0219tenirii arabe. Cu tehnologia avansat\u0103 de imprimare DTG, detaliile complexe \u0219i culorile vibrante prind via\u021b\u0103, asigur\u00e2ndu-v\u0103 c\u0103 tricoul dvs. personalizat este o dovad\u0103 a m\u0103iestriei superioare. S\u0103rb\u0103tori\u021bi diversitatea \u0219i exprimarea de sine cu un design de tricou unisex pentru adul\u021bi, cu m\u00e2nec\u0103 scurt\u0103 \u0219i cu m\u00e2nec\u0103 lung\u0103, care transcende grani\u021bele. Disponibil\u0103 at\u00e2t pentru adul\u021bi \u0219i tineri, c\u00e2t \u0219i pentru copii \u0219i copii mici, colec\u021bia noastr\u0103 ofer\u0103 o gam\u0103 larg\u0103 de modele pentru a se potrivi fiec\u0103rei persoane. Angajamentul nostru fa\u021b\u0103 de calitate, combinat cu op\u021biunea de personalizare cu propria ta not\u0103 unic\u0103, face din acest tricou o completare pre\u021buit\u0103 pentru garderoba ta. Exprim\u0103-\u021bi dragostea pentru cultur\u0103, mod\u0103 \u0219i individualitate cu un tricou personalizat care \u00ee\u021bi spune povestea.<\/p>","protected":false},"excerpt":{"rendered":"<p>Transform\u0103-\u021bi fotografia \u00eentr-o c\u0103ma\u0219\u0103 superb\u0103 de femeie arab\u0103 personalizat\u0103. Tricoul personalizat pentru prietena arab\u0103 Hijab prezint\u0103 elegan\u021b\u0103 \u0219i m\u00e2ndrie cultural\u0103 pe un tricou personalizat unic.<\/p>","protected":false},"featured_media":142468,"comment_status":"open","ping_status":"closed","template":"","meta":{"_acf_changed":false},"product_brand":[],"product_cat":[6191,179,6412,6428,6355],"product_tag":[6214,6433,229,6215,209,112],"class_list":{"0":"post-20308","1":"product","2":"type-product","3":"status-publish","4":"has-post-thumbnail","6":"product_cat-t-shirts-women","7":"product_cat-custom-gifts-arabic-culture","8":"product_cat-photo-to-tees","9":"product_cat-translate-products","10":"product_cat-womens-culture-country-t-shirts","11":"product_tag-affordable-custom-t-shirts","12":"product_tag-ai-artwork","13":"product_tag-custom-tee-shirts","14":"product_tag-screen-printing-near-me","15":"product_tag-travel_lover_gift","16":"product_tag-women","18":"first","19":"instock","20":"taxable","21":"shipping-taxable","22":"purchasable","23":"product-type-simple"},"acf":[],"wcpa_form_fields":null,"_links":{"self":[{"href":"https:\/\/www.customywear.com\/ro\/wp-json\/wp\/v2\/product\/20308","targetHints":{"allow":["GET"]}}],"collection":[{"href":"https:\/\/www.customywear.com\/ro\/wp-json\/wp\/v2\/product"}],"about":[{"href":"https:\/\/www.customywear.com\/ro\/wp-json\/wp\/v2\/types\/product"}],"replies":[{"embeddable":true,"href":"https:\/\/www.customywear.com\/ro\/wp-json\/wp\/v2\/comments?post=20308"}],"wp:featuredmedia":[{"embeddable":true,"href":"https:\/\/www.customywear.com\/ro\/wp-json\/wp\/v2\/media\/142468"}],"wp:attachment":[{"href":"https:\/\/www.customywear.com\/ro\/wp-json\/wp\/v2\/media?parent=20308"}],"wp:term":[{"taxonomy":"product_brand","embeddable":true,"href":"https:\/\/www.customywear.com\/ro\/wp-json\/wp\/v2\/product_brand?post=20308"},{"taxonomy":"product_cat","embeddable":true,"href":"https:\/\/www.customywear.com\/ro\/wp-json\/wp\/v2\/product_cat?post=20308"},{"taxonomy":"product_tag","embeddable":true,"href":"https:\/\/www.customywear.com\/ro\/wp-json\/wp\/v2\/product_tag?post=20308"}],"curies":[{"name":"wp","href":"https:\/\/api.w.org\/{rel}","templated":true}]}}