{"id":20340,"date":"2023-07-28T13:33:20","date_gmt":"2023-07-28T13:33:20","guid":{"rendered":"https:\/\/www.customywear.com\/?post_type=product&#038;p=20340"},"modified":"2026-05-05T20:23:37","modified_gmt":"2026-05-05T20:23:37","slug":"tricou-personalizat-pentru-femeie-yoga-cu-fluture","status":"publish","type":"product","link":"https:\/\/www.customywear.com\/ro\/custom-butterfly-yoga-woman-t-shirt\/","title":{"rendered":"Tricou personalizat cu fluturi de yoga pentru femeie | Tricou personalizat inspirat din natur\u0103"},"content":{"rendered":"<p>\u00cembun\u0103t\u0103\u021be\u0219te-\u021bi experien\u021ba yoga cu tricoul nostru personalizat Butterfly Yoga pentru femei, o combina\u021bie armonioas\u0103 de art\u0103 personalizat\u0103 \u0219i natur\u0103 senin\u0103. Cufund\u0103-te \u00een lumea mi\u0219c\u0103rii con\u0219tiente \u00een timp ce \u00ee\u021bi surprindem esen\u021ba \u00eentr-o postur\u0103 de yoga captivant\u0103, completat\u0103 de aripi de fluture gra\u021bioase \u00een mijlocul mun\u021bilor maiestuo\u0219i. Acest tricou unic este o dovad\u0103 a dedic\u0103rii tale fa\u021b\u0103 de yoga \u0219i a dragostei tale pentru natur\u0103, permi\u021b\u00e2ndu-\u021bi s\u0103-\u021bi por\u021bi pasiunile cu m\u00e2ndrie.<\/p>\n<p>Imagineaz\u0103-te ca un \u00eenger de yoga, o \u00eentruchipare gra\u021bioas\u0103 a for\u021bei \u0219i lini\u0219tii, \u00eempodobit\u0103 cu farmecul aripilor de fluture. Arti\u0219tii no\u0219tri pricepu\u021bi utilizeaz\u0103 m\u0103iestria creativ\u0103 a programelor Adobe Illustrator \u0219i Adobe Photoshop pentru a crea un portret vectorial uimitor care s\u0103-\u021bi dea via\u021b\u0103 practicii de yoga. Prin imprimare DTG meticuloas\u0103, designul vibrant este imortalizat pe un tricou unisex de \u00eenalt\u0103 calitate, asigur\u00e2nd o conexiune durabil\u0103 \u00eentre tine \u0219i frumuse\u021bea naturii.<\/p>\n<p>Acest tricou personalizat transcende grani\u021bele, adres\u00e2ndu-se at\u00e2t femeilor, adul\u021bilor, tinerilor, copiilor, c\u00e2t \u0219i celor mici. Fie c\u0103 sunte\u021bi \u00een c\u0103utarea unui companion pentru antrenament, a unui cadou de ziua de na\u0219tere sau a unui semn de apreciere pentru un coleg yoghin, tricoul nostru personalizat cu fluturi de yoga pentru femei rezoneaz\u0103 la un nivel profund. Descoperi\u021bi bucuria artei purtabile \u0219i explora\u021bi gama noastr\u0103 de modele similare, fiecare oferind o fereastr\u0103 unic\u0103 asupra pasiunilor dumneavoastr\u0103, disponibil\u0103 at\u00e2t pentru oameni, c\u00e2t \u0219i pentru animalele lor de companie dragi.<\/p>","protected":false},"excerpt":{"rendered":"<p>G\u0103si\u021bi echilibrul cu un tricou personalizat de yoga fluture. Tricourile personalizate inspirate din natur\u0103 transform\u0103 orice fotografie \u00eentr-un tricou calmant, unic.<\/p>","protected":false},"featured_media":143212,"comment_status":"open","ping_status":"closed","template":"","meta":{"_acf_changed":false},"product_brand":[],"product_cat":[6191,6412,6428,6362,6248],"product_tag":[6433,6217,576,326,112,594],"class_list":{"0":"post-20340","1":"product","2":"type-product","3":"status-publish","4":"has-post-thumbnail","6":"product_cat-t-shirts-women","7":"product_cat-photo-to-tees","8":"product_cat-translate-products","9":"product_cat-womens-yoga-t-shirts","10":"product_cat-yoga-gifts","11":"product_tag-ai-artwork","12":"product_tag-custom-t-shirt","13":"product_tag-cute-yoga-shirts","14":"product_tag-sports","15":"product_tag-women","16":"product_tag-yoga_tee_shirt","18":"first","19":"instock","20":"taxable","21":"shipping-taxable","22":"purchasable","23":"product-type-simple"},"acf":[],"wcpa_form_fields":null,"_links":{"self":[{"href":"https:\/\/www.customywear.com\/ro\/wp-json\/wp\/v2\/product\/20340","targetHints":{"allow":["GET"]}}],"collection":[{"href":"https:\/\/www.customywear.com\/ro\/wp-json\/wp\/v2\/product"}],"about":[{"href":"https:\/\/www.customywear.com\/ro\/wp-json\/wp\/v2\/types\/product"}],"replies":[{"embeddable":true,"href":"https:\/\/www.customywear.com\/ro\/wp-json\/wp\/v2\/comments?post=20340"}],"wp:featuredmedia":[{"embeddable":true,"href":"https:\/\/www.customywear.com\/ro\/wp-json\/wp\/v2\/media\/143212"}],"wp:attachment":[{"href":"https:\/\/www.customywear.com\/ro\/wp-json\/wp\/v2\/media?parent=20340"}],"wp:term":[{"taxonomy":"product_brand","embeddable":true,"href":"https:\/\/www.customywear.com\/ro\/wp-json\/wp\/v2\/product_brand?post=20340"},{"taxonomy":"product_cat","embeddable":true,"href":"https:\/\/www.customywear.com\/ro\/wp-json\/wp\/v2\/product_cat?post=20340"},{"taxonomy":"product_tag","embeddable":true,"href":"https:\/\/www.customywear.com\/ro\/wp-json\/wp\/v2\/product_tag?post=20340"}],"curies":[{"name":"wp","href":"https:\/\/api.w.org\/{rel}","templated":true}]}}