{"id":20350,"date":"2023-07-28T13:34:00","date_gmt":"2023-07-28T13:34:00","guid":{"rendered":"https:\/\/www.customywear.com\/?post_type=product&#038;p=20350"},"modified":"2026-05-07T15:29:56","modified_gmt":"2026-05-07T15:29:56","slug":"camasa-personalizata-pentru-baiat-pentru-tineret","status":"publish","type":"product","link":"https:\/\/www.customywear.com\/ro\/custom-caveman-youth-boy-shirt\/","title":{"rendered":"Tricou personalizat pentru tineri b\u0103ie\u021bi cu personajul \u201eOmul cavernelor\u201d | Tricou personalizat pentru copii cu tematic\u0103 african\u0103 antic\u0103"},"content":{"rendered":"<p>P\u0103\u0219i\u021bi \u00een trecut cu tricoul nostru personalizat pentru copii cu Omul Cavernelor, o celebrare juc\u0103u\u0219\u0103 \u0219i personalizat\u0103 a timpurilor str\u0103vechi. Transporta\u021bi-v\u0103 copilul \u00een t\u0103r\u00e2mul imagina\u021biei \u00een timp ce cre\u0103m un portret vectorial din fotografia copilului dumneavoastr\u0103, transform\u00e2ndu-l \u00eentr-un om al cavernelor antic \u00eendr\u0103gitor. Acest tricou creativ pentru copii este mai mult dec\u00e2t o simpl\u0103 \u00eembr\u0103c\u0103minte; este un cadou \u00eenc\u00e2nt\u0103tor \u0219i amuzant care surprinde spiritul curiozit\u0103\u021bii tinere\u0219ti. Imagineaz\u0103-\u021bi copilul ca pe un t\u00e2n\u0103r om al cavernelor aventuros, care eman\u0103 farmecul \u0219i umorul timpurilor str\u0103vechi, aduse la via\u021b\u0103 prin fine\u021bea artistic\u0103 a Adobe Illustrator \u0219i Adobe Photoshop. Designerii no\u0219tri pricepu\u021bi detaliaz\u0103 meticulos fiecare element, rezult\u00e2nd o portretizare captivant\u0103 vizual ce surprinde esen\u021ba explor\u0103rii juc\u0103u\u0219e. Prin imprimarea meticuloas\u0103 DTG, acest tricou unisex de \u00eenalt\u0103 calitate devine o p\u00e2nz\u0103 a bucuriei \u0219i r\u00e2sului, asigur\u00e2nd o conexiune durabil\u0103 \u00eentre copilul dumneavoastr\u0103 \u0219i capodopera sa personalizat\u0103. Experimenta\u021bi bucuria personaliz\u0103rii cu m\u0103rimi disponibile pentru tineri, copii \u0219i copii mici, f\u0103c\u00e2nd din acest tricou un cadou perfect pentru tinerii aventurieri \u0219i pasiona\u021bii de istorie. Cufund\u0103-te \u00een lumea artei purtabile \u0219i exploreaz\u0103 o gam\u0103 de modele similare care \u00eembr\u0103\u021bi\u0219eaz\u0103 spiritul distrac\u021biei \u0219i creativit\u0103\u021bii, toate personalizabile at\u00e2t cu fe\u021be umane, c\u00e2t \u0219i cu cele de animale de companie. St\u00e2rne\u0219te imagina\u021bia copilului t\u0103u \u0219i \u00eemp\u0103rt\u0103\u0219e\u0219te r\u00e2sul cu un tricou personalizat care surprinde esen\u021ba minun\u0103\u021biei \u0219i veseliei tinere\u021bii.<\/p>","protected":false},"excerpt":{"rendered":"<p>Da\u021bi via\u021b\u0103 istoriei cu o c\u0103ma\u0219\u0103 personalizat\u0103 pentru tineret de om cavernist. Tricoul nostru personalizat Ancient African Kids transform\u0103 orice fotografie \u00eentr-un tricou personalizat unic, cu tematic\u0103 antic\u0103.<\/p>","protected":false},"featured_media":142609,"comment_status":"open","ping_status":"closed","template":"","meta":{"_acf_changed":false},"product_brand":[],"product_cat":[6189,691,6412,6428],"product_tag":[6433,6439,694,65,67,73],"class_list":{"0":"post-20350","1":"product","2":"type-product","3":"status-publish","4":"has-post-thumbnail","6":"product_cat-boys-t-shirts","7":"product_cat-custom-gifts-caveman","8":"product_cat-photo-to-tees","9":"product_cat-translate-products","10":"product_tag-ai-artwork","11":"product_tag-ai-kids-artwork","12":"product_tag-children_birthday","13":"product_tag-kid","14":"product_tag-kids_birthday_shirt","15":"product_tag-youth-boy","17":"first","18":"instock","19":"taxable","20":"shipping-taxable","21":"purchasable","22":"product-type-simple"},"acf":[],"wcpa_form_fields":null,"_links":{"self":[{"href":"https:\/\/www.customywear.com\/ro\/wp-json\/wp\/v2\/product\/20350","targetHints":{"allow":["GET"]}}],"collection":[{"href":"https:\/\/www.customywear.com\/ro\/wp-json\/wp\/v2\/product"}],"about":[{"href":"https:\/\/www.customywear.com\/ro\/wp-json\/wp\/v2\/types\/product"}],"replies":[{"embeddable":true,"href":"https:\/\/www.customywear.com\/ro\/wp-json\/wp\/v2\/comments?post=20350"}],"wp:featuredmedia":[{"embeddable":true,"href":"https:\/\/www.customywear.com\/ro\/wp-json\/wp\/v2\/media\/142609"}],"wp:attachment":[{"href":"https:\/\/www.customywear.com\/ro\/wp-json\/wp\/v2\/media?parent=20350"}],"wp:term":[{"taxonomy":"product_brand","embeddable":true,"href":"https:\/\/www.customywear.com\/ro\/wp-json\/wp\/v2\/product_brand?post=20350"},{"taxonomy":"product_cat","embeddable":true,"href":"https:\/\/www.customywear.com\/ro\/wp-json\/wp\/v2\/product_cat?post=20350"},{"taxonomy":"product_tag","embeddable":true,"href":"https:\/\/www.customywear.com\/ro\/wp-json\/wp\/v2\/product_tag?post=20350"}],"curies":[{"name":"wp","href":"https:\/\/api.w.org\/{rel}","templated":true}]}}