{"id":20352,"date":"2023-07-28T13:34:06","date_gmt":"2023-07-28T13:34:06","guid":{"rendered":"https:\/\/www.customywear.com\/?post_type=product&#038;p=20352"},"modified":"2026-05-05T20:24:12","modified_gmt":"2026-05-05T20:24:12","slug":"camasa-barbateasca-personalizata-in-stil-chinezesc","status":"publish","type":"product","link":"https:\/\/www.customywear.com\/ro\/custom-chinese-dressed-men-shirt\/","title":{"rendered":"C\u0103ma\u0219\u0103 b\u0103rb\u0103teasc\u0103 personalizat\u0103, \u00eembr\u0103cat\u0103 \u00een stil chinezesc | Tricou personalizat pentru rochii tradi\u021bionale"},"content":{"rendered":"<p>P\u0103\u0219e\u0219te \u00eentr-o lume a culturii \u0219i umorului cu c\u0103ma\u0219a noastr\u0103 personalizat\u0103 pentru b\u0103rba\u021bi, \u00eembr\u0103ca\u021bi \u00een haine chineze\u0219ti, un tribut personalizat adus tradi\u021biei \u0219i creativit\u0103\u021bii. Experimenteaz\u0103 bucuria de a deveni parte a istoriei \u00een timp ce \u00ee\u021bi transform\u0103m fotografia \u00eentr-un portret vectorial captivant, \u00eenf\u0103\u021bi\u0219\u00e2ndu-te \u00eembr\u0103cat \u00eentr-o rochie tradi\u021bional\u0103 chinezeasc\u0103. Acest tricou personalizat este mai mult dec\u00e2t o simpl\u0103 \u00eembr\u0103c\u0103minte; este o celebrare a explor\u0103rii culturale \u0219i un cadou unic care \u00eembin\u0103 tradi\u021bia cu umorul modern. Vizualizeaz\u0103-te \u00eembr\u0103c\u00e2nd o rochie tradi\u021bional\u0103 chinezeasc\u0103, \u00eembin\u00e2nd perfect elegan\u021ba trecutului cu distrac\u021bia prezentului, adus\u0103 la via\u021b\u0103 prin m\u0103iestria artistic\u0103 a programelor Adobe Illustrator \u0219i Adobe Photoshop. Designerii no\u0219tri pricepu\u021bi lucreaz\u0103 meticulos fiecare detaliu, rezult\u00e2nd o portretizare vizual\u0103 uimitoare \u0219i vesel\u0103, care surprinde esen\u021ba fuziunii culturale. Prin imprimarea meticuloas\u0103 DTG, acest tricou unisex de \u00eenalt\u0103 calitate devine o p\u00e2nz\u0103 a auto-exprim\u0103rii, asigur\u00e2nd o conexiune durabil\u0103 \u00eentre tine \u0219i capodopera ta personalizat\u0103. Experimenteaz\u0103 bucuria personaliz\u0103rii, cu m\u0103rimi disponibile pentru adul\u021bi, tineri, copii \u0219i copii mici, f\u0103c\u00e2nd din acest tricou un cadou perfect pentru cei care apreciaz\u0103 tradi\u021bia \u0219i r\u00e2sul. Cufund\u0103-te \u00een lumea artei vestimentare \u0219i exploreaz\u0103 o gam\u0103 de modele similare care celebreaz\u0103 cultura \u0219i creativitatea, toate personalizabile at\u00e2t cu fe\u021be umane, c\u00e2t \u0219i cu fe\u021be de animale de companie. \u00cembr\u0103\u021bi\u0219eaz\u0103-\u021bi mo\u0219tenirea cu un tricou personalizat care surprinde frumos spiritul tradi\u021biei \u0219i expresia modern\u0103.<\/p>","protected":false},"excerpt":{"rendered":"<p>S\u0103rb\u0103tore\u0219te cultura cu o c\u0103ma\u0219\u0103 personalizat\u0103 pentru b\u0103rba\u021bi \u00eembr\u0103ca\u021bi \u00een chinez\u0103. Tricoul personalizat de rochie tradi\u021bional\u0103 transform\u0103 orice fotografie \u00eentr-un tricou unic, inspirat cultural.<\/p>","protected":false},"featured_media":142623,"comment_status":"open","ping_status":"closed","template":"","meta":{"_acf_changed":false},"product_brand":[],"product_cat":[6195,6157,6156,703,186,6345,6412,6428],"product_tag":[6433,6216,6219,6220],"class_list":{"0":"post-20352","1":"product","2":"type-product","3":"status-publish","4":"has-post-thumbnail","6":"product_cat-t-shirts-men","7":"product_cat-country","8":"product_cat-culture","9":"product_cat-custom-gifts-chinese-tradition","10":"product_cat-men","11":"product_cat-mens-country-culture-t-shirts","12":"product_cat-photo-to-tees","13":"product_cat-translate-products","14":"product_tag-ai-artwork","15":"product_tag-mens-custom-t-shirts","16":"product_tag-order-custom-shirts","17":"product_tag-t-shirt-printing-near-me","19":"first","20":"instock","21":"taxable","22":"shipping-taxable","23":"purchasable","24":"product-type-simple"},"acf":[],"wcpa_form_fields":null,"_links":{"self":[{"href":"https:\/\/www.customywear.com\/ro\/wp-json\/wp\/v2\/product\/20352","targetHints":{"allow":["GET"]}}],"collection":[{"href":"https:\/\/www.customywear.com\/ro\/wp-json\/wp\/v2\/product"}],"about":[{"href":"https:\/\/www.customywear.com\/ro\/wp-json\/wp\/v2\/types\/product"}],"replies":[{"embeddable":true,"href":"https:\/\/www.customywear.com\/ro\/wp-json\/wp\/v2\/comments?post=20352"}],"wp:featuredmedia":[{"embeddable":true,"href":"https:\/\/www.customywear.com\/ro\/wp-json\/wp\/v2\/media\/142623"}],"wp:attachment":[{"href":"https:\/\/www.customywear.com\/ro\/wp-json\/wp\/v2\/media?parent=20352"}],"wp:term":[{"taxonomy":"product_brand","embeddable":true,"href":"https:\/\/www.customywear.com\/ro\/wp-json\/wp\/v2\/product_brand?post=20352"},{"taxonomy":"product_cat","embeddable":true,"href":"https:\/\/www.customywear.com\/ro\/wp-json\/wp\/v2\/product_cat?post=20352"},{"taxonomy":"product_tag","embeddable":true,"href":"https:\/\/www.customywear.com\/ro\/wp-json\/wp\/v2\/product_tag?post=20352"}],"curies":[{"name":"wp","href":"https:\/\/api.w.org\/{rel}","templated":true}]}}