{"id":20394,"date":"2023-07-28T13:34:40","date_gmt":"2023-07-28T13:34:40","guid":{"rendered":"https:\/\/www.customywear.com\/?post_type=product&#038;p=20394"},"modified":"2026-05-05T20:23:37","modified_gmt":"2026-05-05T20:23:37","slug":"tricou-personalizat-alien-ozn-space","status":"publish","type":"product","link":"https:\/\/www.customywear.com\/ro\/custom-alien-ufo-space-tee\/","title":{"rendered":"Tricou personalizat cu extratere\u0219tri \u0219i OZN-uri: Tricou personalizat cu portret OZN"},"content":{"rendered":"<p>St\u00e2rne\u0219te-\u021bi curiozitatea cu colec\u021bia noastr\u0103 de tricouri personalizate cu extratere\u0219tri \u2013 o combina\u021bie de \u0219tiin\u021b\u0103, spa\u021biu \u0219i stil personalizat. Modelele noastre unisex de tricouri cu m\u00e2nec\u0103 lung\u0103 \u0219i scurt\u0103 te transport\u0103 \u00eentr-un t\u0103r\u00e2m extraterestru, folosind fotografia ta pentru a crea portrete vectoriale captivante care te transform\u0103 \u00eentr-o fiin\u021b\u0103 de alt\u0103 lume. Acest tricou personalizat nu este doar o pies\u0103 vestimentar\u0103; este o poart\u0103 c\u0103tre explorarea cosmic\u0103, conceput\u0103 pentru a evoca z\u00e2mbete \u0219i uimire. Porne\u0219te \u00eentr-o c\u0103l\u0103torie a transform\u0103rii \u00een timp ce \u00ee\u021bi \u00eembr\u0103\u021bi\u0219ezi extraterestrul interior, gata s\u0103 faci o declara\u021bie care sfideaz\u0103 obi\u0219nuitul. Acest tricou personalizat este cadoul perfect pentru a st\u00e2rni conversa\u021bii \u0219i a st\u00e2rni r\u00e2sete, surprinz\u00e2nd fascina\u021bia at\u00e2t a adul\u021bilor, c\u00e2t \u0219i a copiilor. De la copii mici la adul\u021bi, colec\u021bia noastr\u0103 aduce la via\u021b\u0103 science fiction-ul \u00eentr-un design unisex care invit\u0103 pe toat\u0103 lumea s\u0103 \u00eemp\u0103rt\u0103\u0219easc\u0103 experien\u021ba cosmic\u0103. Creat\u0103 cu o aten\u021bie meticuloas\u0103 la detalii, valorific\u0103m puterea Adobe Illustrator \u0219i Adobe Photoshop pentru a da via\u021b\u0103 fotografiei tale ca o oper\u0103 de art\u0103 vectorial\u0103 de \u00eenalt\u0103 calitate. Fiecare linie de desen \u0219i pixel este o dovad\u0103 a angajamentului nostru fa\u021b\u0103 de excelen\u021b\u0103. Cu tehnologia de imprimare DTG, tricourile noastre devin p\u00e2nze de expresie care se adreseaz\u0103 tuturor v\u00e2rstelor. Indiferent dac\u0103 \u00ee\u021bi exprimi propria unicitate sau \u00eemp\u0103rt\u0103\u0219e\u0219ti o surpriz\u0103 distractiv\u0103 cu cei dragi, colec\u021bia noastr\u0103 de tricouri personalizate cu extratere\u0219tri este omagiul perfect adus imagina\u021biei, umorului \u0219i posibilit\u0103\u021bilor nelimitate ale universului.<\/p>","protected":false},"excerpt":{"rendered":"<p>Explora\u021bi spa\u021biul cu o c\u0103ma\u0219\u0103 spa\u021bial\u0103 OZN cu OZN-uri personalizate. Tricoul nostru personalizat de portret OZN transform\u0103 orice fotografie \u00eentr-un tricou unic, cu tematic\u0103 extraterestr\u0103.<\/p>","protected":false},"featured_media":142393,"comment_status":"open","ping_status":"closed","template":"","meta":{"_acf_changed":false},"product_brand":[],"product_cat":[6191,113,6412,6428],"product_tag":[6433,136,137,138,141,112],"class_list":{"0":"post-20394","1":"product","2":"type-product","3":"status-publish","4":"has-post-thumbnail","6":"product_cat-t-shirts-women","7":"product_cat-custom-gifts-alien-shirts","8":"product_cat-photo-to-tees","9":"product_cat-translate-products","10":"product_tag-ai-artwork","11":"product_tag-science_shirt","12":"product_tag-space_shirt","13":"product_tag-t-shirt-ufo","14":"product_tag-ufo-shirt","15":"product_tag-women","17":"first","18":"instock","19":"taxable","20":"shipping-taxable","21":"purchasable","22":"product-type-simple"},"acf":[],"wcpa_form_fields":null,"_links":{"self":[{"href":"https:\/\/www.customywear.com\/ro\/wp-json\/wp\/v2\/product\/20394","targetHints":{"allow":["GET"]}}],"collection":[{"href":"https:\/\/www.customywear.com\/ro\/wp-json\/wp\/v2\/product"}],"about":[{"href":"https:\/\/www.customywear.com\/ro\/wp-json\/wp\/v2\/types\/product"}],"replies":[{"embeddable":true,"href":"https:\/\/www.customywear.com\/ro\/wp-json\/wp\/v2\/comments?post=20394"}],"wp:featuredmedia":[{"embeddable":true,"href":"https:\/\/www.customywear.com\/ro\/wp-json\/wp\/v2\/media\/142393"}],"wp:attachment":[{"href":"https:\/\/www.customywear.com\/ro\/wp-json\/wp\/v2\/media?parent=20394"}],"wp:term":[{"taxonomy":"product_brand","embeddable":true,"href":"https:\/\/www.customywear.com\/ro\/wp-json\/wp\/v2\/product_brand?post=20394"},{"taxonomy":"product_cat","embeddable":true,"href":"https:\/\/www.customywear.com\/ro\/wp-json\/wp\/v2\/product_cat?post=20394"},{"taxonomy":"product_tag","embeddable":true,"href":"https:\/\/www.customywear.com\/ro\/wp-json\/wp\/v2\/product_tag?post=20394"}],"curies":[{"name":"wp","href":"https:\/\/api.w.org\/{rel}","templated":true}]}}