{"id":20410,"date":"2023-07-28T13:34:58","date_gmt":"2023-07-28T13:34:58","guid":{"rendered":"https:\/\/www.customywear.com\/?post_type=product&#038;p=20410"},"modified":"2026-05-05T20:24:12","modified_gmt":"2026-05-05T20:24:12","slug":"culturisti-cu-tee-musculare-artistice-personalizate","status":"publish","type":"product","link":"https:\/\/www.customywear.com\/ro\/custom-artistic-muscle-tee-bodybuilders\/","title":{"rendered":"Tricou personalizat pentru gimnastic\u0103 artistic\u0103 - Tricou personalizat pentru culturisti"},"content":{"rendered":"<p>Dezl\u0103n\u021buie-\u021bi pasiunea pentru culturism cu ajutorul nostru <strong>Tricou personalizat cu mu\u0219chi artistici<\/strong> \u2013 o capodoper\u0103 unic\u0103 ce transform\u0103 fotografia ta \u00eentr-un tribut uluitor adus priceperii tale musculare. Arti\u0219tii no\u0219tri pricepu\u021bi creeaz\u0103 cu m\u0103iestrie o caricatur\u0103 a fizicului t\u0103u, pun\u00e2ndu-\u021bi \u00een valoare mu\u0219chii pentru a crea o imagine izbitoare pe acest tricou personalizat. Conceput pentru a rezona cu pasiona\u021bii de sal\u0103 \u0219i cu cei pasiona\u021bi de antrenament, acest tricou spiritual \u0219i excep\u021bional adaug\u0103 o doz\u0103 de umor programului t\u0103u de fitness. \u00cembr\u0103\u021bi\u0219eaz\u0103-\u021bi puterea interioar\u0103 \u0219i capteaz\u0103 aten\u021bia cu acest tricou personalizat de gimnastic\u0103 care celebreaz\u0103 angajamentul t\u0103u fa\u021b\u0103 de culturism.<\/p>\n<p>Concepute pentru a se potrivi persoanelor de toate v\u00e2rstele, de la adul\u021bi la tineri, copii \u0219i copii mici, aceste tricouri unisex pentru musculatur\u0103 se adreseaz\u0103 publicului divers care \u00ee\u0219i g\u0103se\u0219te alinare la sal\u0103. Artizanii no\u0219tri pricepu\u021bi valorific\u0103 puterea creativ\u0103 a programelor Adobe Illustrator \u0219i Adobe Photoshop, rezult\u00e2nd modele care celebreaz\u0103 dedicarea \u0219i inspir\u0103 camaraderie. Cu tehnologia avansat\u0103 de imprimare DTG, fiecare tricou devine o p\u00e2nz\u0103 pentru art\u0103 vectorial\u0103 de \u00eenalt\u0103 calitate, care transmite angajamentul t\u0103u fa\u021b\u0103 de for\u021b\u0103.<\/p>\n<p>Personalizarea este esen\u021bial\u0103 pentru acest design, permi\u021b\u00e2ndu-v\u0103 s\u0103 \u00eencorpora\u021bi fe\u021bele celor dragi, at\u00e2t umane, c\u00e2t \u0219i bl\u0103noase, pentru a crea o pies\u0103 vestimentar\u0103 cu adev\u0103rat unic\u0103. Aceste tricouri transcend simpla \u00eembr\u0103c\u0103minte, \u00eencapsul\u00e2nd admira\u021bia, determinarea \u0219i c\u0103l\u0103toria auto-\u00eembun\u0103t\u0103\u021birii. Cufunda\u021bi-v\u0103 \u00een gama noastr\u0103 de modele similare, fiecare spun\u00e2nd o poveste unic\u0103, \u0219i l\u0103sa\u021bi \u021binuta dumneavoastr\u0103 s\u0103 devin\u0103 o reprezentare a m\u00e2ndriei, a iubirii pentru fitness \u0219i a dedic\u0103rii dumneavoastr\u0103 pentru construirea unui fizic puternic.<\/p>","protected":false},"excerpt":{"rendered":"<p>Da\u021bi dovad\u0103 de putere cu un tricou personalizat de mu\u0219chi pentru culturisti. C\u0103m\u0103\u0219ile de gimnastic\u0103 personalizate transform\u0103 orice fotografie \u00eentr-un tricou de fitness unic \u0219i \u00eendr\u0103zne\u021b.<\/p>","protected":false},"featured_media":143233,"comment_status":"open","ping_status":"closed","template":"","meta":{"_acf_changed":false},"product_brand":[],"product_cat":[6195,157,526,186,6337,1044,6412,1045,6428],"product_tag":[6433,6217,6165,546,6216,1106],"class_list":{"0":"post-20410","1":"product","2":"type-product","3":"status-publish","4":"has-post-thumbnail","6":"product_cat-t-shirts-men","7":"product_cat-best-sellers","8":"product_cat-gym-shirts","9":"product_cat-men","10":"product_cat-mens-gym-t-shirts","11":"product_cat-on-sale","12":"product_cat-photo-to-tees","13":"product_cat-retirement","14":"product_cat-translate-products","15":"product_tag-ai-artwork","16":"product_tag-custom-t-shirt","17":"product_tag-custom-gym-tees","18":"product_tag-gym","19":"product_tag-mens-custom-t-shirts","20":"product_tag-retirement","22":"first","23":"instock","24":"taxable","25":"shipping-taxable","26":"purchasable","27":"product-type-simple"},"acf":[],"wcpa_form_fields":null,"_links":{"self":[{"href":"https:\/\/www.customywear.com\/ro\/wp-json\/wp\/v2\/product\/20410","targetHints":{"allow":["GET"]}}],"collection":[{"href":"https:\/\/www.customywear.com\/ro\/wp-json\/wp\/v2\/product"}],"about":[{"href":"https:\/\/www.customywear.com\/ro\/wp-json\/wp\/v2\/types\/product"}],"replies":[{"embeddable":true,"href":"https:\/\/www.customywear.com\/ro\/wp-json\/wp\/v2\/comments?post=20410"}],"wp:featuredmedia":[{"embeddable":true,"href":"https:\/\/www.customywear.com\/ro\/wp-json\/wp\/v2\/media\/143233"}],"wp:attachment":[{"href":"https:\/\/www.customywear.com\/ro\/wp-json\/wp\/v2\/media?parent=20410"}],"wp:term":[{"taxonomy":"product_brand","embeddable":true,"href":"https:\/\/www.customywear.com\/ro\/wp-json\/wp\/v2\/product_brand?post=20410"},{"taxonomy":"product_cat","embeddable":true,"href":"https:\/\/www.customywear.com\/ro\/wp-json\/wp\/v2\/product_cat?post=20410"},{"taxonomy":"product_tag","embeddable":true,"href":"https:\/\/www.customywear.com\/ro\/wp-json\/wp\/v2\/product_tag?post=20410"}],"curies":[{"name":"wp","href":"https:\/\/api.w.org\/{rel}","templated":true}]}}