{"id":20417,"date":"2023-07-28T13:35:04","date_gmt":"2023-07-28T13:35:04","guid":{"rendered":"https:\/\/www.customywear.com\/?post_type=product&#038;p=20417"},"modified":"2026-05-16T11:13:02","modified_gmt":"2026-05-16T11:13:02","slug":"camasa-personalizata-pentru-stiinta-extraterestra-a-astronautului","status":"publish","type":"product","link":"https:\/\/www.customywear.com\/ro\/custom-astronaut-alien-science-shirt\/","title":{"rendered":"Tricou personalizat cu tematic\u0103 de astronaut \u2013 Tricou personalizat cu tematic\u0103 de \u0219tiin\u021b\u0103 extraterestr\u0103 pentru el"},"content":{"rendered":"<p>Prezentarea noastr\u0103 <strong>Tricou personalizat de astronaut<\/strong> \u2013 o p\u00e2nz\u0103 cosmic\u0103 a individualit\u0103\u021bii \u0219i explor\u0103rii, conceput\u0103 pentru cei care nutreaz\u0103 o fascina\u021bie pentru spa\u021biu \u0219i necunoscut. Disponibil\u0103 at\u00e2t \u00een \u200b\u200bvarianta unisex cu m\u00e2nec\u0103 lung\u0103, c\u00e2t \u0219i cu m\u00e2nec\u0103 scurt\u0103, aceast\u0103 crea\u021bie inovatoare transform\u0103 fotografia ta \u00eentr-un portret vectorial captivant care te plaseaz\u0103 \u00een mijlocul unui peisaj de alt\u0103 lume, \u00een rolul unui astronaut ne\u00eenfricat. Acest tricou personalizat transcende simpla \u00eembr\u0103c\u0103minte; este o \u00eentruchipare a inspira\u021biei, fiind un cadou excep\u021bional pentru persoanele captivate de minunile spa\u021biului \u0219i \u0219tiin\u021bei. Create pentru a rezona cu toate grupele de v\u00e2rst\u0103, de la adul\u021bi la tineri, copii \u0219i copii mici, aceste tricouri sunt un omagiu adus min\u021bilor curioase \u0219i explor\u0103rii nem\u0103rginite care alimenteaz\u0103 curiozitatea \u0219tiin\u021bific\u0103. Artizanii no\u0219tri pricepu\u021bi valorific\u0103 puterea creativ\u0103 a Adobe Illustrator \u0219i Adobe Photoshop pentru a crea modele care st\u00e2rnesc imagina\u021bia \u0219i aprind pasiunea pentru descoperirea cosmic\u0103. Utiliz\u00e2nd tehnologia avansat\u0103 de imprimare DTG, fiecare tricou devine o p\u00e2nz\u0103 pentru art\u0103 vectorial\u0103 de \u00eenalt\u0103 calitate, care surprinde esen\u021ba viselor tale inspirate de spa\u021biu. \u00cen centrul acestui design se afl\u0103 personalizarea, permi\u021b\u00e2ndu-\u021bi s\u0103 \u00eencorporezi chipul t\u0103u \u2013 \u0219i chiar pe cel al animalelor tale de companie iubite \u2013 pentru a crea o pies\u0103 vestimentar\u0103 cu adev\u0103rat distinctiv\u0103. Aceste tricouri sunt mai mult dec\u00e2t simple haine; Sunt o dovad\u0103 a perspectivei tale unice, a aspira\u021biilor \u0219i a dorin\u021bei de a explora dincolo de limite. Descoper\u0103 gama noastr\u0103 de modele similare, fiecare spun\u00e2nd o poveste unic\u0103, \u0219i las\u0103-\u021bi \u021binuta s\u0103 devin\u0103 o reprezentare a admira\u021biei tale pentru astronau\u021bi, enigma cosmosului \u0219i c\u0103utarea cunoa\u0219terii.<\/p>","protected":false},"excerpt":{"rendered":"<p>Pleac\u0103 cu o c\u0103ma\u0219\u0103 de astronaut personalizat\u0103. Tricoul personalizat de \u0219tiin\u021b\u0103 extraterestr\u0103 pentru el transform\u0103 orice fotografie \u00eentr-un tricou personalizat distractiv, cu tematic\u0103 spa\u021bial\u0103.<\/p>","protected":false},"featured_media":142489,"comment_status":"open","ping_status":"closed","template":"","meta":{"_acf_changed":false},"product_brand":[],"product_cat":[6195,157,248,186,6341,6412,219,1045,6428],"product_tag":[6433,249,6216,6442],"class_list":{"0":"post-20417","1":"product","2":"type-product","3":"status-publish","4":"has-post-thumbnail","6":"product_cat-t-shirts-men","7":"product_cat-best-sellers","8":"product_cat-custom-gifts-astronauts","9":"product_cat-men","10":"product_cat-mens-profession-t-shirts","11":"product_cat-photo-to-tees","12":"product_cat-profession","13":"product_cat-retirement","14":"product_cat-translate-products","15":"product_tag-ai-artwork","16":"product_tag-astronaut-tees","17":"product_tag-mens-custom-t-shirts","18":"product_tag-top-artwork","20":"first","21":"instock","22":"taxable","23":"shipping-taxable","24":"purchasable","25":"product-type-simple"},"acf":[],"wcpa_form_fields":null,"_links":{"self":[{"href":"https:\/\/www.customywear.com\/ro\/wp-json\/wp\/v2\/product\/20417","targetHints":{"allow":["GET"]}}],"collection":[{"href":"https:\/\/www.customywear.com\/ro\/wp-json\/wp\/v2\/product"}],"about":[{"href":"https:\/\/www.customywear.com\/ro\/wp-json\/wp\/v2\/types\/product"}],"replies":[{"embeddable":true,"href":"https:\/\/www.customywear.com\/ro\/wp-json\/wp\/v2\/comments?post=20417"}],"wp:featuredmedia":[{"embeddable":true,"href":"https:\/\/www.customywear.com\/ro\/wp-json\/wp\/v2\/media\/142489"}],"wp:attachment":[{"href":"https:\/\/www.customywear.com\/ro\/wp-json\/wp\/v2\/media?parent=20417"}],"wp:term":[{"taxonomy":"product_brand","embeddable":true,"href":"https:\/\/www.customywear.com\/ro\/wp-json\/wp\/v2\/product_brand?post=20417"},{"taxonomy":"product_cat","embeddable":true,"href":"https:\/\/www.customywear.com\/ro\/wp-json\/wp\/v2\/product_cat?post=20417"},{"taxonomy":"product_tag","embeddable":true,"href":"https:\/\/www.customywear.com\/ro\/wp-json\/wp\/v2\/product_tag?post=20417"}],"curies":[{"name":"wp","href":"https:\/\/api.w.org\/{rel}","templated":true}]}}