{"id":20435,"date":"2023-07-28T13:35:23","date_gmt":"2023-07-28T13:35:23","guid":{"rendered":"https:\/\/www.customywear.com\/?post_type=product&#038;p=20435"},"modified":"2026-05-05T20:23:37","modified_gmt":"2026-05-05T20:23:37","slug":"camasa-de-balerina-personalizata","status":"publish","type":"product","link":"https:\/\/www.customywear.com\/ro\/custom-ballerina-shirt\/","title":{"rendered":"Tricou personalizat de balerin\u0103 | Tricou personalizat de dans de balet"},"content":{"rendered":"<p>\u201eExtinde\u0219te-\u021bi dragostea pentru dans cu \u201eTricoul nostru personalizat cu balerin\u0103\u201d, o capodoper\u0103 personalizat\u0103 care surprinde elegan\u021ba baletului. Folosind fotografia ta ca inspira\u021bie, cre\u0103m un portret vectorial captivant care te transform\u0103 \u00eentr-un dansator de balet gra\u021bios. Acest tricou personalizat nu este doar o \u00eembr\u0103c\u0103minte; este o expresie artistic\u0103 a pasiunii tale pentru dans, fiind cadoul perfect pentru cei care pre\u021buiesc arta mi\u0219c\u0103rii. Artizanii no\u0219tri pricepu\u021bi valorific\u0103 puterea creativ\u0103 a Adobe Illustrator \u0219i Adobe Photoshop pentru a proiecta meticulos o art\u0103 care \u00eentruchipeaz\u0103 frumuse\u021bea baletului. Prin imprimare DTG de ultim\u0103 genera\u021bie, ne asigur\u0103m c\u0103 produsul final se m\u00e2ndre\u0219te cu art\u0103 vectorial\u0103 de \u00eenalt\u0103 calitate, p\u0103str\u00e2nd detaliile complexe ale personalit\u0103\u021bii tale inspirate de balet. Disponibil \u00eentr-un design unisex potrivit pentru adul\u021bi, tineri, copii \u0219i copii mici, acest tricou se adreseaz\u0103 pasiona\u021bilor de dans de toate v\u00e2rstele. Exploreaz\u0103 lumea expresiei personalizate cu colec\u021bia noastr\u0103 de tricouri inspirate de dans. Arat\u0103-\u021bi dragostea pentru balet cu un design care te transform\u0103 \u00eentr-un dansator gra\u021bios. Descoper\u0103 o gam\u0103 larg\u0103 de modele similare captivante, fiecare personalizabil cu portrete umane \u0219i de animale de companie.\u201d Creeaz\u0103 momente de art\u0103 \u0219i conexiune cu un cadou care celebreaz\u0103 bucuria \u0219i frumuse\u021bea dansului, oferind o amintire purtabil\u0103 ce rezoneaz\u0103 cu spiritul dansatorului din tine.<\/p>","protected":false},"excerpt":{"rendered":"<p>Pune orice fotografie \u00eentr-o c\u0103ma\u0219\u0103 de balerin\u0103 personalizat\u0103. Tricoul personalizat de dans de balet creeaz\u0103 un tricou unic, unic, inspirat de dans.<\/p>","protected":false},"featured_media":142524,"comment_status":"open","ping_status":"closed","template":"","meta":{"_acf_changed":false},"product_brand":[],"product_cat":[6191,262,263,6412,6428,6354],"product_tag":[6433,265,238,1106,803,112],"class_list":{"0":"post-20435","1":"product","2":"type-product","3":"status-publish","4":"has-post-thumbnail","6":"product_cat-t-shirts-women","7":"product_cat-custom-gifts-ballet-dancer","8":"product_cat-dance","9":"product_cat-photo-to-tees","10":"product_cat-translate-products","11":"product_cat-womens-profession-t-shirts","12":"product_tag-ai-artwork","13":"product_tag-dance","14":"product_tag-profession","15":"product_tag-retirement","16":"product_tag-wedding_gift","17":"product_tag-women","19":"first","20":"instock","21":"taxable","22":"shipping-taxable","23":"purchasable","24":"product-type-simple"},"acf":[],"wcpa_form_fields":null,"_links":{"self":[{"href":"https:\/\/www.customywear.com\/ro\/wp-json\/wp\/v2\/product\/20435","targetHints":{"allow":["GET"]}}],"collection":[{"href":"https:\/\/www.customywear.com\/ro\/wp-json\/wp\/v2\/product"}],"about":[{"href":"https:\/\/www.customywear.com\/ro\/wp-json\/wp\/v2\/types\/product"}],"replies":[{"embeddable":true,"href":"https:\/\/www.customywear.com\/ro\/wp-json\/wp\/v2\/comments?post=20435"}],"wp:featuredmedia":[{"embeddable":true,"href":"https:\/\/www.customywear.com\/ro\/wp-json\/wp\/v2\/media\/142524"}],"wp:attachment":[{"href":"https:\/\/www.customywear.com\/ro\/wp-json\/wp\/v2\/media?parent=20435"}],"wp:term":[{"taxonomy":"product_brand","embeddable":true,"href":"https:\/\/www.customywear.com\/ro\/wp-json\/wp\/v2\/product_brand?post=20435"},{"taxonomy":"product_cat","embeddable":true,"href":"https:\/\/www.customywear.com\/ro\/wp-json\/wp\/v2\/product_cat?post=20435"},{"taxonomy":"product_tag","embeddable":true,"href":"https:\/\/www.customywear.com\/ro\/wp-json\/wp\/v2\/product_tag?post=20435"}],"curies":[{"name":"wp","href":"https:\/\/api.w.org\/{rel}","templated":true}]}}