{"id":20465,"date":"2023-07-28T13:35:53","date_gmt":"2023-07-28T13:35:53","guid":{"rendered":"https:\/\/www.customywear.com\/?post_type=product&#038;p=20465"},"modified":"2026-05-05T20:24:12","modified_gmt":"2026-05-05T20:24:12","slug":"tricou-foto-boxer-personalizat","status":"publish","type":"product","link":"https:\/\/www.customywear.com\/ro\/custom-boxer-photo-t-shirt\/","title":{"rendered":"Tricou personalizat cu fotografie de boxer \u2013 Tricou personalizat de juc\u0103tor de box pentru b\u0103rba\u021bi"},"content":{"rendered":"<p>Intr\u0103 \u00een ringul personaliz\u0103rii cu tricoul nostru personalizat exclusiv cu tematic\u0103 de boxer, realizat cu m\u0103iestrie pentru a transforma fotografia ta \u00eentr-o imagine a unui juc\u0103tor de box iscusit purt\u00e2nd m\u0103nu\u0219i. Acest tricou personalizat cu fotografie este alegerea perfect\u0103 pentru pasiona\u021bii de box \u0219i cei de fitness, o combina\u021bie perfect\u0103 de sport \u0219i stil care adaug\u0103 o not\u0103 de unicitate garderobei tale.<\/p>\n<p>Conceput pentru a rezona cu persoane de toate v\u00e2rstele, inclusiv adul\u021bi, tineri, copii \u0219i copii mici, tricoul nostru personalizat surprinde dinamismul lumii boxului. Folosind m\u0103iestria artistic\u0103 a programelor Adobe Illustrator \u0219i Adobe Photoshop, cre\u0103m o ilustra\u021bie vectorial\u0103 captivant\u0103 din fotografia ta, \u021besut\u0103 complex \u00een materialul tricoului t\u0103u prin imprimare DTG. Fiecare detaliu prinde via\u021b\u0103, oferind at\u00e2t str\u0103lucire vizual\u0103, c\u00e2t \u0219i confort.<\/p>\n<p>Dezl\u0103n\u021buie-\u021bi individualitatea cu designul nostru unisex versatil, care se potrive\u0219te viziunii tale, fie c\u0103 prezint\u0103 propriul t\u0103u portret sau chipul \u00eendr\u0103git al animalului t\u0103u de companie iubit. Cufund\u0103-te \u00eentr-un t\u0103r\u00e2m \u00een care moda se \u00eemplete\u0219te cu exprimarea de sine, unde fiecare tricou transmite o nara\u021biune distinct\u0103. Descoper\u0103 o gam\u0103 de modele la fel de captivante care reflect\u0103 devotamentul t\u0103u fa\u021b\u0103 de arta personalizat\u0103 \u0219i inova\u021bie. \u00cenal\u021b\u0103-\u021bi garderoba cu o pies\u0103 vestimentar\u0103 care nu este doar o \u00eembr\u0103c\u0103minte, ci o \u00eentruchipare a identit\u0103\u021bii tale.<\/p>","protected":false},"excerpt":{"rendered":"<p>Intr\u0103 \u00een ring cu un tricou personalizat Boxer Photo. Tricourile personalizate ale juc\u0103torului de box transform\u0103 orice fotografie \u00eentr-un tricou \u00eendr\u0103zne\u021b, unic, pentru b\u0103rba\u021bi.<\/p>","protected":false},"featured_media":143268,"comment_status":"open","ping_status":"closed","template":"","meta":{"_acf_changed":false},"product_brand":[],"product_cat":[6195,526,186,6339,6412,219,310,6428],"product_tag":[6433,6217,6165,546,6216,238,326],"class_list":{"0":"post-20465","1":"product","2":"type-product","3":"status-publish","4":"has-post-thumbnail","6":"product_cat-t-shirts-men","7":"product_cat-gym-shirts","8":"product_cat-men","9":"product_cat-mens-sports-t-shirts","10":"product_cat-photo-to-tees","11":"product_cat-profession","12":"product_cat-sports-shirts","13":"product_cat-translate-products","14":"product_tag-ai-artwork","15":"product_tag-custom-t-shirt","16":"product_tag-custom-gym-tees","17":"product_tag-gym","18":"product_tag-mens-custom-t-shirts","19":"product_tag-profession","20":"product_tag-sports","22":"first","23":"instock","24":"taxable","25":"shipping-taxable","26":"purchasable","27":"product-type-simple"},"acf":[],"wcpa_form_fields":null,"_links":{"self":[{"href":"https:\/\/www.customywear.com\/ro\/wp-json\/wp\/v2\/product\/20465","targetHints":{"allow":["GET"]}}],"collection":[{"href":"https:\/\/www.customywear.com\/ro\/wp-json\/wp\/v2\/product"}],"about":[{"href":"https:\/\/www.customywear.com\/ro\/wp-json\/wp\/v2\/types\/product"}],"replies":[{"embeddable":true,"href":"https:\/\/www.customywear.com\/ro\/wp-json\/wp\/v2\/comments?post=20465"}],"wp:featuredmedia":[{"embeddable":true,"href":"https:\/\/www.customywear.com\/ro\/wp-json\/wp\/v2\/media\/143268"}],"wp:attachment":[{"href":"https:\/\/www.customywear.com\/ro\/wp-json\/wp\/v2\/media?parent=20465"}],"wp:term":[{"taxonomy":"product_brand","embeddable":true,"href":"https:\/\/www.customywear.com\/ro\/wp-json\/wp\/v2\/product_brand?post=20465"},{"taxonomy":"product_cat","embeddable":true,"href":"https:\/\/www.customywear.com\/ro\/wp-json\/wp\/v2\/product_cat?post=20465"},{"taxonomy":"product_tag","embeddable":true,"href":"https:\/\/www.customywear.com\/ro\/wp-json\/wp\/v2\/product_tag?post=20465"}],"curies":[{"name":"wp","href":"https:\/\/api.w.org\/{rel}","templated":true}]}}