{"id":20485,"date":"2023-07-28T13:36:13","date_gmt":"2023-07-28T13:36:13","guid":{"rendered":"https:\/\/www.customywear.com\/?post_type=product&#038;p=20485"},"modified":"2026-05-05T20:24:12","modified_gmt":"2026-05-05T20:24:12","slug":"camasa-personalizata-de-om-cavernist-pentru-barbati","status":"publish","type":"product","link":"https:\/\/www.customywear.com\/ro\/custom-caveman-shirt-for-men\/","title":{"rendered":"Transform\u0103-\u021bi fotografia \u00eentr-un tricou personalizat Caveman pentru b\u0103rba\u021bi \u2013 Tricou personalizat"},"content":{"rendered":"<p>P\u0103\u0219e\u0219te \u00een era r\u00e2sului \u0219i a unicit\u0103\u021bii al\u0103turi de noi <em>Transform\u0103-\u021bi fotografia \u00eentr-un tricou personalizat de om al cavernelor pentru b\u0103rba\u021bi<\/em>Alchimia noastr\u0103 creativ\u0103 transform\u0103 fotografia ta \u00eentr-un portret vectorial captivant, transport\u00e2ndu-te \u00een rolul unui om al cavernelor cu o not\u0103 umoristic\u0103. Acest tricou personalizat nu este doar un articol vestimentar - este o \u00eentruchipare a distrac\u021biei \u0219i individualit\u0103\u021bii, fiind cadoul perfect pentru tine sau pentru cei dragi. Aprinde-\u021bi imagina\u021bia \u00een timp ce \u00eembin\u0103m tehnologia \u0219i creativitatea pentru a da via\u021b\u0103 viziunii tale. Prin m\u0103iestria artistic\u0103 a Adobe Illustrator \u0219i Adobe Photoshop, cre\u0103m modele complexe care evoc\u0103 spiritul erei omului cavernelor. Folosind tehnologia de imprimare DTG de ultim\u0103 genera\u021bie, fiecare detaliu al artei vectoriale de \u00eenalt\u0103 calitate este surprins, asigur\u00e2ndu-ne c\u0103 tricoul t\u0103u personalizat este o capodoper\u0103 a m\u0103iestriei. Disponibil pentru adul\u021bi, tineri, copii \u0219i copii mici, acest design unisex leag\u0103 genera\u021biile cu farmecul s\u0103u. S\u0103rb\u0103tore\u0219te esen\u021ba atemporal\u0103 a camaraderiei prin mod\u0103. <em>Transform\u0103-\u021bi fotografia \u00eentr-un tricou personalizat de om al cavernelor pentru b\u0103rba\u021bi<\/em> Te invit\u0103 s\u0103-\u021bi \u00eembr\u0103\u021bi\u0219ezi omul cavernelor interior \u00eentr-o manier\u0103 juc\u0103u\u0219\u0103 \u0219i vesel\u0103. Fiecare tr\u0103s\u0103tur\u0103 a designului vorbe\u0219te at\u00e2t tinerilor, c\u00e2t \u0219i celor tineri la suflet, p\u0103str\u00e2nd unicitatea fiec\u0103rei personalit\u0103\u021bi. De la r\u00e2sul copiilor p\u00e2n\u0103 la preferin\u021bele stilistice ale adul\u021bilor, acest tricou personalizat este o p\u00e2nz\u0103 pentru auto-exprimare care se \u00eentinde peste genera\u021bii. R\u0103sfa\u021b\u0103-te \u00eentr-o c\u0103l\u0103torie a creativit\u0103\u021bii \u0219i bucuriei, purt\u00e2nd cu m\u00e2ndrie povestea ta. Experimenteaz\u0103 fiorul transform\u0103rii \u0219i individualit\u0103\u021bii cu... <em>C\u0103ma\u0219\u0103 personalizat\u0103 de om al cavernelor pentru b\u0103rba\u021bi<\/em>Acest tricou personalizat te poart\u0103 \u00eentr-o c\u0103l\u0103torie \u00een trecut, unde umorul \u00eent\u00e2lne\u0219te istoria \u0219i unde leg\u0103tura r\u00e2sului \u00eemp\u0103rt\u0103\u0219it transcende v\u00e2rsta. Nu este doar un tricou; este o emblem\u0103 a exprim\u0103rii de sine care se adreseaz\u0103 tuturor, de la copii mici la adul\u021bi, amintindu-ne c\u0103, chiar \u0219i \u00een epoca modern\u0103, spiritul omului cavernelor d\u0103inuie.<\/p>","protected":false},"excerpt":{"rendered":"<p>Da\u021bi via\u021b\u0103 istoriei cu o c\u0103ma\u0219\u0103 personalizat\u0103 pentru b\u0103rba\u021bi. Tricoul personalizat transform\u0103 orice fotografie \u00eentr-un tricou unic, de inspira\u021bie antic\u0103.<\/p>","protected":false},"featured_media":142595,"comment_status":"open","ping_status":"closed","template":"","meta":{"_acf_changed":false},"product_brand":[],"product_cat":[6195,6157,6156,691,186,6412,6428],"product_tag":[6433,561,6216,6219,6220],"class_list":{"0":"post-20485","1":"product","2":"type-product","3":"status-publish","4":"has-post-thumbnail","6":"product_cat-t-shirts-men","7":"product_cat-country","8":"product_cat-culture","9":"product_cat-custom-gifts-caveman","10":"product_cat-men","11":"product_cat-photo-to-tees","12":"product_cat-translate-products","13":"product_tag-ai-artwork","14":"product_tag-camping_shirt","15":"product_tag-mens-custom-t-shirts","16":"product_tag-order-custom-shirts","17":"product_tag-t-shirt-printing-near-me","19":"first","20":"instock","21":"taxable","22":"shipping-taxable","23":"purchasable","24":"product-type-simple"},"acf":[],"wcpa_form_fields":null,"_links":{"self":[{"href":"https:\/\/www.customywear.com\/ro\/wp-json\/wp\/v2\/product\/20485","targetHints":{"allow":["GET"]}}],"collection":[{"href":"https:\/\/www.customywear.com\/ro\/wp-json\/wp\/v2\/product"}],"about":[{"href":"https:\/\/www.customywear.com\/ro\/wp-json\/wp\/v2\/types\/product"}],"replies":[{"embeddable":true,"href":"https:\/\/www.customywear.com\/ro\/wp-json\/wp\/v2\/comments?post=20485"}],"wp:featuredmedia":[{"embeddable":true,"href":"https:\/\/www.customywear.com\/ro\/wp-json\/wp\/v2\/media\/142595"}],"wp:attachment":[{"href":"https:\/\/www.customywear.com\/ro\/wp-json\/wp\/v2\/media?parent=20485"}],"wp:term":[{"taxonomy":"product_brand","embeddable":true,"href":"https:\/\/www.customywear.com\/ro\/wp-json\/wp\/v2\/product_brand?post=20485"},{"taxonomy":"product_cat","embeddable":true,"href":"https:\/\/www.customywear.com\/ro\/wp-json\/wp\/v2\/product_cat?post=20485"},{"taxonomy":"product_tag","embeddable":true,"href":"https:\/\/www.customywear.com\/ro\/wp-json\/wp\/v2\/product_tag?post=20485"}],"curies":[{"name":"wp","href":"https:\/\/api.w.org\/{rel}","templated":true}]}}