{"id":20496,"date":"2023-07-28T13:36:31","date_gmt":"2023-07-28T13:36:31","guid":{"rendered":"https:\/\/www.customywear.com\/?post_type=product&#038;p=20496"},"modified":"2026-05-07T15:29:56","modified_gmt":"2026-05-07T15:29:56","slug":"tricou-fata-chineza-cadou-tineri-personalizat","status":"publish","type":"product","link":"https:\/\/www.customywear.com\/ro\/custom-chinese-girl-shirt-youngsters-gift\/","title":{"rendered":"C\u0103ma\u0219\u0103 personalizat\u0103 pentru feti\u021be chineze\u0219ti | Cadou personalizat pentru copii"},"content":{"rendered":"<p>Ridica\u021bi stilul copilului dumneavoastr\u0103 cu \u201eTricoul nostru personalizat pentru feti\u021be chineze\u0219ti\u201d, o combina\u021bie armonioas\u0103 de cultur\u0103 \u0219i personalizare, conceput pentru a \u00eenc\u00e2nta copiii. Fi\u021bi martorii magiei \u00een timp ce fotografia micu\u021bei dumneavoastr\u0103 este transformat\u0103 meticulos \u00eentr-un portret vectorial captivant, \u00eenf\u0103\u021bi\u0219\u00e2nd-o \u00eembr\u0103cat\u0103 \u00eentr-un \u00eenc\u00e2nt\u0103tor articol vestimentar tradi\u021bional chinezesc. Acest tricou personalizat nu este doar o \u00eembr\u0103c\u0103minte; este o p\u00e2nz\u0103 pentru creativitate \u0219i un cadou sincer care st\u00e2rne\u0219te bucurie \u00een inimile at\u00e2t ale copiilor, c\u00e2t \u0219i ale p\u0103rin\u021bilor. Concepute av\u00e2nd \u00een minte vibran\u021ba tinere\u021bii, tricourile noastre cu m\u00e2nec\u0103 scurt\u0103 \u0219i lung\u0103 \u00eembin\u0103 f\u0103r\u0103 efort mo\u0219tenirea cultural\u0103 cu estetica contemporan\u0103. Designerii no\u0219tri pricepu\u021bi folosesc Adobe Illustrator \u0219i Adobe Photoshop pentru a da via\u021b\u0103 fiec\u0103rui design, cre\u00e2nd elemente vizuale complexe care rezoneaz\u0103 at\u00e2t cu copiii, c\u00e2t \u0219i cu adul\u021bii. Folosind tehnologia de imprimare DTG de ultim\u0103 genera\u021bie, asigur\u0103m longevitatea capodoperei dumneavoastr\u0103 personalizate, adaptat\u0103 pentru confort unisex \u0219i disponibil\u0103 pentru toate grupele de v\u00e2rst\u0103 - de la copii mici la adul\u021bi. \u00cembr\u0103\u021bi\u0219a\u021bi puterea modei unisex care leag\u0103 genera\u021biile. Porni\u021bi \u00eentr-o c\u0103l\u0103torie a personaliz\u0103rii \u00eencorpor\u00e2nd chipul copilului dumneavoastr\u0103 \u00een design, poate chiar \u0219i animalele de companie iubite. Aceste tricouri sunt mai mult dec\u00e2t articole de \u00eembr\u0103c\u0103minte; Sunt amintiri vii, care surprind fantezia \u0219i inocen\u021ba copil\u0103riei. Delecteaz\u0103-te cu precizia artei noastre vectoriale de \u00eenalt\u0103 calitate, care surprinde cu m\u0103iestrie spiritul tradi\u021biei \u0219i al individualit\u0103\u021bii. \u00cembun\u0103t\u0103\u021be\u0219te garderoba copilului t\u0103u cu aceast\u0103 c\u0103ma\u0219\u0103 personalizat\u0103 pentru feti\u021be chineze\u0219ti - unde cultura, personalizarea \u0219i exuberan\u021ba tinereasc\u0103 converg pentru a crea o capodoper\u0103 purtabil\u0103 care rezoneaz\u0103 at\u00e2t cu familia, c\u00e2t \u0219i cu distrac\u021bia.<\/p>","protected":false},"excerpt":{"rendered":"<p>Delight youngsters with a Custom Chinese Girl Shirt. The Personalized Youngster&#8217;s Gift Tee turns any photo into a fun, one-of-a-kind t-shirt.<\/p>","protected":false},"featured_media":142637,"comment_status":"open","ping_status":"closed","template":"","meta":{"_acf_changed":false},"product_brand":[],"product_cat":[6193,703,6412,6428],"product_tag":[6433,6439,65,156],"class_list":{"0":"post-20496","1":"product","2":"type-product","3":"status-publish","4":"has-post-thumbnail","6":"product_cat-girls-t-shirts","7":"product_cat-custom-gifts-chinese-tradition","8":"product_cat-photo-to-tees","9":"product_cat-translate-products","10":"product_tag-ai-artwork","11":"product_tag-ai-kids-artwork","12":"product_tag-kid","13":"product_tag-youth-girl","15":"first","16":"instock","17":"taxable","18":"shipping-taxable","19":"purchasable","20":"product-type-simple"},"acf":[],"wcpa_form_fields":null,"_links":{"self":[{"href":"https:\/\/www.customywear.com\/ro\/wp-json\/wp\/v2\/product\/20496","targetHints":{"allow":["GET"]}}],"collection":[{"href":"https:\/\/www.customywear.com\/ro\/wp-json\/wp\/v2\/product"}],"about":[{"href":"https:\/\/www.customywear.com\/ro\/wp-json\/wp\/v2\/types\/product"}],"replies":[{"embeddable":true,"href":"https:\/\/www.customywear.com\/ro\/wp-json\/wp\/v2\/comments?post=20496"}],"wp:featuredmedia":[{"embeddable":true,"href":"https:\/\/www.customywear.com\/ro\/wp-json\/wp\/v2\/media\/142637"}],"wp:attachment":[{"href":"https:\/\/www.customywear.com\/ro\/wp-json\/wp\/v2\/media?parent=20496"}],"wp:term":[{"taxonomy":"product_brand","embeddable":true,"href":"https:\/\/www.customywear.com\/ro\/wp-json\/wp\/v2\/product_brand?post=20496"},{"taxonomy":"product_cat","embeddable":true,"href":"https:\/\/www.customywear.com\/ro\/wp-json\/wp\/v2\/product_cat?post=20496"},{"taxonomy":"product_tag","embeddable":true,"href":"https:\/\/www.customywear.com\/ro\/wp-json\/wp\/v2\/product_tag?post=20496"}],"curies":[{"name":"wp","href":"https:\/\/api.w.org\/{rel}","templated":true}]}}