{"id":20564,"date":"2023-07-28T13:37:51","date_gmt":"2023-07-28T13:37:51","guid":{"rendered":"https:\/\/www.customywear.com\/?post_type=product&#038;p=20564"},"modified":"2026-05-05T20:23:37","modified_gmt":"2026-05-05T20:23:37","slug":"tricou-foto-personalizat-baterist","status":"publish","type":"product","link":"https:\/\/www.customywear.com\/ro\/custom-drummer-photo-tshirt\/","title":{"rendered":"Tricou personalizat cu fotografie baterist \u2013 Cadou muzical personalizat"},"content":{"rendered":"<p>Ridic\u0103-\u021bi stilul cu tricoul nostru personalizat cu fotografie de baterist, o capodoper\u0103 personalizat\u0103 care \u00ee\u021bi \u00eembin\u0103 imaginea cu ritmul muzicii. Artizanii no\u0219tri creeaz\u0103 portrete vectoriale uimitoare folosind fotografia ta, transform\u00e2ndu-te perfect \u00eentr-un baterist prins \u00een ac\u021biune. Acest tricou muzical personalizat este un cadou ideal at\u00e2t pentru pasiona\u021bii de tobe, c\u00e2t \u0219i pentru cei pasiona\u021bi de muzic\u0103, surprinz\u00e2nd esen\u021ba pasiunii lor \u00een arta purtabil\u0103. Create cu precizie, tricourile noastre unisex cu m\u00e2nec\u0103 lung\u0103 \u0219i scurt\u0103 sunt concepute pentru a oferi confort f\u0103r\u0103 a compromite stilul. Prin valorificarea puterii Adobe Illustrator \u0219i Adobe Photoshop, d\u0103m via\u021b\u0103 fotografiei tale \u00een detalii uimitoare. Rezultatul este o art\u0103 vectorial\u0103 de \u00eenalt\u0103 calitate care \u00ee\u0219i p\u0103streaz\u0103 str\u0103lucirea chiar \u0219i dup\u0103 procesul nostru de imprimare DTG de ultim\u0103 genera\u021bie. Disponibil\u0103 pentru adul\u021bi, tineri, copii \u0219i copii mici, colec\u021bia noastr\u0103 de tricouri invit\u0103 toate v\u00e2rstele s\u0103 \u00eembr\u0103\u021bi\u0219eze ritmul personalit\u0103\u021bilor lor unice. Cufund\u0103-te \u00een lumea personaliz\u0103rii ad\u0103ug\u00e2nd fe\u021bele tale umane \u0219i de animale de companie pe p\u00e2nza noastr\u0103 de design. Fiecare tricou devine o p\u00e2nz\u0103 a conexiunii, celebr\u00e2nd dragostea ta pentru tobe \u0219i muzic\u0103. Cu o gam\u0103 de modele similare la \u00eendem\u00e2n\u0103, posibilit\u0103\u021bile sunt nelimitate. Descoper\u0103 armonia dintre art\u0103 \u0219i exprimarea personal\u0103 \u0219i \u00eemp\u0103rt\u0103\u0219e\u0219te bucuria de a-\u021bi purta pasiunile cu tricoul nostru personalizat cu foto baterist.<\/p>","protected":false},"excerpt":{"rendered":"<p>Rock out cu un tricou foto personalizat de tobo\u0219ar. Cadoul muzical personalizat transform\u0103 orice fotografie \u00eentr-un tricou unic, cu tematic\u0103 muzical\u0103.<\/p>","protected":false},"featured_media":142691,"comment_status":"open","ping_status":"closed","template":"","meta":{"_acf_changed":false},"product_brand":[],"product_cat":[6191,1577,1582,6412,219,1045,6428,75,6353],"product_tag":[6433,1578,1583,1580,238,1106,112],"class_list":{"0":"post-20564","1":"product","2":"type-product","3":"status-publish","4":"has-post-thumbnail","6":"product_cat-t-shirts-women","7":"product_cat-custom-gifts-drummers","8":"product_cat-music","9":"product_cat-photo-to-tees","10":"product_cat-profession","11":"product_cat-retirement","12":"product_cat-translate-products","13":"product_cat-women","14":"product_cat-womens-music-t-shirts","15":"product_tag-ai-artwork","16":"product_tag-gift_for_drummer","17":"product_tag-music","18":"product_tag-music_teacher_shirt","19":"product_tag-profession","20":"product_tag-retirement","21":"product_tag-women","23":"first","24":"instock","25":"taxable","26":"shipping-taxable","27":"purchasable","28":"product-type-simple"},"acf":[],"wcpa_form_fields":null,"_links":{"self":[{"href":"https:\/\/www.customywear.com\/ro\/wp-json\/wp\/v2\/product\/20564","targetHints":{"allow":["GET"]}}],"collection":[{"href":"https:\/\/www.customywear.com\/ro\/wp-json\/wp\/v2\/product"}],"about":[{"href":"https:\/\/www.customywear.com\/ro\/wp-json\/wp\/v2\/types\/product"}],"replies":[{"embeddable":true,"href":"https:\/\/www.customywear.com\/ro\/wp-json\/wp\/v2\/comments?post=20564"}],"wp:featuredmedia":[{"embeddable":true,"href":"https:\/\/www.customywear.com\/ro\/wp-json\/wp\/v2\/media\/142691"}],"wp:attachment":[{"href":"https:\/\/www.customywear.com\/ro\/wp-json\/wp\/v2\/media?parent=20564"}],"wp:term":[{"taxonomy":"product_brand","embeddable":true,"href":"https:\/\/www.customywear.com\/ro\/wp-json\/wp\/v2\/product_brand?post=20564"},{"taxonomy":"product_cat","embeddable":true,"href":"https:\/\/www.customywear.com\/ro\/wp-json\/wp\/v2\/product_cat?post=20564"},{"taxonomy":"product_tag","embeddable":true,"href":"https:\/\/www.customywear.com\/ro\/wp-json\/wp\/v2\/product_tag?post=20564"}],"curies":[{"name":"wp","href":"https:\/\/api.w.org\/{rel}","templated":true}]}}