{"id":20642,"date":"2023-07-28T13:38:54","date_gmt":"2023-07-28T13:38:54","guid":{"rendered":"https:\/\/www.customywear.com\/?post_type=product&#038;p=20642"},"modified":"2026-05-05T20:23:35","modified_gmt":"2026-05-05T20:23:35","slug":"camasa-personalizata-de-sotie-de-pompier","status":"publish","type":"product","link":"https:\/\/www.customywear.com\/ro\/personalized-firefighter-wife-shirt\/","title":{"rendered":"Tricou personalizat de so\u021bie de pompier \u2013 Tricou personalizat de so\u021bie de pompier"},"content":{"rendered":"<p>S\u0103rb\u0103tori\u021bi puterea neclintit\u0103 \u0219i devotamentul so\u021biilor de pompieri cu tricoul nostru personalizat \u201eSo\u021bie de pompier\u201d, un omagiu uimitor adus eroilor t\u0103cu\u021bi din spatele eroilor. Prin magia artei, transform\u0103m fotografia dvs. \u00eentr-un portret vectorial captivant, care v\u0103 \u00eenf\u0103\u021bi\u0219eaz\u0103 ca partenerul iubit al unui pompier ne\u00eenfricat. Acest tricou unisex personalizat cu m\u00e2nec\u0103 lung\u0103 \u0219i scurt\u0103 nu este doar o \u00eembr\u0103c\u0103minte; este o emblem\u0103 a m\u00e2ndriei \u0219i a aprecierii, fiind cadoul suprem pentru so\u021biile de pompieri, care arat\u0103 recuno\u0219tin\u021b\u0103 sau exprim\u0103 admira\u021bie pentru comunitatea pompierilor. Folosind str\u0103lucirea Adobe Illustrator \u0219i Adobe Photoshop, cre\u0103m meticulos fiecare detaliu al fotografiei dvs., surprinz\u00e2nd esen\u021ba spiritului \u0219i dedic\u0103rii dvs. Folosind imprimare DTG de ultim\u0103 genera\u021bie, imprim\u0103m perfect aceste magnifice ilustra\u021bii vectoriale pe material, produc\u00e2nd o capodoper\u0103 \u00eenc\u00e2nt\u0103toare, purtabil\u0103, care vorbe\u0219te de la sine. Disponibil pentru adul\u021bi, tineri, copii \u0219i copii mici, acest tricou unisex versatil surprinde esen\u021ba iubirii \u0219i sprijinului \u00eemp\u0103rt\u0103\u0219ite \u00een cadrul familiei pompierilor. \u00cembog\u0103\u021bi\u021bi-v\u0103 \u0219i mai mult conexiunea \u00eencorpor\u00e2nd imaginile animalelor dvs. de companie dragi, transform\u00e2nd acest suvenir purtabil \u00eentr-un simbol personalizat al c\u0103l\u0103toriei dvs. unice. Gama noastr\u0103 divers\u0103 de modele similare ofer\u0103 o varietate de teme \u0219i emo\u021bii, asigur\u00e2nd o potrivire perfect\u0103 pentru povestea fiec\u0103rei so\u021bii de pompier. C\u0103ma\u0219a personalizat\u0103 So\u021bie de Pompier este un tribut adus iubirii neclintite, o p\u00e2nz\u0103 pentru amintiri pre\u021bioase \u0219i un omagiu durabil adus curajului pompierilor, toate \u00eencapsulate \u00een domeniul atemporal al \u00eembr\u0103c\u0103mintei personalizate.<\/p>","protected":false},"excerpt":{"rendered":"<p>S\u0103rb\u0103tore\u0219te serviciul cu o c\u0103ma\u0219\u0103 personalizat\u0103 pentru so\u021bia pompierului. Tricoul personalizat Fireman Wifey transform\u0103 orice fotografie \u00eentr-un tricou unic, personalizat.<\/p>","protected":false},"featured_media":142747,"comment_status":"open","ping_status":"closed","template":"","meta":{"_acf_changed":false},"product_brand":[],"product_cat":[6191,1856,6412,219,1045,6428,75,6354],"product_tag":[6433,1859,352,238,1106,112],"class_list":{"0":"post-20642","1":"product","2":"type-product","3":"status-publish","4":"has-post-thumbnail","6":"product_cat-t-shirts-women","7":"product_cat-custom-gifts-firefighters","8":"product_cat-photo-to-tees","9":"product_cat-profession","10":"product_cat-retirement","11":"product_cat-translate-products","12":"product_cat-women","13":"product_cat-womens-profession-t-shirts","14":"product_tag-ai-artwork","15":"product_tag-firefighter_shirt","16":"product_tag-honeymoon_shirt","17":"product_tag-profession","18":"product_tag-retirement","19":"product_tag-women","21":"first","22":"instock","23":"taxable","24":"shipping-taxable","25":"purchasable","26":"product-type-simple"},"acf":[],"wcpa_form_fields":null,"_links":{"self":[{"href":"https:\/\/www.customywear.com\/ro\/wp-json\/wp\/v2\/product\/20642","targetHints":{"allow":["GET"]}}],"collection":[{"href":"https:\/\/www.customywear.com\/ro\/wp-json\/wp\/v2\/product"}],"about":[{"href":"https:\/\/www.customywear.com\/ro\/wp-json\/wp\/v2\/types\/product"}],"replies":[{"embeddable":true,"href":"https:\/\/www.customywear.com\/ro\/wp-json\/wp\/v2\/comments?post=20642"}],"wp:featuredmedia":[{"embeddable":true,"href":"https:\/\/www.customywear.com\/ro\/wp-json\/wp\/v2\/media\/142747"}],"wp:attachment":[{"href":"https:\/\/www.customywear.com\/ro\/wp-json\/wp\/v2\/media?parent=20642"}],"wp:term":[{"taxonomy":"product_brand","embeddable":true,"href":"https:\/\/www.customywear.com\/ro\/wp-json\/wp\/v2\/product_brand?post=20642"},{"taxonomy":"product_cat","embeddable":true,"href":"https:\/\/www.customywear.com\/ro\/wp-json\/wp\/v2\/product_cat?post=20642"},{"taxonomy":"product_tag","embeddable":true,"href":"https:\/\/www.customywear.com\/ro\/wp-json\/wp\/v2\/product_tag?post=20642"}],"curies":[{"name":"wp","href":"https:\/\/api.w.org\/{rel}","templated":true}]}}