{"id":20645,"date":"2023-07-28T13:38:56","date_gmt":"2023-07-28T13:38:56","guid":{"rendered":"https:\/\/www.customywear.com\/?post_type=product&#038;p=20645"},"modified":"2026-05-07T15:29:56","modified_gmt":"2026-05-07T15:29:56","slug":"tricou-personalizat-pentru-tineret-de-pompieri","status":"publish","type":"product","link":"https:\/\/www.customywear.com\/ro\/custom-firefighter-youth-tee\/","title":{"rendered":"Tricou personalizat pentru tineri cu tematic\u0103 de pompieri \u2013 Tricou personalizat Big Brother Pompier"},"content":{"rendered":"<p>Aprinde\u021bi imagina\u021bia copilului dumneavoastr\u0103 cu tricoul nostru personalizat exclusiv pentru tineri cu tematic\u0103 de pompieri, o capodoper\u0103 personalizat\u0103 care transform\u0103 fotografia copilului dumneavoastr\u0103 \u00eentr-un portret vectorial captivant, \u00eenf\u0103\u021bi\u0219\u00e2ndu-l ca un pompier ne\u00eenfricat. Acest tricou personalizat este o surs\u0103 de inspira\u021bie \u0219i un cadou excep\u021bional, conceput pentru a \u00eemputernici \u0219i a entuziasma cele mai tinere inimi. Valorific\u00e2nd priceperea creativ\u0103 a programelor Adobe Illustrator \u0219i Adobe Photoshop, procesul nostru de design produce o art\u0103 vectorial\u0103 de \u00eenalt\u0103 calitate, care este adus\u0103 la via\u021b\u0103 prin imprimare DTG pe tricouri unisex confortabile. Disponibil \u00een m\u0103rimi potrivite pentru adul\u021bi, tineri, copii \u0219i copii mici, acest design permite viselor copilului dumneavoastr\u0103 s\u0103 \u00eenfloreasc\u0103, fie c\u0103 exploreaz\u0103 noi orizonturi, fie c\u0103 \u00ee\u0219i \u00eembr\u0103\u021bi\u0219eaz\u0103 rolul de frate mai mare m\u00e2ndru. Debloca\u021bi poten\u021bialul unei personaliz\u0103ri suplimentare prin integrarea perfect\u0103 a fe\u021belor umane \u0219i ale animalelor de companie, cre\u00e2nd un suvenir unic care rezoneaz\u0103 \u00eentre genera\u021bii. Explora\u021bi arta individualit\u0103\u021bii cu gama noastr\u0103 de modele la fel de captivante, fiecare surprinz\u00e2nd esen\u021ba exuberan\u021bei tinere\u021bii. Ridica\u021bi stilul \u0219i sentimentul cu tricoul personalizat pentru tineri cu tematic\u0103 de pompieri - un tribut care aprinde spiritul curajului \u00een inimile tinerilor \u0219i ale celor cu suflet t\u00e2n\u0103r.<\/p>","protected":false},"excerpt":{"rendered":"<p>Inspira\u021bi tinerii eroi cu un tricou personalizat pentru tineret de pompier. C\u0103ma\u0219a personalizat\u0103 Big Brother Fireman transform\u0103 orice fotografie \u00eentr-un tricou distractiv \u0219i unic.<\/p>","protected":false},"featured_media":142754,"comment_status":"open","ping_status":"closed","template":"","meta":{"_acf_changed":false},"product_brand":[],"product_cat":[6189,1856,6412,6428],"product_tag":[6433,6439,1859,352],"class_list":{"0":"post-20645","1":"product","2":"type-product","3":"status-publish","4":"has-post-thumbnail","6":"product_cat-boys-t-shirts","7":"product_cat-custom-gifts-firefighters","8":"product_cat-photo-to-tees","9":"product_cat-translate-products","10":"product_tag-ai-artwork","11":"product_tag-ai-kids-artwork","12":"product_tag-firefighter_shirt","13":"product_tag-honeymoon_shirt","15":"first","16":"instock","17":"taxable","18":"shipping-taxable","19":"purchasable","20":"product-type-simple"},"acf":[],"wcpa_form_fields":null,"_links":{"self":[{"href":"https:\/\/www.customywear.com\/ro\/wp-json\/wp\/v2\/product\/20645","targetHints":{"allow":["GET"]}}],"collection":[{"href":"https:\/\/www.customywear.com\/ro\/wp-json\/wp\/v2\/product"}],"about":[{"href":"https:\/\/www.customywear.com\/ro\/wp-json\/wp\/v2\/types\/product"}],"replies":[{"embeddable":true,"href":"https:\/\/www.customywear.com\/ro\/wp-json\/wp\/v2\/comments?post=20645"}],"wp:featuredmedia":[{"embeddable":true,"href":"https:\/\/www.customywear.com\/ro\/wp-json\/wp\/v2\/media\/142754"}],"wp:attachment":[{"href":"https:\/\/www.customywear.com\/ro\/wp-json\/wp\/v2\/media?parent=20645"}],"wp:term":[{"taxonomy":"product_brand","embeddable":true,"href":"https:\/\/www.customywear.com\/ro\/wp-json\/wp\/v2\/product_brand?post=20645"},{"taxonomy":"product_cat","embeddable":true,"href":"https:\/\/www.customywear.com\/ro\/wp-json\/wp\/v2\/product_cat?post=20645"},{"taxonomy":"product_tag","embeddable":true,"href":"https:\/\/www.customywear.com\/ro\/wp-json\/wp\/v2\/product_tag?post=20645"}],"curies":[{"name":"wp","href":"https:\/\/api.w.org\/{rel}","templated":true}]}}