{"id":20646,"date":"2023-07-28T13:38:57","date_gmt":"2023-07-28T13:38:57","guid":{"rendered":"https:\/\/www.customywear.com\/?post_type=product&#038;p=20646"},"modified":"2026-05-07T15:29:56","modified_gmt":"2026-05-07T15:29:56","slug":"tricou-personalizat-pentru-tineret-de-pompier","status":"publish","type":"product","link":"https:\/\/www.customywear.com\/ro\/personalized-firefighter-youth-tee\/","title":{"rendered":"Tricou personalizat pentru tineri cu mesaj de pompier \u2013 Transform\u0103-\u021bi fotografia \u00eentr-un tricou personalizat de pompier"},"content":{"rendered":"<p>Ridic\u0103 stilul micului t\u0103u erou cu tricoul nostru personalizat pentru tineri cu tematic\u0103 de pompieri, o combina\u021bie captivant\u0103 de imagina\u021bie \u0219i art\u0103. Exper\u021bii no\u0219tri \u00een design creeaz\u0103 cu m\u0103iestrie portrete vectoriale de \u00eenalt\u0103 calitate, folosind fotografia copilului t\u0103u, transform\u00e2ndu-l perfect \u00eentr-un pompier curajos. Acest tricou personalizat nu numai c\u0103 aprinde inspira\u021bia, dar celebreaz\u0103 \u0219i spiritul de curaj al tinerilor. Ideal pentru toate v\u00e2rstele, de la adul\u021bi la copii mici, tricoul nostru personalizat pentru pompieri este o capodoper\u0103 n\u0103scut\u0103 din sinergia expertizei Adobe Illustrator \u0219i Adobe Photoshop. Rezultatul este o oper\u0103 de art\u0103 dinamic\u0103, imprimat\u0103 DTG, care rezoneaz\u0103 cu vibran\u021b\u0103. Dincolo de designul captivant, tricoul nostru ofer\u0103 confort \u0219i versatilitate maxim\u0103, disponibil \u00eentr-o croial\u0103 unisex. Fie c\u0103 este pentru sora ta mai mare, un t\u00e2n\u0103r pasionat de foc sau un copil mic, aceast\u0103 capodoper\u0103 personalizat\u0103 este un cadou semnificativ care las\u0103 o amprent\u0103 de ne\u0219ters. Descoper\u0103 o lume \u00een care fotografiile prind via\u021b\u0103 ca art\u0103 purtabil\u0103, invit\u00e2ndu-te s\u0103 explorezi gama noastr\u0103 divers\u0103 de modele. Alege dintr-o gam\u0103 larg\u0103 de op\u021biuni, fiecare fiind o dovad\u0103 a fuziunii dintre creativitate \u0219i m\u0103iestrie. De la tineri la adul\u021bi, aceast\u0103 colec\u021bie de tricouri personalizate aprinde un sentiment de unitate \u0219i individualitate, \u00eencuraj\u00e2nd o apreciere comun\u0103 pentru exprimarea personalizat\u0103. Experimenta\u021bi bucuria de a d\u0103rui \u0219i a primi, deoarece fiecare tricou devine o p\u00e2nz\u0103 pre\u021bioas\u0103 de amintiri, promi\u021b\u00e2nd s\u0103 st\u00e2rneasc\u0103 conversa\u021bii \u0219i s\u0103 inspire pentru anii urm\u0103tori.<\/p>","protected":false},"excerpt":{"rendered":"<p>S\u0103rb\u0103tore\u0219te curajul cu un tricou personalizat pentru tineret. Transform\u0103-\u021bi fotografia \u00eentr-un tricou personalizat Fireman unic.<\/p>","protected":false},"featured_media":142761,"comment_status":"open","ping_status":"closed","template":"","meta":{"_acf_changed":false},"product_brand":[],"product_cat":[6193,1856,6412,6428,58],"product_tag":[6433,6439,1859],"class_list":{"0":"post-20646","1":"product","2":"type-product","3":"status-publish","4":"has-post-thumbnail","6":"product_cat-girls-t-shirts","7":"product_cat-custom-gifts-firefighters","8":"product_cat-photo-to-tees","9":"product_cat-translate-products","10":"product_cat-youth-kids","11":"product_tag-ai-artwork","12":"product_tag-ai-kids-artwork","13":"product_tag-firefighter_shirt","15":"first","16":"instock","17":"taxable","18":"shipping-taxable","19":"purchasable","20":"product-type-simple"},"acf":[],"wcpa_form_fields":null,"_links":{"self":[{"href":"https:\/\/www.customywear.com\/ro\/wp-json\/wp\/v2\/product\/20646","targetHints":{"allow":["GET"]}}],"collection":[{"href":"https:\/\/www.customywear.com\/ro\/wp-json\/wp\/v2\/product"}],"about":[{"href":"https:\/\/www.customywear.com\/ro\/wp-json\/wp\/v2\/types\/product"}],"replies":[{"embeddable":true,"href":"https:\/\/www.customywear.com\/ro\/wp-json\/wp\/v2\/comments?post=20646"}],"wp:featuredmedia":[{"embeddable":true,"href":"https:\/\/www.customywear.com\/ro\/wp-json\/wp\/v2\/media\/142761"}],"wp:attachment":[{"href":"https:\/\/www.customywear.com\/ro\/wp-json\/wp\/v2\/media?parent=20646"}],"wp:term":[{"taxonomy":"product_brand","embeddable":true,"href":"https:\/\/www.customywear.com\/ro\/wp-json\/wp\/v2\/product_brand?post=20646"},{"taxonomy":"product_cat","embeddable":true,"href":"https:\/\/www.customywear.com\/ro\/wp-json\/wp\/v2\/product_cat?post=20646"},{"taxonomy":"product_tag","embeddable":true,"href":"https:\/\/www.customywear.com\/ro\/wp-json\/wp\/v2\/product_tag?post=20646"}],"curies":[{"name":"wp","href":"https:\/\/api.w.org\/{rel}","templated":true}]}}