{"id":20648,"date":"2023-07-28T13:39:01","date_gmt":"2023-07-28T13:39:01","guid":{"rendered":"https:\/\/www.customywear.com\/?post_type=product&#038;p=20648"},"modified":"2026-05-05T20:00:28","modified_gmt":"2026-05-05T20:00:28","slug":"tricouri-cocos-ride-cuplu-personalizate","status":"publish","type":"product","link":"https:\/\/www.customywear.com\/ro\/personalized-rooster-ride-couples-shirts\/","title":{"rendered":"Personalizate Coco\u0219 Plimbare Cupluri Tricouri Personalizate Funny Pui Tee"},"content":{"rendered":"<p>Aprinde r\u00e2sete \u0219i camaraderie cu tricourile noastre personalizate pentru cupluri cu tema \u201eC\u0103l\u0103torie cu coco\u0219\u201d, o fuziune imaginativ\u0103 \u00eentre creativitate \u0219i personalizare. Imbarc\u0103-te \u00eentr-o aventur\u0103 fantezist\u0103, \u00een timp ce fotografia ta se transform\u0103 \u00eentr-un portret vectorial captivant, \u00eenf\u0103\u021bi\u0219\u00e2ndu-te pe tine \u0219i pe cei dragi c\u0103lare pe un coco\u0219 energic. Acest design unic surprinde esen\u021ba unit\u0103\u021bii \u0219i este destinat s\u0103 devin\u0103 tricoul t\u0103u personalizat pre\u021bios, \u00eentruchip\u00e2nd at\u00e2t stil, c\u00e2t \u0219i conexiune.<\/p>\n<p>Procesul nostru de design \u00eembin\u0103 fine\u021bea Adobe Illustrator \u0219i Adobe Photoshop pentru a crea o art\u0103 rafinat\u0103, adus\u0103 la via\u021b\u0103 perfect prin imprimarea DTG pe tricourile noastre unisex cu m\u00e2nec\u0103 lung\u0103 \u0219i scurt\u0103. O lume de posibilit\u0103\u021bi v\u0103 a\u0219teapt\u0103, adres\u00e2ndu-se tuturor v\u00e2rstelor, de la copii mici la adul\u021bi, asigur\u00e2nd o croial\u0103 confortabil\u0103 \u0219i versatil\u0103. Cufunda\u021bi-v\u0103 \u00eentr-o c\u0103l\u0103torie remarcabil\u0103 a expresiilor comune, \u00een timp ce prezenta\u021bi cu m\u00e2ndrie o capodoper\u0103 purtabil\u0103, care transmite c\u0103ldura conexiunii personale.<\/p>\n<p>Descoperi\u021bi o comoar\u0103 de modele, fiecare o m\u0103rturie a t\u0103r\u00e2mului nem\u0103rginit al modei personalizate. Angajamentul nostru fa\u021b\u0103 de precizie \u0219i calitate str\u0103luce\u0219te, transform\u00e2nd fiecare fir al tricourilor noastre personalizate \u00eentr-o p\u00e2nz\u0103 de amintiri. Dezl\u0103n\u021bui\u021bi-v\u0103 spiritul creativ \u0219i explora\u021bi nenum\u0103ratele moduri \u00een care pute\u021bi face o declara\u021bie de stil, \u00een timp ce v\u0103 bucura\u021bi de confortul hainelor create special pentru dvs. C\u00e2nd purta\u021bi tricoul personalizat cu coco\u0219ul, nu purta\u021bi doar un tricou - purta\u021bi un simbol al momentelor \u00eemp\u0103rt\u0103\u0219ite \u0219i al r\u00e2sului care define\u0219te c\u0103l\u0103toria voastr\u0103 unic\u0103 \u00eempreun\u0103.<\/p>","protected":false},"excerpt":{"rendered":"<p>C\u0103l\u0103tori\u021bi \u00eempreun\u0103 cu c\u0103m\u0103\u0219ile personalizate pentru cupluri Ride Rooster. Tricourile de pui amuzante personalizate transform\u0103 orice fotografie \u00eentr-un tricou ciudat, asortat.<\/p>","protected":false},"featured_media":100258,"comment_status":"open","ping_status":"closed","template":"","meta":{"_acf_changed":false},"product_brand":[],"product_cat":[6197,6412,6428],"product_tag":[252,1025,1432,258,112],"class_list":{"0":"post-20648","1":"product","2":"type-product","3":"status-publish","4":"has-post-thumbnail","6":"product_cat-t-shirts-couple","7":"product_cat-photo-to-tees","8":"product_cat-translate-products","9":"product_tag-couple","10":"product_tag-funny_couples_shirts","11":"product_tag-gardening_shirt","12":"product_tag-valentine","13":"product_tag-women","14":"wcpa_has_options","16":"first","17":"instock","18":"taxable","19":"shipping-taxable","20":"purchasable","21":"product-type-simple"},"acf":[],"wcpa_form_fields":{"wcpaData":{"product":{"product_price":24.99,"price_html":"<span class=\"wmc-wc-price\" ><span class=\"woocommerce-Price-amount amount\"><bdi><span class=\"woocommerce-Price-currencySymbol\">&euro;<\/span>24,99<\/bdi><\/span><span data-wmc_price_cache=\"{&quot;USD&quot;:&quot;&lt;span class=\\&quot;woocommerce-Price-amount amount\\&quot;&gt;&lt;bdi&gt;&lt;span class=\\&quot;woocommerce-Price-currencySymbol\\&quot;&gt;&amp;#36;&lt;\\\/span&gt;29,49&lt;\\\/bdi&gt;&lt;\\\/span&gt;&quot;,&quot;EUR&quot;:&quot;&lt;span class=\\&quot;woocommerce-Price-amount amount\\&quot;&gt;&lt;bdi&gt;&lt;span class=\\&quot;woocommerce-Price-currencySymbol\\&quot;&gt;&amp;euro;&lt;\\\/span&gt;24,99&lt;\\\/bdi&gt;&lt;\\\/span&gt;&quot;,&quot;CAD&quot;:&quot;&lt;span class=\\&quot;woocommerce-Price-amount amount\\&quot;&gt;&lt;bdi&gt;&lt;span class=\\&quot;woocommerce-Price-currencySymbol\\&quot;&gt;CAD$ &lt;\\\/span&gt;40,23&lt;\\\/bdi&gt;&lt;\\\/span&gt;&quot;,&quot;GBP&quot;:&quot;&lt;span class=\\&quot;woocommerce-Price-amount amount\\&quot;&gt;&lt;bdi&gt;&lt;span class=\\&quot;woocommerce-Price-currencySymbol\\&quot;&gt;&amp;pound;&lt;\\\/span&gt;21,49&lt;\\\/bdi&gt;&lt;\\\/span&gt;&quot;,&quot;PLN&quot;:&quot;&lt;span class=\\&quot;woocommerce-Price-amount amount\\&quot;&gt;&lt;bdi&gt;&lt;span class=\\&quot;woocommerce-Price-currencySymbol\\&quot;&gt;z\\u0142 &lt;\\\/span&gt;105,96&lt;\\\/bdi&gt;&lt;\\\/span&gt;&quot;,&quot;SEK&quot;:&quot;&lt;span class=\\&quot;woocommerce-Price-amount amount\\&quot;&gt;&lt;bdi&gt;&lt;span class=\\&quot;woocommerce-Price-currencySymbol\\&quot;&gt;kr &lt;\\\/span&gt;271,14&lt;\\\/bdi&gt;&lt;\\\/span&gt;&quot;,&quot;AUD&quot;:&quot;&lt;span class=\\&quot;woocommerce-Price-amount amount\\&quot;&gt;&lt;bdi&gt;&lt;span class=\\&quot;woocommerce-Price-currencySymbol\\&quot;&gt;AUD$ &lt;\\\/span&gt;40,48&lt;\\\/bdi&gt;&lt;\\\/span&gt;&quot;,&quot;JPY&quot;:&quot;&lt;span class=\\&quot;woocommerce-Price-amount amount\\&quot;&gt;&lt;bdi&gt;&lt;span class=\\&quot;woocommerce-Price-currencySymbol\\&quot;&gt;&amp;yen;&lt;\\\/span&gt;4.625,15&lt;\\\/bdi&gt;&lt;\\\/span&gt;&quot;,&quot;CZK&quot;:&quot;&lt;span class=\\&quot;woocommerce-Price-amount amount\\&quot;&gt;&lt;bdi&gt;&lt;span class=\\&quot;woocommerce-Price-currencySymbol\\&quot;&gt;K\\u010d &lt;\\\/span&gt;608,01&lt;\\\/bdi&gt;&lt;\\\/span&gt;&quot;,&quot;NZD&quot;:&quot;&lt;span class=\\&quot;woocommerce-Price-amount amount\\&quot;&gt;&lt;bdi&gt;&lt;span class=\\&quot;woocommerce-Price-currencySymbol\\&quot;&gt;NZD$ &lt;\\\/span&gt;49,23&lt;\\\/bdi&gt;&lt;\\\/span&gt;&quot;,&quot;CHF&quot;:&quot;&lt;span class=\\&quot;woocommerce-Price-amount amount\\&quot;&gt;&lt;bdi&gt;&lt;span class=\\&quot;woocommerce-Price-currencySymbol\\&quot;&gt;CHF &lt;\\\/span&gt;22,99&lt;\\\/bdi&gt;&lt;\\\/span&gt;&quot;}\" style=\"display: none;\" class=\"wmc-price-cache-list\"><\/span><\/span>","original_product_price":24.99,"price_including_tax":24.99,"price_excluding_tax":20.825,"product_id":{"parent":20648,"variation":false},"is_variable":false,"stock_status":"instock","stock_quantity":null,"parent_sku":"custom-tees-223","product_attributes":{"pa_color":{"is_variation":false,"values":["black","white","navy","red"]},"pa_style":{"is_variation":false,"values":["couple-t-shirt"]},"pa_customization":{"is_variation":false,"values":["add-your-photo","add-your-text-or-name","add-your-logo"]},"pa_material":{"is_variation":false,"values":["100-cotton"]},"pa_key-details":{"is_variation":false,"values":["unisex","regular-fit","premium-quality","digital-art"]},"pa_brand":{"is_variation":false,"values":["customywear"]},"pa_age-group":{"is_variation":false,"values":["adult"]},"pa_size":{"is_variation":false,"values":["xs","s","m","l","xl","2xl","3xl"]},"pa_print-type":{"is_variation":false,"values":["dtg-print-direct-to-garment"]},"pa_gender":{"is_variation":false,"values":["unisex"]}},"custom_fields":[],"is_taxable":true,"product_name":"Personalized Rooster Ride Couples Shirts - Custom Funny Chicken Tee"},"fields":{"sec_668d392cdb359a":{"extra":{"key":"sec_668d392cdb359a","section_id":"sec_668d392cdb359a","name":"T-shirt size and color","status":1,"cl_rule":"show","enableCl":false,"relations":[],"toggle":true,"title_tag":"h4","show_title":false,"showPrice":"default","form_id":137337,"form_rules":{"exclude_from_discount":false,"fee_label":"Fee","disp_hide_options_price":false,"disp_show_section_price":false,"disp_show_field_price":true,"layout_option":"standard","pric_use_as_fee":false,"process_fee_as":"woo_fee"},"layout_option":"standard"},"fields":[[{"active":true,"col":6,"relations":false,"cl_rule":"show","enableCl":false,"price":"","enablePrice":false,"className":"","label_position":"default","desc_position":"default","type":"color-group","required":false,"elementId":"color_group_6231271873","label":"Color","name":"color_group_6231271873","disp_type":"circle","values":[{"label":"Black","value":"Black","selected":false,"color":"#000000","tempId":"aco_909","gt_translate_keys":["label"]},{"label":"White","value":"White","selected":false,"color":"#ffffff","tempId":"aco_910","gt_translate_keys":["label"]},{"label":"Navy","value":"Navy","selected":false,"color":"#213a92","tempId":"aco_911","gt_translate_keys":["label"]},{"label":"Red","value":"Red","selected":false,"color":"#d0021b","tempId":"aco_1102","gt_translate_keys":["label"]}],"layOut":"inline","error":false,"tooltip":"Pick your preferred T-shirt color","selection_type":"tick-border","show_selected_option":true,"adjust_width":true,"show_label_inside":false,"cart_display_type":"text","gt_translate_keys":["label","tooltip"],"price_dependency":false,"cl_dependency":false,"value":""}],[{"active":true,"col":6,"relations":false,"cl_rule":"show","enableCl":false,"price":"","enablePrice":false,"className":"","label_position":"default","desc_position":"default","type":"radio-group","required":false,"elementId":"radio-group_068d392cdb35d9","label":"Size ","name":"radio-group_068d392cdb35d9","values":[{"label":"XS","value":"XS","selected":false,"tempId":"aco_128","gt_translate_keys":["label"]},{"label":"S","value":"S","selected":false,"tempId":"aco_129","gt_translate_keys":["label"]},{"label":"M","value":"M","selected":false,"tempId":"aco_130","gt_translate_keys":["label"]},{"label":"L","value":"L","selected":false,"tempId":"aco_212","gt_translate_keys":["label"]},{"label":"XL","value":"XL","selected":false,"tempId":"aco_222","gt_translate_keys":["label"]},{"label":"2XL","value":"2XL","selected":false,"tempId":"aco_286","gt_translate_keys":["label"]},{"label":"3XL","value":"3XL","selected":false,"tempId":"aco_350","gt_translate_keys":["label"]}],"layOut":"inline","error":false,"checkUi":"button","tooltip":"Choose your T-shirt size \u2013 suitable for both men and women.","show_selected_option":true,"gt_translate_keys":["label","tooltip"],"price_dependency":false,"cl_dependency":false,"value":""}],[{"active":true,"col":6,"relations":[{"operator":false,"rules":[{"operator":"AND","rules":{"cl_field":"select_1672e1bffc57b9","cl_relation":"is_empty","cl_val":true}}]}],"cl_rule":"hide","enableCl":false,"price":"","enablePrice":false,"className":"","label_position":"default","desc_position":"default","type":"file","required":false,"elementId":"file_968d392cdb35ef","name":"file_968d392cdb35ef","label":"Upload your photo(s)","upload_type":"droppable","uploadSize":"50","file_types":["images","docs","design"],"exts_supported":["jpg","jpeg","png","gif","webp","pdf","PSD"],"error":false,"hideImageIn_email":true,"multiple_upload":true,"max_file_count":"25","tooltip":"Upload a couple's photo or separate photos; we will combine both individuals together.","cartLabel":"Photo(s)","allowedFileTypes":".jpg,.jpeg,.png,.gif,.webp,.pdf,.PSD,image\/*,.doc,.docx,.xml,.dot,.docm,.dotm,.dotx,.htm,.html,.odt,.rtf,.txt,.wps,.xps,application\/msword,application\/vnd,.psd,.eps,.ai,.indd,.raw","gt_translate_keys":["label","tooltip"],"price_dependency":false,"cl_dependency":false,"value":""}],[{"active":true,"col":6,"relations":false,"cl_rule":"show","enableCl":false,"price":"","enablePrice":false,"className":"","label_position":"default","desc_position":"default","type":"checkbox","required":false,"elementId":"checkbox_468d392cdb360a","label":"View more options","name":"checkbox_468d392cdb360a","value":"","check_value":"Yes","checkUi":"","error":false,"hideFieldIn_cart":true,"hideFieldIn_order":true,"gt_translate_keys":["label","value","check_value"],"price_dependency":false,"cl_dependency":["text_868d392cdb366a","radio-group_268d392cdb3682","radio-group_368d392cdb3697"]}],[{"active":true,"col":6,"relations":[{"operator":false,"rules":[{"operator":"AND","rules":{"cl_field":"checkbox_468d392cdb360a","cl_relation":"is","cl_val":true}}]}],"cl_rule":"show","enableCl":true,"price":"","enablePrice":false,"className":"","label_position":"default","desc_position":"default","type":"text","subtype":"text","required":false,"elementId":"text_868d392cdb366a","label":"Add text to your T-shirt design (optional)","name":"text_868d392cdb366a","value":"","error":false,"tooltip":"Your text will be added to the top or bottom of the T-shirt design.","placeholder":"eg: Emma & John: Best Couple Ever","cartLabel":"Text","gt_translate_keys":["label","placeholder","value","tooltip"],"price_dependency":false,"cl_dependency":false}],[{"active":true,"col":6,"relations":[{"operator":false,"rules":[{"operator":"AND","rules":{"cl_field":"checkbox_468d392cdb360a","cl_relation":"is","cl_val":true}}]}],"cl_rule":"show","enableCl":true,"price":"","enablePrice":false,"className":"","label_position":"default","desc_position":"default","type":"radio-group","required":true,"elementId":"radio-group_268d392cdb3682","label":"Select t-shirt print location","name":"radio-group_268d392cdb3682","values":[{"label":"Front Side","value":"Front Side","selected":true,"tempId":"aco_5504","gt_translate_keys":["label"]},{"label":"Back Side","value":"Back Side","selected":false,"tempId":"aco_5505","gt_translate_keys":["label"]}],"layOut":"inline","error":false,"checkUi":"","cartLabel":"Print location","gt_translate_keys":["label"],"price_dependency":false,"cl_dependency":false,"value":""}],[{"active":true,"col":6,"relations":[{"operator":false,"rules":[{"operator":"AND","rules":{"cl_field":"checkbox_468d392cdb360a","cl_relation":"is","cl_val":true}}]}],"cl_rule":"show","enableCl":true,"price":"","enablePrice":false,"className":"","label_position":"default","desc_position":"default","type":"radio-group","required":false,"elementId":"radio-group_368d392cdb3697","label":"Would you like to review the design before printing?","name":"radio-group_368d392cdb3697","values":[{"label":"No","value":"No","selected":true,"tempId":"aco_6274","gt_translate_keys":["label"]},{"label":"Yes","value":"Yes","selected":false,"tempId":"aco_6275","price":"","gt_translate_keys":["label"]}],"layOut":"inline","error":false,"checkUi":"","priceOptions":"different_for_all","pricingType":"fixed","use_as_fee":false,"fee_label":"Preview Image","tooltip":"If yes, we\u2019ll email you a preview of the design before printing. This may add 1-2 days to delivery time.*","cartLabel":"Preview Image","hideFieldIn_cart":true,"hideFieldIn_order":false,"gt_translate_keys":["label","tooltip"],"price_dependency":false,"cl_dependency":["content_068d392cdb36ab"],"value":""}],[{"active":true,"col":6,"relations":[{"operator":false,"rules":[{"operator":"AND","rules":{"cl_field":"radio-group_368d392cdb3697","cl_relation":"is","cl_val":"Yes"}}]}],"cl_rule":"show","enableCl":true,"price":"","enablePrice":false,"className":"","label_position":"default","desc_position":"default","type":"content","required":false,"elementId":"content_068d392cdb36ab","label":"","name":"content_068d392cdb36ab","contentType":"plain","value":"Please check your inbox, including Spam or other folders, within 1-2 business days for the preview image","error":false,"subtype":"p","hideFieldIn_cart":true,"hideFieldIn_order":true,"gt_translate_keys":["label","value"],"price_dependency":false,"cl_dependency":false}]]}},"config":{"price_override":"","enable_recaptcha":false,"bind_quantity":false,"quantity_bind_formula":false,"disp_summ_show_option_price":false,"disp_summ_show_product_price":false,"disp_summ_show_total_price":false,"disp_summ_show_fee":false,"disp_summ_show_discount":false,"summary_title":"","options_total_label":"Options Price","total_label":"Total","options_product_label":"Product Price","fee_label":"Fee","discount_label":"Discount","has_price":true,"has_quantity_formula":false},"mc_unit":1,"tax_rate":1,"tax_rate_real":0,"discount":{"percentage":0,"fixed":0},"design":{"conf":{"LabelPosition":"above","DescPosition":"above","UploadField":"default","QuantityFieldStyle":"default"},"css":{"LeftLabelWidth":"120px"}},"formulas":[],"clones":false,"cartKey":false}},"_links":{"self":[{"href":"https:\/\/www.customywear.com\/ro\/wp-json\/wp\/v2\/product\/20648","targetHints":{"allow":["GET"]}}],"collection":[{"href":"https:\/\/www.customywear.com\/ro\/wp-json\/wp\/v2\/product"}],"about":[{"href":"https:\/\/www.customywear.com\/ro\/wp-json\/wp\/v2\/types\/product"}],"replies":[{"embeddable":true,"href":"https:\/\/www.customywear.com\/ro\/wp-json\/wp\/v2\/comments?post=20648"}],"wp:featuredmedia":[{"embeddable":true,"href":"https:\/\/www.customywear.com\/ro\/wp-json\/wp\/v2\/media\/100258"}],"wp:attachment":[{"href":"https:\/\/www.customywear.com\/ro\/wp-json\/wp\/v2\/media?parent=20648"}],"wp:term":[{"taxonomy":"product_brand","embeddable":true,"href":"https:\/\/www.customywear.com\/ro\/wp-json\/wp\/v2\/product_brand?post=20648"},{"taxonomy":"product_cat","embeddable":true,"href":"https:\/\/www.customywear.com\/ro\/wp-json\/wp\/v2\/product_cat?post=20648"},{"taxonomy":"product_tag","embeddable":true,"href":"https:\/\/www.customywear.com\/ro\/wp-json\/wp\/v2\/product_tag?post=20648"}],"curies":[{"name":"wp","href":"https:\/\/api.w.org\/{rel}","templated":true}]}}