{"id":20661,"date":"2023-07-28T13:39:20","date_gmt":"2023-07-28T13:39:20","guid":{"rendered":"https:\/\/www.customywear.com\/?post_type=product&#038;p=20661"},"modified":"2026-05-16T11:12:54","modified_gmt":"2026-05-16T11:12:54","slug":"transform-photo-golf-personalizat-tricou","status":"publish","type":"product","link":"https:\/\/www.customywear.com\/ro\/transform-photo-golf-custom-tee\/","title":{"rendered":"Transform\u0103-\u021bi fotografia \u00eentr-o capodoper\u0103 de golf | Tricou personalizat"},"content":{"rendered":"<p>Cre\u0219te-\u021bi pasiunea pentru golf cu ajutorul nostru <strong>Transform\u0103-\u021bi fotografia \u00eentr-un tricou personalizat de golf<\/strong>Cufund\u0103-te \u00een lumea golfului, \u00een timp ce transform\u0103m cu m\u0103iestrie fotografia ta pre\u021bioas\u0103 \u00eentr-un portret vectorial captivant. Imagineaz\u0103-te pe terenul de golf luxuriant, lovind mingea pentru lovitura perfect\u0103. Acest tricou personalizat este mai mult dec\u00e2t o simpl\u0103 \u00eembr\u0103c\u0103minte; este o oper\u0103 de art\u0103 care surprinde dragostea ta pentru acest joc. Artizanii no\u0219tri pricepu\u021bi valorific\u0103 puterea programelor Adobe Illustrator \u0219i Adobe Photoshop pentru a crea fiecare design cu precizie. Rezultatul este o oper\u0103 de art\u0103 vectorial\u0103 de \u00eenalt\u0103 calitate, care d\u0103 via\u021b\u0103 momentului t\u0103u de golf. Prin procesul nostru avansat de imprimare DTG, culorile r\u0103m\u00e2n vibrante, asigur\u00e2nd o impresie de durat\u0103. Disponibile \u00een stiluri unisex, adaptate pentru adul\u021bi, tineri, copii \u0219i chiar copii mici, tricourile noastre se adreseaz\u0103 pasiona\u021bilor de golf de toate v\u00e2rstele. Surprinde un iubitor de golf sau r\u0103sfa\u021b\u0103-te cu o pies\u0103 nostalgic\u0103 pe care o po\u021bi purta. Acest tricou personalizat este un cadou ideal pentru ocazii speciale sau un semn de apreciere. Personalizeaz\u0103 designul \u0219i mai mult, \u00eencorpor\u00e2nd nu doar fa\u021ba ta, ci \u0219i pe cea a prietenului t\u0103u bl\u0103nos, transform\u00e2ndu-l \u00eentr-o amintire pre\u021bioas\u0103 a leg\u0103turii voastre unice. Exploreaz\u0103 colec\u021bia noastr\u0103 de modele similare \u0219i las\u0103-\u021bi amintirile s\u0103 joace mingea cu stil.<\/p>","protected":false},"excerpt":{"rendered":"<p>Lovi\u021bi verdele cu Transforma\u021bi-v\u0103 fotografia \u00eentr-un tricou personalizat Golf Masterpiece. Transform\u0103 orice fotografie \u00eentr-un tricou personalizat unic, cu tematic\u0103 de golf.<\/p>","protected":false},"featured_media":142768,"comment_status":"open","ping_status":"closed","template":"","meta":{"_acf_changed":false},"product_brand":[],"product_cat":[6195,933,186,6412,310,6428],"product_tag":[6433,934,937,938,2075,6216,1039,105,6442],"class_list":{"0":"post-20661","1":"product","2":"type-product","3":"status-publish","4":"has-post-thumbnail","6":"product_cat-t-shirts-men","7":"product_cat-custom-gifts-golf-players","8":"product_cat-men","9":"product_cat-photo-to-tees","10":"product_cat-sports-shirts","11":"product_cat-translate-products","12":"product_tag-ai-artwork","13":"product_tag-birthday_shirt","14":"product_tag-golf","15":"product_tag-golf_gifts","16":"product_tag-golf_shirt","17":"product_tag-mens-custom-t-shirts","18":"product_tag-retirement_gift","19":"product_tag-summer_shirt","20":"product_tag-top-artwork","22":"first","23":"instock","24":"taxable","25":"shipping-taxable","26":"purchasable","27":"product-type-simple"},"acf":[],"wcpa_form_fields":null,"_links":{"self":[{"href":"https:\/\/www.customywear.com\/ro\/wp-json\/wp\/v2\/product\/20661","targetHints":{"allow":["GET"]}}],"collection":[{"href":"https:\/\/www.customywear.com\/ro\/wp-json\/wp\/v2\/product"}],"about":[{"href":"https:\/\/www.customywear.com\/ro\/wp-json\/wp\/v2\/types\/product"}],"replies":[{"embeddable":true,"href":"https:\/\/www.customywear.com\/ro\/wp-json\/wp\/v2\/comments?post=20661"}],"wp:featuredmedia":[{"embeddable":true,"href":"https:\/\/www.customywear.com\/ro\/wp-json\/wp\/v2\/media\/142768"}],"wp:attachment":[{"href":"https:\/\/www.customywear.com\/ro\/wp-json\/wp\/v2\/media?parent=20661"}],"wp:term":[{"taxonomy":"product_brand","embeddable":true,"href":"https:\/\/www.customywear.com\/ro\/wp-json\/wp\/v2\/product_brand?post=20661"},{"taxonomy":"product_cat","embeddable":true,"href":"https:\/\/www.customywear.com\/ro\/wp-json\/wp\/v2\/product_cat?post=20661"},{"taxonomy":"product_tag","embeddable":true,"href":"https:\/\/www.customywear.com\/ro\/wp-json\/wp\/v2\/product_tag?post=20661"}],"curies":[{"name":"wp","href":"https:\/\/api.w.org\/{rel}","templated":true}]}}