{"id":20679,"date":"2023-07-28T13:39:32","date_gmt":"2023-07-28T13:39:32","guid":{"rendered":"https:\/\/www.customywear.com\/?post_type=product&#038;p=20679"},"modified":"2026-05-05T20:24:11","modified_gmt":"2026-05-05T20:24:11","slug":"tricou-sala-muschi-vintage-personalizat","status":"publish","type":"product","link":"https:\/\/www.customywear.com\/ro\/personalized-gym-shirts-vintage-muscle\/","title":{"rendered":"Tricouri de sal\u0103 personalizate \u2013 Tricou vintage pentru antrenament muscular cu fotografia ta"},"content":{"rendered":"<p>\u00cembun\u0103t\u0103\u021be\u0219te-\u021bi \u021binuta de antrenament cu tricourile noastre personalizate de sal\u0103, o fuziune perfect\u0103 \u00eentre estetica vintage \u0219i stilul personalizat. Folosind fotografia ta ca inspira\u021bie, cre\u0103m un portret vectorial dinamic care te transform\u0103 \u00eentr-o icoan\u0103 muscular\u0103, demonstr\u00e2nd dedicarea ta fa\u021b\u0103 de antrenamentul cu gantere. Acest tricou personalizat cu fotografie este un omagiu adus pasiona\u021bilor de culturism \u0219i pasiona\u021bilor de sal\u0103, fiind partenerul ideal pentru antrenament \u0219i un cadou atent pentru cei care apreciaz\u0103 arta fitnessului.<\/p>\n<p>Valorific\u00e2nd puterea creativ\u0103 a programelor Adobe Illustrator \u0219i Adobe Photoshop, proiect\u0103m meticulos grafic\u0103 vectorial\u0103 de \u00eenalt\u0103 calitate care surprinde esen\u021ba inspira\u021biei musculare vintage. Tehnica noastr\u0103 avansat\u0103 de imprimare DTG asigur\u0103 modele durabile \u0219i vibrante at\u00e2t pe tricouri unisex cu m\u00e2nec\u0103 lung\u0103, c\u00e2t \u0219i pe m\u00e2nec\u0103 scurt\u0103, adres\u00e2ndu-se adul\u021bilor, tinerilor, copiilor \u0219i copiilor mici. \u00cembr\u0103\u021bi\u0219eaz\u0103 t\u0103r\u00e2mul personaliz\u0103rii, infuz\u00e2nd fiecare model cu farmecul fe\u021belor umane \u0219i ale animalelor de companie, cre\u00e2nd o declara\u021bie de fitness unic\u0103 \u0219i inspiratoare.<\/p>\n<p>Experimenteaz\u0103 amestecul armonios dintre farmecul vintage \u0219i personalizarea modern\u0103 cu gama noastr\u0103 divers\u0103 de modele cu tematic\u0103 de sal\u0103, fiecare fiind o dovad\u0103 a dedic\u0103rii tale c\u0103l\u0103toriei tale de fitness. Aceste tricouri personalizate de antrenament dep\u0103\u0219esc limitele hainelor obi\u0219nuite, servind drept p\u00e2nz\u0103 pentru pasiunea ta pentru fitness \u0219i motiv\u00e2ndu-i pe al\u021bii s\u0103 se angajeze \u00een propriile c\u0103ut\u0103ri de wellness. Fie c\u0103 te antrenezi cu greut\u0103\u021bi, mergi la sal\u0103 sau cau\u021bi aventuri \u00een aer liber, las\u0103 tricoul t\u0103u personalizat de sal\u0103 s\u0103 fie o reflectare a angajamentului t\u0103u fa\u021b\u0103 de s\u0103n\u0103tate \u0219i poart\u0103 o oper\u0103 de art\u0103 care spune povestea ta unic\u0103 de fitness.<\/p>","protected":false},"excerpt":{"rendered":"<p>S\u0103rb\u0103tore\u0219te puterea vintage cu c\u0103m\u0103\u0219i de gimnastic\u0103 personalizate. Tricourile de antrenament muscular transform\u0103 orice fotografie \u00eentr-un tricou \u00eendr\u0103zne\u021b, de inspira\u021bie retro.<\/p>","protected":false},"featured_media":143247,"comment_status":"open","ping_status":"closed","template":"","meta":{"_acf_changed":false},"product_brand":[],"product_cat":[6195,526,186,6337,6412,6428],"product_tag":[6433,6217,6165,546,6216],"class_list":{"0":"post-20679","1":"product","2":"type-product","3":"status-publish","4":"has-post-thumbnail","6":"product_cat-t-shirts-men","7":"product_cat-gym-shirts","8":"product_cat-men","9":"product_cat-mens-gym-t-shirts","10":"product_cat-photo-to-tees","11":"product_cat-translate-products","12":"product_tag-ai-artwork","13":"product_tag-custom-t-shirt","14":"product_tag-custom-gym-tees","15":"product_tag-gym","16":"product_tag-mens-custom-t-shirts","18":"first","19":"instock","20":"taxable","21":"shipping-taxable","22":"purchasable","23":"product-type-simple"},"acf":[],"wcpa_form_fields":null,"_links":{"self":[{"href":"https:\/\/www.customywear.com\/ro\/wp-json\/wp\/v2\/product\/20679","targetHints":{"allow":["GET"]}}],"collection":[{"href":"https:\/\/www.customywear.com\/ro\/wp-json\/wp\/v2\/product"}],"about":[{"href":"https:\/\/www.customywear.com\/ro\/wp-json\/wp\/v2\/types\/product"}],"replies":[{"embeddable":true,"href":"https:\/\/www.customywear.com\/ro\/wp-json\/wp\/v2\/comments?post=20679"}],"wp:featuredmedia":[{"embeddable":true,"href":"https:\/\/www.customywear.com\/ro\/wp-json\/wp\/v2\/media\/143247"}],"wp:attachment":[{"href":"https:\/\/www.customywear.com\/ro\/wp-json\/wp\/v2\/media?parent=20679"}],"wp:term":[{"taxonomy":"product_brand","embeddable":true,"href":"https:\/\/www.customywear.com\/ro\/wp-json\/wp\/v2\/product_brand?post=20679"},{"taxonomy":"product_cat","embeddable":true,"href":"https:\/\/www.customywear.com\/ro\/wp-json\/wp\/v2\/product_cat?post=20679"},{"taxonomy":"product_tag","embeddable":true,"href":"https:\/\/www.customywear.com\/ro\/wp-json\/wp\/v2\/product_tag?post=20679"}],"curies":[{"name":"wp","href":"https:\/\/api.w.org\/{rel}","templated":true}]}}