{"id":20690,"date":"2023-07-28T13:39:39","date_gmt":"2023-07-28T13:39:39","guid":{"rendered":"https:\/\/www.customywear.com\/?post_type=product&#038;p=20690"},"modified":"2026-05-16T13:07:48","modified_gmt":"2026-05-16T13:07:48","slug":"tricou-de-calatorie-rochie-indiana-personalizata","status":"publish","type":"product","link":"https:\/\/www.customywear.com\/ro\/custom-indian-dress-travel-t-shirt\/","title":{"rendered":"Custom Indian Saree T-Shirt for women &#8211; India Taj mahal travel tee"},"content":{"rendered":"<p>Cufund\u0103-te \u00een bogata tapiserie a culturii indiene cu captivantul nostru tricou personalizat tradi\u021bional indian. Prin artizanii no\u0219tri pricepu\u021bi \u0219i arta vectorial\u0103 premium, fotografia ta este transformat\u0103 \u00eentr-o reprezentare rafinat\u0103 a ta, \u00eembr\u0103cat \u00een \u021binute tradi\u021bionale indiene. Acest tricou personalizat serve\u0219te drept cadou atemporal pentru pasiona\u021bii de c\u0103l\u0103torii, \u00eencapsul\u00e2nd esen\u021ba mo\u0219tenirii indiene \u00eentr-o capodoper\u0103 purtabil\u0103. Creat meticulos folosind Adobe Illustrator \u0219i Adobe Photoshop, arta noastr\u0103 vectorial\u0103 surprinde detaliile complexe ale \u00eembr\u0103c\u0103mintei tradi\u021bionale indiene, celebr\u00e2ndu-i elegan\u021ba \u0219i frumuse\u021bea. Indiferent dac\u0103 optezi pentru un tricou cu m\u00e2nec\u0103 scurt\u0103 sau lung\u0103, aceast\u0103 minune unisex se adreseaz\u0103 tuturor v\u00e2rstelor - adul\u021bi, tineri, copii \u0219i copii mici. Nu este doar un tricou; este o \u00eentruchipare a aprecierii tale pentru explorarea cultural\u0103 \u0219i experien\u021bele globale. Infuzeaz\u0103-\u021bi individualitatea \u00eencorpor\u00e2nd diverse fe\u021be umane \u0219i de animale de companie \u00een acest design. Tehnologia noastr\u0103 de imprimare DTG de ultim\u0103 genera\u021bie asigur\u0103 culori vibrante \u0219i o calitate durabil\u0103. Dincolo de o simpl\u0103 pies\u0103 vestimentar\u0103, acest tricou personalizat devine o p\u00e2nz\u0103 pentru amintirile \u0219i aventurile tale de c\u0103l\u0103torie. Poart\u0103 cu m\u00e2ndrie farmecul fermec\u0103tor al Indiei \u0219i exploreaz\u0103 un t\u0103r\u00e2m de modele similare care aduc un omagiu culturilor diverse. \u00cembun\u0103t\u0103\u021be\u0219te-\u021bi garderoba cu un tricou care surprinde magia c\u0103l\u0103toriilor tale \u0219i reprezint\u0103 o m\u0103rturie a aprecierii tale culturale.<\/p>","protected":false},"excerpt":{"rendered":"<p>S\u0103rb\u0103tore\u0219te cultura cu un tricou personalizat tradi\u021bional indian. Tricoul cu fotografii personalizate pentru pasiona\u021bii de c\u0103l\u0103torii transform\u0103 orice fotografie \u00eentr-un tricou unic, cultural.<\/p>","protected":false},"featured_media":142871,"comment_status":"open","ping_status":"closed","template":"","meta":{"_acf_changed":false},"product_brand":[],"product_cat":[6191,6264,6412,6428,6355],"product_tag":[6433,2309,2314,70,209],"class_list":{"0":"post-20690","1":"product","2":"type-product","3":"status-publish","4":"has-post-thumbnail","6":"product_cat-t-shirts-women","7":"product_cat-custom-gifts-indian-culture","8":"product_cat-photo-to-tees","9":"product_cat-translate-products","10":"product_cat-womens-culture-country-t-shirts","11":"product_tag-ai-artwork","12":"product_tag-diwali_gift","13":"product_tag-indian_wedding","14":"product_tag-travel_gift","15":"product_tag-travel_lover_gift","17":"first","18":"instock","19":"taxable","20":"shipping-taxable","21":"purchasable","22":"product-type-simple"},"acf":[],"wcpa_form_fields":null,"_links":{"self":[{"href":"https:\/\/www.customywear.com\/ro\/wp-json\/wp\/v2\/product\/20690","targetHints":{"allow":["GET"]}}],"collection":[{"href":"https:\/\/www.customywear.com\/ro\/wp-json\/wp\/v2\/product"}],"about":[{"href":"https:\/\/www.customywear.com\/ro\/wp-json\/wp\/v2\/types\/product"}],"replies":[{"embeddable":true,"href":"https:\/\/www.customywear.com\/ro\/wp-json\/wp\/v2\/comments?post=20690"}],"wp:featuredmedia":[{"embeddable":true,"href":"https:\/\/www.customywear.com\/ro\/wp-json\/wp\/v2\/media\/142871"}],"wp:attachment":[{"href":"https:\/\/www.customywear.com\/ro\/wp-json\/wp\/v2\/media?parent=20690"}],"wp:term":[{"taxonomy":"product_brand","embeddable":true,"href":"https:\/\/www.customywear.com\/ro\/wp-json\/wp\/v2\/product_brand?post=20690"},{"taxonomy":"product_cat","embeddable":true,"href":"https:\/\/www.customywear.com\/ro\/wp-json\/wp\/v2\/product_cat?post=20690"},{"taxonomy":"product_tag","embeddable":true,"href":"https:\/\/www.customywear.com\/ro\/wp-json\/wp\/v2\/product_tag?post=20690"}],"curies":[{"name":"wp","href":"https:\/\/api.w.org\/{rel}","templated":true}]}}