{"id":20691,"date":"2023-07-28T13:39:40","date_gmt":"2023-07-28T13:39:40","guid":{"rendered":"https:\/\/www.customywear.com\/?post_type=product&#038;p=20691"},"modified":"2026-05-05T20:24:11","modified_gmt":"2026-05-05T20:24:11","slug":"tricou-cu-rochie-traditionala-indiana-personalizata","status":"publish","type":"product","link":"https:\/\/www.customywear.com\/ro\/custom-traditional-indian-dress-t-shirt\/","title":{"rendered":"Custom Taj Mahal travel T-Shirt &#8211; Personalized India traveller t-shirts"},"content":{"rendered":"<p>Porne\u0219te \u00eentr-o c\u0103l\u0103torie cultural\u0103 cu captivantul nostru tricou personalizat tradi\u021bional indian. Prin m\u0103iestria noastr\u0103 artistic\u0103 \u0219i designul vectorial premium, fotografia ta este integrat\u0103 perfect \u00eentr-o portretizare rafinat\u0103 a ta, \u00eembr\u0103cat\u0103 \u00een elegan\u021ba \u021binutei tradi\u021bionale indiene. Acest tricou personalizat celebreaz\u0103 frumuse\u021bea artei indiene \u0219i serve\u0219te drept cadou ideal pentru pasiona\u021bii de c\u0103l\u0103torii. Artizanii no\u0219tri pricepu\u021bi utilizeaz\u0103 Adobe Illustrator \u0219i Adobe Photoshop pentru a crea un portret vectorial vibrant \u0219i realist, surprinz\u00e2nd fiecare detaliu complex al rochiei tradi\u021bionale indiene. Indiferent dac\u0103 optezi pentru un tricou cu m\u00e2nec\u0103 scurt\u0103 sau lung\u0103, aceast\u0103 capodoper\u0103 unisex se adreseaz\u0103 tuturor grupelor de v\u00e2rst\u0103 - adul\u021bi, tineri, copii \u0219i copii mici. Dincolo de a fi o simpl\u0103 c\u0103ma\u0219\u0103, este o p\u00e2nz\u0103 purtabil\u0103 care \u00eentruchipeaz\u0103 dragostea ta pentru explorarea cultural\u0103 \u0219i experien\u021bele globale. Ridic\u0103-\u021bi stilul de tricou personaliz\u00e2nd acest design cu diverse fe\u021be umane \u0219i de animale de companie. Tehnologia noastr\u0103 de imprimare DTG de ultim\u0103 genera\u021bie asigur\u0103 culori vii \u0219i o calitate de durat\u0103. Cufund\u0103-te \u00een farmecul mo\u0219tenirii indiene, prezent\u00e2nd cu m\u00e2ndrie leg\u0103tura ta cu arta \u0219i tradi\u021biile sale. Exploreaz\u0103 o gam\u0103 larg\u0103 de modele similare care aduc un omagiu diverselor culturi \u0219i pasiuni. Las\u0103 garderoba ta s\u0103 vorbeasc\u0103 de la sine despre dragostea ta pentru c\u0103l\u0103torii \u0219i aprecierea pentru diversitatea global\u0103 cu acest tricou personalizat care surprinde spiritul bogatei tapiserie culturale a Indiei.<\/p>","protected":false},"excerpt":{"rendered":"<p>S\u0103rb\u0103tore\u0219te cultura cu un tricou personalizat tradi\u021bional indian. Tricoul cu fotografii personalizate pentru pasiona\u021bii de c\u0103l\u0103torii transform\u0103 orice fotografie \u00eentr-un tricou unic, de inspira\u021bie cultural\u0103.<\/p>","protected":false},"featured_media":142864,"comment_status":"open","ping_status":"closed","template":"","meta":{"_acf_changed":false},"product_brand":[],"product_cat":[6195,6264,186,6345,6412,6428],"product_tag":[6433,2309,2314,6216,70,209],"class_list":{"0":"post-20691","1":"product","2":"type-product","3":"status-publish","4":"has-post-thumbnail","6":"product_cat-t-shirts-men","7":"product_cat-custom-gifts-indian-culture","8":"product_cat-men","9":"product_cat-mens-country-culture-t-shirts","10":"product_cat-photo-to-tees","11":"product_cat-translate-products","12":"product_tag-ai-artwork","13":"product_tag-diwali_gift","14":"product_tag-indian_wedding","15":"product_tag-mens-custom-t-shirts","16":"product_tag-travel_gift","17":"product_tag-travel_lover_gift","19":"first","20":"instock","21":"taxable","22":"shipping-taxable","23":"purchasable","24":"product-type-simple"},"acf":[],"wcpa_form_fields":null,"_links":{"self":[{"href":"https:\/\/www.customywear.com\/ro\/wp-json\/wp\/v2\/product\/20691","targetHints":{"allow":["GET"]}}],"collection":[{"href":"https:\/\/www.customywear.com\/ro\/wp-json\/wp\/v2\/product"}],"about":[{"href":"https:\/\/www.customywear.com\/ro\/wp-json\/wp\/v2\/types\/product"}],"replies":[{"embeddable":true,"href":"https:\/\/www.customywear.com\/ro\/wp-json\/wp\/v2\/comments?post=20691"}],"wp:featuredmedia":[{"embeddable":true,"href":"https:\/\/www.customywear.com\/ro\/wp-json\/wp\/v2\/media\/142864"}],"wp:attachment":[{"href":"https:\/\/www.customywear.com\/ro\/wp-json\/wp\/v2\/media?parent=20691"}],"wp:term":[{"taxonomy":"product_brand","embeddable":true,"href":"https:\/\/www.customywear.com\/ro\/wp-json\/wp\/v2\/product_brand?post=20691"},{"taxonomy":"product_cat","embeddable":true,"href":"https:\/\/www.customywear.com\/ro\/wp-json\/wp\/v2\/product_cat?post=20691"},{"taxonomy":"product_tag","embeddable":true,"href":"https:\/\/www.customywear.com\/ro\/wp-json\/wp\/v2\/product_tag?post=20691"}],"curies":[{"name":"wp","href":"https:\/\/api.w.org\/{rel}","templated":true}]}}