{"id":20708,"date":"2023-07-28T13:39:53","date_gmt":"2023-07-28T13:39:53","guid":{"rendered":"https:\/\/www.customywear.com\/?post_type=product&#038;p=20708"},"modified":"2026-05-05T20:24:11","modified_gmt":"2026-05-05T20:24:11","slug":"tricou-personalizat-de-barbat-japonez","status":"publish","type":"product","link":"https:\/\/www.customywear.com\/ro\/custom-japanese-man-t-shirt\/","title":{"rendered":"Travel to Japan t-shirt for men &#8211; Personalized Asia Travel Gift"},"content":{"rendered":"<p>Experimenteaz\u0103 extraordinarul cu tricoul nostru personalizat unic, cu tematic\u0103 japonez\u0103, creat meticulos pentru a transforma fotografia ta pre\u021bioas\u0103 \u00eentr-o capodoper\u0103 uimitoare de art\u0103 vectorial\u0103 portretistic\u0103. Cufund\u0103-te \u00een farmecul \u021binutei tradi\u021bionale japoneze, \u00een timp ce arti\u0219tii no\u0219tri exper\u021bi \u00eembin\u0103 cu m\u0103iestrie designul modern cu elegan\u021ba atemporal\u0103. Acest tricou personalizat nu este doar o \u00eembr\u0103c\u0103minte; este o c\u0103l\u0103torie prin art\u0103 \u0219i cultur\u0103, o amintire purtabil\u0103 care celebreaz\u0103 at\u00e2t individualitatea ta, c\u00e2t \u0219i leg\u0103tura ta cu bogata mo\u0219tenire a Japoniei. Procesul nostru de design, alimentat de precizia Adobe Illustrator \u0219i Adobe Photoshop, garanteaz\u0103 un nivel de detaliu de neegalat care \u00ee\u021bi d\u0103 via\u021b\u0103 viziunii. Rezultatul? O crea\u021bie de art\u0103 vectorial\u0103 de \u00eenalt\u0103 calitate care surprinde esen\u021ba trecutului, \u00eembr\u0103\u021bi\u0219\u00e2nd \u00een acela\u0219i timp prezentul. Fie c\u0103 e\u0219ti un c\u0103l\u0103tor pasionat, un pasionat de cultur\u0103 sau pur \u0219i simplu cau\u021bi un cadou excep\u021bional, acest tricou personalizat, cu grafica sa vectorial\u0103 premium, este perfect. R\u0103sfa\u021b\u0103-te cu versatilitatea acestui design unisex, disponibil nu doar pentru adul\u021bi, ci \u0219i pentru gusturile tinerilor, copiilor \u0219i copiilor mici. Angajamentul nostru fa\u021b\u0103 de excelen\u021b\u0103 se extinde \u0219i la tehnica noastr\u0103 de imprimare DTG, asigur\u00e2nd culori vii, rezistente la decolorare, care rezist\u0103 testului timpului. Debloca\u021bi poten\u021bialul de a ad\u0103uga o not\u0103 personal\u0103 prin \u00eencorporarea fe\u021belor umane \u0219i ale animalelor de companie, cre\u00e2nd o oper\u0103 de art\u0103 cu adev\u0103rat personalizat\u0103 \u0219i purtabil\u0103. Pe m\u0103sur\u0103 ce explora\u021bi aceast\u0103 colec\u021bie, ve\u021bi descoperi o multitudine de modele similare, fiecare a\u0219tept\u00e2nd s\u0103 fie adaptat expresiei dumneavoastr\u0103 individuale. Redefini\u021bi moda personalizat\u0103 \u0219i \u00eembr\u0103\u021bi\u0219a\u021bi un nou nivel de art\u0103 cu fiecare pas pe care \u00eel face\u021bi.<\/p>","protected":false},"excerpt":{"rendered":"<p>Aduce\u021bi amintiri la via\u021b\u0103 cu un tricou personalizat japonez. Transform\u0103-\u021bi fotografia \u00eentr-un tricou personalizat de cadou de c\u0103l\u0103torie pentru un suvenir unic.<\/p>","protected":false},"featured_media":142892,"comment_status":"open","ping_status":"closed","template":"","meta":{"_acf_changed":false},"product_brand":[],"product_cat":[6195,2341,186,6345,6412,6428],"product_tag":[6433,193,2342,555,556,2345,6216,209],"class_list":{"0":"post-20708","1":"product","2":"type-product","3":"status-publish","4":"has-post-thumbnail","6":"product_cat-t-shirts-men","7":"product_cat-custom-gifts-japanese-tradition","8":"product_cat-men","9":"product_cat-mens-country-culture-t-shirts","10":"product_cat-photo-to-tees","11":"product_cat-translate-products","12":"product_tag-ai-artwork","13":"product_tag-boyfriend_gift","14":"product_tag-custom-arts-japanese","15":"product_tag-harajuku_shirt","16":"product_tag-japanese_shirt","17":"product_tag-kpop_shirt","18":"product_tag-mens-custom-t-shirts","19":"product_tag-travel_lover_gift","21":"first","22":"instock","23":"taxable","24":"shipping-taxable","25":"purchasable","26":"product-type-simple"},"acf":[],"wcpa_form_fields":null,"_links":{"self":[{"href":"https:\/\/www.customywear.com\/ro\/wp-json\/wp\/v2\/product\/20708","targetHints":{"allow":["GET"]}}],"collection":[{"href":"https:\/\/www.customywear.com\/ro\/wp-json\/wp\/v2\/product"}],"about":[{"href":"https:\/\/www.customywear.com\/ro\/wp-json\/wp\/v2\/types\/product"}],"replies":[{"embeddable":true,"href":"https:\/\/www.customywear.com\/ro\/wp-json\/wp\/v2\/comments?post=20708"}],"wp:featuredmedia":[{"embeddable":true,"href":"https:\/\/www.customywear.com\/ro\/wp-json\/wp\/v2\/media\/142892"}],"wp:attachment":[{"href":"https:\/\/www.customywear.com\/ro\/wp-json\/wp\/v2\/media?parent=20708"}],"wp:term":[{"taxonomy":"product_brand","embeddable":true,"href":"https:\/\/www.customywear.com\/ro\/wp-json\/wp\/v2\/product_brand?post=20708"},{"taxonomy":"product_cat","embeddable":true,"href":"https:\/\/www.customywear.com\/ro\/wp-json\/wp\/v2\/product_cat?post=20708"},{"taxonomy":"product_tag","embeddable":true,"href":"https:\/\/www.customywear.com\/ro\/wp-json\/wp\/v2\/product_tag?post=20708"}],"curies":[{"name":"wp","href":"https:\/\/api.w.org\/{rel}","templated":true}]}}