{"id":20745,"date":"2023-07-28T13:40:31","date_gmt":"2023-07-28T13:40:31","guid":{"rendered":"https:\/\/www.customywear.com\/?post_type=product&#038;p=20745"},"modified":"2026-05-05T20:23:34","modified_gmt":"2026-05-05T20:23:34","slug":"cadouri-personalizate-cu-camasa-foto-sirena","status":"publish","type":"product","link":"https:\/\/www.customywear.com\/ro\/custom-mermaid-photo-shirt-gifts\/","title":{"rendered":"Transform\u0103-\u021bi fotografia \u00eentr-un tricou personalizat Little Mermaid \u2013 Perfect Mermaid Gifts"},"content":{"rendered":"<p>Cufund\u0103-te \u00eentr-o lume a \u00eenc\u00e2nt\u0103rii cu tricoul nostru personalizat cu siren\u0103, unde fotografia ta trece printr-o metamorfoz\u0103 magic\u0103 \u00eentr-un portret vectorial captivant. Cufund\u0103-te pe tine sau pe o persoan\u0103 drag\u0103 \u00een farmecul ad\u00e2ncurilor oceanului, \u00een timp ce arti\u0219tii no\u0219tri pricepu\u021bi creeaz\u0103 un design unic care te \u00eenf\u0103\u021bi\u0219eaz\u0103 ca o siren\u0103 fascinant\u0103. Acest tricou unisex cu m\u00e2nec\u0103 lung\u0103 \u0219i scurt\u0103 este mai mult dec\u00e2t o simpl\u0103 \u00eembr\u0103c\u0103minte; este o oper\u0103 de art\u0103 care \u00ee\u021bi aduce la via\u021b\u0103 visele despre siren\u0103, fiind un cadou ideal pentru pasiona\u021bii de sirene de toate v\u00e2rstele. Procesul nostru creativ valorific\u0103 puterea Adobe Illustrator \u0219i Adobe Photoshop, transform\u00e2nd fotografiile tale pre\u021bioase \u00eentr-o capodoper\u0103 potrivit\u0103 pentru ad\u00e2ncuri. Folosind tehnologia de imprimare DTG de ultim\u0103 genera\u021bie, ne asigur\u0103m c\u0103 fiecare tricou se m\u00e2ndre\u0219te cu art\u0103 vectorial\u0103 de \u00eenalt\u0103 calitate, la fel de vie ca imagina\u021bia ta. Nelimitate de v\u00e2rst\u0103, aceste tricouri se adreseaz\u0103 unui public divers, oferind m\u0103rimi pentru adul\u021bi, tineri, copii \u0219i chiar \u0219i pentru cele mai mici sirene - copiii mici. F\u0103 senza\u021bie cu o not\u0103 personalizat\u0103 care \u00eembin\u0103 asem\u0103narea ta cu misticul t\u0103r\u00e2mului sirenelor. Dezl\u0103n\u021buie-\u021bi sirena marin\u0103 interioar\u0103 \u0219i savureaz\u0103 frumuse\u021bea modei personalizate. Indiferent dac\u0103 s\u0103rb\u0103tore\u0219ti o zi de na\u0219tere sau pur \u0219i simplu \u00ee\u021bi \u00eembr\u0103\u021bi\u0219ezi dragostea pentru sirene, colec\u021bia noastr\u0103 abund\u0103 de modele similare impresionante care a\u0219teapt\u0103 s\u0103 fie descoperite. \u00cembun\u0103t\u0103\u021be\u0219te-\u021bi garderoba \u0219i scufund\u0103-te \u00eentr-o mare de creativitate cu tricourile noastre personalizate cu sirene \u2013 o comoar\u0103 de art\u0103 \u0219i imagina\u021bie.<\/p>","protected":false},"excerpt":{"rendered":"<p>Face\u021bi valuri cu un tricou personalizat Little Mermaid. Transform\u0103-\u021bi fotografia \u00eentr-un cadou perfect de siren\u0103 cu un tricou capricios, unic.<\/p>","protected":false},"featured_media":142997,"comment_status":"open","ping_status":"closed","template":"","meta":{"_acf_changed":false},"product_brand":[],"product_cat":[6191,1615,6412,6428,6375],"product_tag":[6433,1616,352,1617,1618,2457,112],"class_list":{"0":"post-20745","1":"product","2":"type-product","3":"status-publish","4":"has-post-thumbnail","6":"product_cat-t-shirts-women","7":"product_cat-custom-gifts-mermaid","8":"product_cat-photo-to-tees","9":"product_cat-translate-products","10":"product_cat-womens-animal-t-shirts","11":"product_tag-ai-artwork","12":"product_tag-custom-arts-mermaid","13":"product_tag-honeymoon_shirt","14":"product_tag-mermaid_gifts","15":"product_tag-mermaid_shirt","16":"product_tag-ocean_shirt","17":"product_tag-women","19":"first","20":"instock","21":"taxable","22":"shipping-taxable","23":"purchasable","24":"product-type-simple"},"acf":[],"wcpa_form_fields":null,"_links":{"self":[{"href":"https:\/\/www.customywear.com\/ro\/wp-json\/wp\/v2\/product\/20745","targetHints":{"allow":["GET"]}}],"collection":[{"href":"https:\/\/www.customywear.com\/ro\/wp-json\/wp\/v2\/product"}],"about":[{"href":"https:\/\/www.customywear.com\/ro\/wp-json\/wp\/v2\/types\/product"}],"replies":[{"embeddable":true,"href":"https:\/\/www.customywear.com\/ro\/wp-json\/wp\/v2\/comments?post=20745"}],"wp:featuredmedia":[{"embeddable":true,"href":"https:\/\/www.customywear.com\/ro\/wp-json\/wp\/v2\/media\/142997"}],"wp:attachment":[{"href":"https:\/\/www.customywear.com\/ro\/wp-json\/wp\/v2\/media?parent=20745"}],"wp:term":[{"taxonomy":"product_brand","embeddable":true,"href":"https:\/\/www.customywear.com\/ro\/wp-json\/wp\/v2\/product_brand?post=20745"},{"taxonomy":"product_cat","embeddable":true,"href":"https:\/\/www.customywear.com\/ro\/wp-json\/wp\/v2\/product_cat?post=20745"},{"taxonomy":"product_tag","embeddable":true,"href":"https:\/\/www.customywear.com\/ro\/wp-json\/wp\/v2\/product_tag?post=20745"}],"curies":[{"name":"wp","href":"https:\/\/api.w.org\/{rel}","templated":true}]}}