{"id":20749,"date":"2023-07-28T13:40:36","date_gmt":"2023-07-28T13:40:36","guid":{"rendered":"https:\/\/www.customywear.com\/?post_type=product&#038;p=20749"},"modified":"2026-05-05T20:24:11","modified_gmt":"2026-05-05T20:24:11","slug":"tricou-personalizat-cu-portret-de-baterist","status":"publish","type":"product","link":"https:\/\/www.customywear.com\/ro\/custom-drummer-portrait-tee\/","title":{"rendered":"Tricou personalizat cu portret de baterist | Tricou personalizat cu muzician"},"content":{"rendered":"<p>Ridica\u021bi-v\u0103 stilul \u0219i etala\u021bi-v\u0103 pasiunea pentru muzic\u0103 cu rafinatul nostru tricou personalizat cu portret de baterist. Creat la perfec\u021bie, acest tricou unisex cu m\u00e2nec\u0103 lung\u0103 \u0219i scurt\u0103 surprinde esen\u021ba tobelor printr-o art\u0103 vectorial\u0103 uimitoare, totul din fotografia dvs. pre\u021buit\u0103. Fie c\u0103 sunte\u021bi un muzician experimentat, un profesor de muzic\u0103 dedicat sau pur \u0219i simplu cineva care iube\u0219te ritmul, acest tricou muzical personalizat este o adev\u0103rat\u0103 m\u0103rturie a spiritului dvs. muzical. Experimenta\u021bi magia designului personalizat \u00een timp ce v\u0103 transform\u0103m fotografia \u00eentr-un baterist impresionant c\u00e2nt\u00e2nd la tobe. Acest tricou muzical unic este cadoul suprem pentru pasiona\u021bii de tobe de toate v\u00e2rstele, de la adul\u021bi \u0219i tineri la copii \u0219i copii mici. \u00cembr\u0103\u021bi\u0219a\u021bi ritmul \u0219i groove-ul cu un design care rezoneaz\u0103 cu identitatea dvs. muzical\u0103. Cufunda\u021bi-v\u0103 \u00een cele mai fine detalii, aduse la via\u021b\u0103 prin m\u00e2inile pricepute ale designerilor no\u0219tri care folosesc instrumente de v\u00e2rf \u00een industrie, cum ar fi Adobe Illustrator \u0219i Adobe Photoshop. Rezultatul? O capodoper\u0103 de art\u0103 vectorial\u0103 de \u00eenalt\u0103 calitate, la fel de unic\u0103 ca dvs. Acest tricou personalizat nu este doar o pies\u0103 vestimentar\u0103; Este o p\u00e2nz\u0103 pentru auto-exprimare. Cu op\u021biunea de personalizare cu orice fa\u021b\u0103 uman\u0103 sau de animal de companie, o po\u021bi face cu adev\u0103rat a ta. Nu rata \u0219ansa de a de\u021bine o oper\u0103 de art\u0103 purtabil\u0103 care se armonizeaz\u0103 perfect cu c\u0103l\u0103toria ta muzical\u0103. Exploreaz\u0103 lumea posibilit\u0103\u021bilor de personalizare ast\u0103zi!<\/p>","protected":false},"excerpt":{"rendered":"<p>Rock out cu un tricou personalizat de portret al tobo\u0219arului. Tricoul personalizat de muzician transform\u0103 orice fotografie \u00eentr-un tricou unic, cu tematic\u0103 muzical\u0103.<\/p>","protected":false},"featured_media":142684,"comment_status":"open","ping_status":"closed","template":"","meta":{"_acf_changed":false},"product_brand":[],"product_cat":[6195,1577,186,6340,1582,6412,6428],"product_tag":[6433,1578,6216,1583,1580],"class_list":{"0":"post-20749","1":"product","2":"type-product","3":"status-publish","4":"has-post-thumbnail","6":"product_cat-t-shirts-men","7":"product_cat-custom-gifts-drummers","8":"product_cat-men","9":"product_cat-mens-music-t-shirts","10":"product_cat-music","11":"product_cat-photo-to-tees","12":"product_cat-translate-products","13":"product_tag-ai-artwork","14":"product_tag-gift_for_drummer","15":"product_tag-mens-custom-t-shirts","16":"product_tag-music","17":"product_tag-music_teacher_shirt","19":"first","20":"instock","21":"taxable","22":"shipping-taxable","23":"purchasable","24":"product-type-simple"},"acf":[],"wcpa_form_fields":null,"_links":{"self":[{"href":"https:\/\/www.customywear.com\/ro\/wp-json\/wp\/v2\/product\/20749","targetHints":{"allow":["GET"]}}],"collection":[{"href":"https:\/\/www.customywear.com\/ro\/wp-json\/wp\/v2\/product"}],"about":[{"href":"https:\/\/www.customywear.com\/ro\/wp-json\/wp\/v2\/types\/product"}],"replies":[{"embeddable":true,"href":"https:\/\/www.customywear.com\/ro\/wp-json\/wp\/v2\/comments?post=20749"}],"wp:featuredmedia":[{"embeddable":true,"href":"https:\/\/www.customywear.com\/ro\/wp-json\/wp\/v2\/media\/142684"}],"wp:attachment":[{"href":"https:\/\/www.customywear.com\/ro\/wp-json\/wp\/v2\/media?parent=20749"}],"wp:term":[{"taxonomy":"product_brand","embeddable":true,"href":"https:\/\/www.customywear.com\/ro\/wp-json\/wp\/v2\/product_brand?post=20749"},{"taxonomy":"product_cat","embeddable":true,"href":"https:\/\/www.customywear.com\/ro\/wp-json\/wp\/v2\/product_cat?post=20749"},{"taxonomy":"product_tag","embeddable":true,"href":"https:\/\/www.customywear.com\/ro\/wp-json\/wp\/v2\/product_tag?post=20749"}],"curies":[{"name":"wp","href":"https:\/\/api.w.org\/{rel}","templated":true}]}}