{"id":20762,"date":"2023-07-28T13:40:45","date_gmt":"2023-07-28T13:40:45","guid":{"rendered":"https:\/\/www.customywear.com\/?post_type=product&#038;p=20762"},"modified":"2026-05-05T20:24:10","modified_gmt":"2026-05-05T20:24:10","slug":"tricou-sirena-personalizat-pentru-el","status":"publish","type":"product","link":"https:\/\/www.customywear.com\/ro\/custom-mermaid-shirt-for-him\/","title":{"rendered":"Captureaz\u0103-\u021bi dragostea sub valuri: C\u0103ma\u0219\u0103 personalizat\u0103 cu imprimeu de siren\u0103 pentru el"},"content":{"rendered":"<p>Dezl\u0103n\u021buie un val de romantism cu al nostru <strong>Captureaz\u0103-\u021bi dragostea sub valuri: C\u0103ma\u0219\u0103 personalizat\u0103 cu imprimeu de siren\u0103 pentru el<\/strong>Cufund\u0103-te \u00eentr-o lume a fanteziei, \u00een timp ce noi te ghid\u0103m cu m\u0103iestrie <strong>Transform\u0103-\u021bi fotografiile \u00een portrete vectoriale captivante<\/strong>, \u00eenf\u0103\u021bi\u0219\u00e2ndu-te pe tine \u0219i pe persoana iubit\u0103 ca pe ni\u0219te sirene dans\u00e2nd sub suprafa\u021ba oceanului. Acest tricou personalizat este un cadou sincer pentru pasiona\u021bii de ocean, surprinz\u00e2nd esen\u021ba conexiunii voastre \u00een detalii artistice. Artizanii no\u0219tri pricepu\u021bi st\u0103p\u00e2nesc magia Adobe Illustrator \u0219i Adobe Photoshop, asigur\u00e2ndu-se c\u0103 viziunea voastr\u0103 este adus\u0103 la via\u021b\u0103 cu meticulozitate. Rezultatul? Un... <strong>art\u0103 vectorial\u0103 de \u00eenalt\u0103 calitate<\/strong> Capodoper\u0103, imprimat\u0103 cu aten\u021bie folosind tehnologia DTG avansat\u0103. Vibrante \u0219i atemporale, aceste culori reflect\u0103 frumuse\u021bea m\u0103rii \u00een sine. Experimenta\u021bi farmecul tricourilor noastre personalizate unisex, adaptate pentru a se potrivi tuturor v\u00e2rstelor - de la adul\u021bi la copii mici. Un amestec armonios de stil \u0219i confort asigur\u0103 o potrivire perfect\u0103 pentru fiecare membru al familiei dvs., inclusiv pentru prietenii dvs. bl\u0103no\u0219i. Colec\u021bia noastr\u0103 prezint\u0103 o gam\u0103 larg\u0103 de modele captivante, fiecare realizat cu aceea\u0219i dedicare fa\u021b\u0103 de creativitate \u0219i precizie. De ce s\u0103 alege\u021bi Tricoul nostru personalizat \u201eCaptureaz\u0103-\u021bi dragostea sub valuri: Siren\u0103\u201d pentru el? <strong>Romantism personalizat:<\/strong> Transport\u0103-te pe tine \u0219i partenerul t\u0103u \u00eentr-un t\u0103r\u00e2m subacvatic, povestea voastr\u0103 de dragoste fiind \u00eenf\u0103\u021bi\u0219at\u0103 sub valuri ca ni\u0219te sirene \u00eenso\u021bitoare. <strong>Art\u0103 reimaginat\u0103:<\/strong> Artizanii no\u0219tri folosesc instrumente de design de top pentru a surprinde esen\u021ba conexiunii tale, cre\u00e2nd art\u0103 vectorial\u0103 complex\u0103 de \u00eenalt\u0103 calitate. <strong>Vibran\u021b\u0103 etern\u0103:<\/strong> Imprimarea DTG asigur\u0103 c\u0103 culorile r\u0103m\u00e2n vii \u0219i durabile, oglindind farmecul atemporal al oceanului. <strong>Atractivitate f\u0103r\u0103 v\u00e2rst\u0103:<\/strong> Concepute pentru toate v\u00e2rstele, tricourile noastre unisex ofer\u0103 o combina\u021bie perfect\u0103 de confort \u0219i stil, reflect\u00e2nd magia persistent\u0103 a iubirii. <strong>Leg\u0103turi pre\u021buite:<\/strong> De la rela\u021biile umane p\u00e2n\u0103 la conexiunea pre\u021bioas\u0103 cu animalele tale de companie iubite, designurile noastre surprind ceea ce conteaz\u0103 cel mai mult. R\u0103sfa\u021b\u0103-te cu magia artei personalizate cu c\u0103ma\u0219a noastr\u0103 personalizat\u0103 \u201eCaptureaz\u0103-\u021bi dragostea sub valuri: Siren\u0103\u201d pentru el. \u00cennoie\u0219te-\u021bi garderoba cu farmecul m\u0103rii \u0219i s\u0103rb\u0103tore\u0219te conexiunea \u00eentr-un stil unic. Cufund\u0103-te \u00een colec\u021bia noastr\u0103 captivant\u0103 \u0219i permite \u021binutei tale s\u0103 devin\u0103 o p\u00e2nz\u0103 pentru cele mai profunde emo\u021bii ale tale. \u00cencepe-\u021bi c\u0103l\u0103toria personalizat\u0103 ast\u0103zi.<\/p>","protected":false},"excerpt":{"rendered":"<p>Surprinde-\u021bi dragostea sub valuri cu o c\u0103ma\u0219\u0103 de siren\u0103 personalizat\u0103 pentru el. Tricourile personalizate transform\u0103 orice fotografie \u00eentr-un amintire unic\u0103, inspirat\u0103 de ocean.<\/p>","protected":false},"featured_media":142990,"comment_status":"open","ping_status":"closed","template":"","meta":{"_acf_changed":false},"product_brand":[],"product_cat":[6195,1615,186,6343,6412,6428],"product_tag":[6433,1616,352,6216,1617,1618,2457],"class_list":{"0":"post-20762","1":"product","2":"type-product","3":"status-publish","4":"has-post-thumbnail","6":"product_cat-t-shirts-men","7":"product_cat-custom-gifts-mermaid","8":"product_cat-men","9":"product_cat-mens-anniversary-t-shirts","10":"product_cat-photo-to-tees","11":"product_cat-translate-products","12":"product_tag-ai-artwork","13":"product_tag-custom-arts-mermaid","14":"product_tag-honeymoon_shirt","15":"product_tag-mens-custom-t-shirts","16":"product_tag-mermaid_gifts","17":"product_tag-mermaid_shirt","18":"product_tag-ocean_shirt","20":"first","21":"instock","22":"taxable","23":"shipping-taxable","24":"purchasable","25":"product-type-simple"},"acf":[],"wcpa_form_fields":null,"_links":{"self":[{"href":"https:\/\/www.customywear.com\/ro\/wp-json\/wp\/v2\/product\/20762","targetHints":{"allow":["GET"]}}],"collection":[{"href":"https:\/\/www.customywear.com\/ro\/wp-json\/wp\/v2\/product"}],"about":[{"href":"https:\/\/www.customywear.com\/ro\/wp-json\/wp\/v2\/types\/product"}],"replies":[{"embeddable":true,"href":"https:\/\/www.customywear.com\/ro\/wp-json\/wp\/v2\/comments?post=20762"}],"wp:featuredmedia":[{"embeddable":true,"href":"https:\/\/www.customywear.com\/ro\/wp-json\/wp\/v2\/media\/142990"}],"wp:attachment":[{"href":"https:\/\/www.customywear.com\/ro\/wp-json\/wp\/v2\/media?parent=20762"}],"wp:term":[{"taxonomy":"product_brand","embeddable":true,"href":"https:\/\/www.customywear.com\/ro\/wp-json\/wp\/v2\/product_brand?post=20762"},{"taxonomy":"product_cat","embeddable":true,"href":"https:\/\/www.customywear.com\/ro\/wp-json\/wp\/v2\/product_cat?post=20762"},{"taxonomy":"product_tag","embeddable":true,"href":"https:\/\/www.customywear.com\/ro\/wp-json\/wp\/v2\/product_tag?post=20762"}],"curies":[{"name":"wp","href":"https:\/\/api.w.org\/{rel}","templated":true}]}}