{"id":20773,"date":"2023-07-28T13:40:53","date_gmt":"2023-07-28T13:40:53","guid":{"rendered":"https:\/\/www.customywear.com\/?post_type=product&#038;p=20773"},"modified":"2026-05-05T20:24:10","modified_gmt":"2026-05-05T20:24:10","slug":"camasa-mexicana-personalizata","status":"publish","type":"product","link":"https:\/\/www.customywear.com\/ro\/custom-mexican-dress-shirt\/","title":{"rendered":"Mexico Shirt For men &#8211; Travel to Mexico Personalized Gift Tee"},"content":{"rendered":"<p>Transform\u0103-\u021bi look-ul cu c\u0103ma\u0219a noastr\u0103 mexican\u0103 personalizat\u0103 unic\u0103! Transform\u0103-\u021bi fotografia \u00eentr-un tricou personalizat elegant, care te prezint\u0103 \u00eembr\u0103\u021bi\u0219at\u0103 \u00eentr-o rochie tradi\u021bional\u0103 mexican\u0103. Arti\u0219tii no\u0219tri exper\u021bi creeaz\u0103 cu m\u0103iestrie portrete vectoriale care te \u00eenf\u0103\u021bi\u0219eaz\u0103 \u00eembr\u0103\u021bi\u0219\u00e2nd cultura mexican\u0103. Acest tricou personalizat este un cadou ideal pentru pasiona\u021bii de Mexic \u0219i de mod\u0103 unic\u0103. \u00cembr\u0103\u021bi\u0219eaz\u0103 tradi\u021bia mexican\u0103: Procesul nostru de design personalizat \u00eencorporeaz\u0103 Adobe Illustrator \u0219i Adobe Photoshop pentru a transforma imaginea \u00een art\u0103. Cu imprimarea DTG, fiecare detaliu este surprins \u00een culori vibrante pe o p\u00e2nz\u0103 unisex. Alege \u00eentre op\u021biunile cu m\u00e2nec\u0103 scurt\u0103 \u0219i m\u00e2nec\u0103 lung\u0103, potrivite pentru adul\u021bi, tineri, copii \u0219i copii mici. Cadouri perfecte pentru ocazii speciale: Fie c\u0103 este vorba de ziua de na\u0219tere a unui c\u00e2nt\u0103re\u021b, o aniversare sau pur \u0219i simplu un cadou pentru cineva care ador\u0103 Mexicul, c\u0103ma\u0219a noastr\u0103 mexican\u0103 personalizat\u0103 este un cadou atent \u0219i personalizat. Exploreaz\u0103 posibilit\u0103\u021bi nelimitate: Descoper\u0103 gama noastr\u0103 de modele \u0219i teme captivante. De la s\u0103rb\u0103torile m\u00e2ndriei mexicane la omagii culturale, tricourile noastre personalizate adaug\u0103 o not\u0103 de personalitate garderobei tale. Pre\u021buie\u0219te amintirile \u0219i cultura: \u00cembr\u0103\u021bi\u0219eaz\u0103 frumuse\u021bea mo\u0219tenirii mexicane \u0219i s\u0103rb\u0103tore\u0219te-\u021bi leg\u0103tura cu fiecare pas pe care \u00eel faci. Exprim\u0103-\u021bi dragostea pentru Mexic cu stil cu tricourile noastre personalizate cu fotografii! Descoper\u0103 mai multe modele unice \u0219i \u00eembog\u0103\u021be\u0219te-\u021bi garderoba cu tricouri personalizate!<\/p>","protected":false},"excerpt":{"rendered":"<p>Onoreaz\u0103 tradi\u021bia cu o c\u0103ma\u0219\u0103 personalizat\u0103 mexican\u0103. Tricourile personalizate cu cadouri din Mexic transform\u0103 orice fotografie \u00eentr-un tricou cultural unic.<\/p>","protected":false},"featured_media":143018,"comment_status":"open","ping_status":"closed","template":"","meta":{"_acf_changed":false},"product_brand":[],"product_cat":[6195,6157,6156,2689,6345,6412,6428],"product_tag":[6433,193,2690,102,6216,209],"class_list":{"0":"post-20773","1":"product","2":"type-product","3":"status-publish","4":"has-post-thumbnail","6":"product_cat-t-shirts-men","7":"product_cat-country","8":"product_cat-culture","9":"product_cat-custom-gifts-mexican-culture","10":"product_cat-mens-country-culture-t-shirts","11":"product_cat-photo-to-tees","12":"product_cat-translate-products","13":"product_tag-ai-artwork","14":"product_tag-boyfriend_gift","15":"product_tag-custom-arts-mexican","16":"product_tag-long_distance_gift","17":"product_tag-mens-custom-t-shirts","18":"product_tag-travel_lover_gift","20":"first","21":"instock","22":"taxable","23":"shipping-taxable","24":"purchasable","25":"product-type-simple"},"acf":[],"wcpa_form_fields":null,"_links":{"self":[{"href":"https:\/\/www.customywear.com\/ro\/wp-json\/wp\/v2\/product\/20773","targetHints":{"allow":["GET"]}}],"collection":[{"href":"https:\/\/www.customywear.com\/ro\/wp-json\/wp\/v2\/product"}],"about":[{"href":"https:\/\/www.customywear.com\/ro\/wp-json\/wp\/v2\/types\/product"}],"replies":[{"embeddable":true,"href":"https:\/\/www.customywear.com\/ro\/wp-json\/wp\/v2\/comments?post=20773"}],"wp:featuredmedia":[{"embeddable":true,"href":"https:\/\/www.customywear.com\/ro\/wp-json\/wp\/v2\/media\/143018"}],"wp:attachment":[{"href":"https:\/\/www.customywear.com\/ro\/wp-json\/wp\/v2\/media?parent=20773"}],"wp:term":[{"taxonomy":"product_brand","embeddable":true,"href":"https:\/\/www.customywear.com\/ro\/wp-json\/wp\/v2\/product_brand?post=20773"},{"taxonomy":"product_cat","embeddable":true,"href":"https:\/\/www.customywear.com\/ro\/wp-json\/wp\/v2\/product_cat?post=20773"},{"taxonomy":"product_tag","embeddable":true,"href":"https:\/\/www.customywear.com\/ro\/wp-json\/wp\/v2\/product_tag?post=20773"}],"curies":[{"name":"wp","href":"https:\/\/api.w.org\/{rel}","templated":true}]}}