{"id":21035,"date":"2023-07-28T13:44:46","date_gmt":"2023-07-28T13:44:46","guid":{"rendered":"https:\/\/www.customywear.com\/?post_type=product&#038;p=21035"},"modified":"2026-05-05T20:23:32","modified_gmt":"2026-05-05T20:23:32","slug":"tricou-de-yoga-personalizat-pentru-femei","status":"publish","type":"product","link":"https:\/\/www.customywear.com\/ro\/personalized-yoga-shirt-women\/","title":{"rendered":"Tricou de yoga personalizat pentru femei | Tricou personalizat cu ilustra\u021bii de yoga"},"content":{"rendered":"<p>P\u0103\u0219e\u0219te \u00eentr-o lume a lini\u0219tii \u0219i a auto-exprim\u0103rii cu tricoul nostru personalizat de yoga pentru femei. Folosind fotografia ta ca referin\u021b\u0103, arti\u0219tii no\u0219tri talenta\u021bi vor crea o ilustra\u021bie uimitoare a ta practic\u00e2nd yoga, \u00eenconjurat\u0103 de frumuse\u021bea senin\u0103 a aripilor de fluture \u0219i a mun\u021bilor maiestuo\u0219i. Acest tricou personalizat de yoga nu numai c\u0103 \u00ee\u021bi prezint\u0103 pasiunea pentru yoga, dar celebreaz\u0103 \u0219i conexiunea ta cu natura, fiind o pies\u0103 cu adev\u0103rat unic\u0103, care reflect\u0103 pacea \u0219i aten\u021bia ta interioar\u0103.<\/p>\n<p>Creat cu cea mai mare grij\u0103 \u0219i aten\u021bie la detalii, tricoul nostru personalizat de yoga este cadoul perfect pentru iubitorii de yoga \u0219i pasiona\u021bii de fitness. \u00cembr\u0103\u021bi\u0219eaz\u0103 puterea autoexprim\u0103rii personalizate cu op\u021biunea de a ad\u0103uga orice fa\u021b\u0103 uman\u0103 sau de animal de companie, transform\u00e2nd acest tricou \u00eentr-o amintire emo\u021bionant\u0103 care surprinde esen\u021ba \u0219i dragostea ta pentru yoga. Fie c\u0103 e\u0219ti un practicant pasionat sau un \u00eencep\u0103tor \u00een c\u0103l\u0103toria ta \u00een yoga, acest tricou unisex de \u00eenalt\u0103 calitate asigur\u0103 confort \u0219i stil pentru toate v\u00e2rstele, inclusiv adul\u021bi, tineri, copii \u0219i copii mici. Las\u0103 echipa noastr\u0103 de arti\u0219ti pricepu\u021bi s\u0103-\u021bi aduc\u0103 visele de yoga la via\u021b\u0103, de la o simpl\u0103 fotografie la o ilustra\u021bie uimitoare \u0219i duce-\u021bi practica de yoga la noi culmi cu tricoul nostru personalizat de yoga pentru femei. Namaste.<\/p>","protected":false},"excerpt":{"rendered":"<p>\u00centinde\u021bi-v\u0103 \u00een stil cu o c\u0103ma\u0219\u0103 de yoga personalizat\u0103 pentru femei. Tricourile personalizate cu ilustra\u021bie de yoga transform\u0103 fotografiile \u00een tricouri pa\u0219nice \u0219i unice.<\/p>","protected":false},"featured_media":143226,"comment_status":"open","ping_status":"closed","template":"","meta":{"_acf_changed":false},"product_brand":[],"product_cat":[6191,6412,6428,6362,6248],"product_tag":[6214,6433,229,576,6215],"class_list":{"0":"post-21035","1":"product","2":"type-product","3":"status-publish","4":"has-post-thumbnail","6":"product_cat-t-shirts-women","7":"product_cat-photo-to-tees","8":"product_cat-translate-products","9":"product_cat-womens-yoga-t-shirts","10":"product_cat-yoga-gifts","11":"product_tag-affordable-custom-t-shirts","12":"product_tag-ai-artwork","13":"product_tag-custom-tee-shirts","14":"product_tag-cute-yoga-shirts","15":"product_tag-screen-printing-near-me","17":"first","18":"instock","19":"taxable","20":"shipping-taxable","21":"purchasable","22":"product-type-simple"},"acf":[],"wcpa_form_fields":null,"_links":{"self":[{"href":"https:\/\/www.customywear.com\/ro\/wp-json\/wp\/v2\/product\/21035","targetHints":{"allow":["GET"]}}],"collection":[{"href":"https:\/\/www.customywear.com\/ro\/wp-json\/wp\/v2\/product"}],"about":[{"href":"https:\/\/www.customywear.com\/ro\/wp-json\/wp\/v2\/types\/product"}],"replies":[{"embeddable":true,"href":"https:\/\/www.customywear.com\/ro\/wp-json\/wp\/v2\/comments?post=21035"}],"wp:featuredmedia":[{"embeddable":true,"href":"https:\/\/www.customywear.com\/ro\/wp-json\/wp\/v2\/media\/143226"}],"wp:attachment":[{"href":"https:\/\/www.customywear.com\/ro\/wp-json\/wp\/v2\/media?parent=21035"}],"wp:term":[{"taxonomy":"product_brand","embeddable":true,"href":"https:\/\/www.customywear.com\/ro\/wp-json\/wp\/v2\/product_brand?post=21035"},{"taxonomy":"product_cat","embeddable":true,"href":"https:\/\/www.customywear.com\/ro\/wp-json\/wp\/v2\/product_cat?post=21035"},{"taxonomy":"product_tag","embeddable":true,"href":"https:\/\/www.customywear.com\/ro\/wp-json\/wp\/v2\/product_tag?post=21035"}],"curies":[{"name":"wp","href":"https:\/\/api.w.org\/{rel}","templated":true}]}}