{"id":21083,"date":"2023-07-28T13:45:25","date_gmt":"2023-07-28T13:45:25","guid":{"rendered":"https:\/\/www.customywear.com\/?post_type=product&#038;p=21083"},"modified":"2026-05-07T15:29:55","modified_gmt":"2026-05-07T15:29:55","slug":"tricou-japonez-personalizat-transformat-cu-fotografie-pentru-tineri-japonezi","status":"publish","type":"product","link":"https:\/\/www.customywear.com\/ro\/custom-japanese-tee-transform-photo-youth-japan-shirt\/","title":{"rendered":"Custom Japanese Tee for girls &#8211; your photo to Japan Shirt"},"content":{"rendered":"<p>C\u0103uta\u021bi un cadou unic \u0219i personalizat, care va l\u0103sa o impresie de durat\u0103? Nu mai c\u0103uta\u021bi! V\u0103 prezent\u0103m tricoul nostru personalizat pentru copii, cu m\u00e2nec\u0103 scurt\u0103 \u0219i cu m\u00e2nec\u0103 lung\u0103, \u00een care transform\u0103m fotografia dumneavoastr\u0103 pre\u021bioas\u0103 \u00eentr-un portret vectorial uimitor, care arat\u0103 ca \u0219i cum copilul dumneavoastr\u0103 ar purta o rochie tradi\u021bional\u0103 japonez\u0103. Acest lucru \u00eel face cadoul perfect pentru iubitorii de cultur\u0103 japonez\u0103 sau asiatic\u0103 de toate v\u00e2rstele. Ne m\u00e2ndrim cu m\u0103iestria noastr\u0103 \u0219i folosim software de v\u00e2rf \u00een industrie, inclusiv Adobe Illustrator \u0219i Adobe Photoshop, pentru a desena cu aten\u021bie fotografiile \u0219i a crea acest design unic. Acest lucru asigur\u0103 o art\u0103 vectorial\u0103 de \u00eenalt\u0103 calitate, care surprinde fiecare detaliu cu precizie. \u0218i nu v\u0103 face\u021bi griji, procesul nostru de imprimare utilizeaz\u0103 tehnologia de imprimare DTG pentru a ob\u021bine culori vibrante \u0219i de lung\u0103 durat\u0103. Aceste tricouri nu sunt disponibile doar pentru tineri, ci sunt disponibile \u0219i \u00een m\u0103rimi pentru adul\u021bi, copii \u0219i chiar copii mici! A\u0219adar, fie c\u0103 dori\u021bi s\u0103 v\u0103 surprinde\u021bi copilul de ziua sa sau s\u0103 comemora\u021bi o ocazie special\u0103, tricoul nostru personalizat va fi un cadou memorabil \u0219i semnificativ. \u0218i partea cea mai bun\u0103? Pute\u021bi personaliza aceste tricouri folosind chipurile celor dragi, inclusiv oameni \u0219i animale de companie. Comanda este simpl\u0103 \u0219i f\u0103r\u0103 probleme. Pur \u0219i simplu trimite\u021bi-ne fotografia dumneavoastr\u0103 preferat\u0103, iar arti\u0219tii no\u0219tri talenta\u021bi \u00ee\u0219i vor folosi magia pentru a o transforma \u00eentr-o oper\u0103 de art\u0103. Dac\u0103 ave\u021bi \u00eentreb\u0103ri sau ave\u021bi nevoie de asisten\u021b\u0103 suplimentar\u0103, echipa noastr\u0103 prietenoas\u0103 de asisten\u021b\u0103 clien\u021bi este gata s\u0103 v\u0103 ajute. A\u0219adar, de ce s\u0103 a\u0219tepta\u021bi? Crea\u021bi ast\u0103zi un tricou japonez personalizat \u0219i da\u021bi via\u021b\u0103 fotografiilor dumneavoastr\u0103 \u00eentr-un mod cu adev\u0103rat unic.<\/p>","protected":false},"excerpt":{"rendered":"<p>Onoreaz\u0103 cultura cu un tricou japonez personalizat. Transform\u0103-\u021bi fotografia \u00eentr-o c\u0103ma\u0219\u0103 personalizat\u0103 Youth Japan pentru un tricou unic, unic.<\/p>","protected":false},"featured_media":142913,"comment_status":"open","ping_status":"closed","template":"","meta":{"_acf_changed":false},"product_brand":[],"product_cat":[6193,6157,6156,2341,6412,6428],"product_tag":[6433,6439,64,2342,67,557],"class_list":{"0":"post-21083","1":"product","2":"type-product","3":"status-publish","4":"has-post-thumbnail","6":"product_cat-girls-t-shirts","7":"product_cat-country","8":"product_cat-culture","9":"product_cat-custom-gifts-japanese-tradition","10":"product_cat-photo-to-tees","11":"product_cat-translate-products","12":"product_tag-ai-artwork","13":"product_tag-ai-kids-artwork","14":"product_tag-country_shirts","15":"product_tag-custom-arts-japanese","16":"product_tag-kids_birthday_shirt","17":"product_tag-manga_shirt","19":"first","20":"instock","21":"taxable","22":"shipping-taxable","23":"purchasable","24":"product-type-simple"},"acf":[],"wcpa_form_fields":null,"_links":{"self":[{"href":"https:\/\/www.customywear.com\/ro\/wp-json\/wp\/v2\/product\/21083","targetHints":{"allow":["GET"]}}],"collection":[{"href":"https:\/\/www.customywear.com\/ro\/wp-json\/wp\/v2\/product"}],"about":[{"href":"https:\/\/www.customywear.com\/ro\/wp-json\/wp\/v2\/types\/product"}],"replies":[{"embeddable":true,"href":"https:\/\/www.customywear.com\/ro\/wp-json\/wp\/v2\/comments?post=21083"}],"wp:featuredmedia":[{"embeddable":true,"href":"https:\/\/www.customywear.com\/ro\/wp-json\/wp\/v2\/media\/142913"}],"wp:attachment":[{"href":"https:\/\/www.customywear.com\/ro\/wp-json\/wp\/v2\/media?parent=21083"}],"wp:term":[{"taxonomy":"product_brand","embeddable":true,"href":"https:\/\/www.customywear.com\/ro\/wp-json\/wp\/v2\/product_brand?post=21083"},{"taxonomy":"product_cat","embeddable":true,"href":"https:\/\/www.customywear.com\/ro\/wp-json\/wp\/v2\/product_cat?post=21083"},{"taxonomy":"product_tag","embeddable":true,"href":"https:\/\/www.customywear.com\/ro\/wp-json\/wp\/v2\/product_tag?post=21083"}],"curies":[{"name":"wp","href":"https:\/\/api.w.org\/{rel}","templated":true}]}}