{"id":21106,"date":"2023-07-28T13:45:41","date_gmt":"2023-07-28T13:45:41","guid":{"rendered":"https:\/\/www.customywear.com\/?post_type=product&#038;p=21106"},"modified":"2026-05-07T15:29:53","modified_gmt":"2026-05-07T15:29:53","slug":"tricou-de-calaret-dinozaur-personalizat-ziua-de-nastere","status":"publish","type":"product","link":"https:\/\/www.customywear.com\/ro\/dinosaur-rider-tee-custom-birthday\/","title":{"rendered":"Tricou personalizat cu dinozaur c\u0103l\u0103re\u021b | Transform\u0103-\u021bi fotografia \u00eentr-un tricou personalizat pentru ziua de na\u0219tere"},"content":{"rendered":"<p>Porne\u0219te \u00eentr-o aventur\u0103 de neuitat pentru ziua de na\u0219tere cu tricoul nostru personalizat pentru copii, cu m\u00e2nec\u0103 scurt\u0103 \u0219i cu m\u00e2nec\u0103 lung\u0103! Transform\u00e2nd fotografia copilului t\u0103u, \u00eei putem da via\u021b\u0103 imagina\u021biei \u00een timp ce devine un curajos c\u0103l\u0103re\u021b de dinozauri printr-o ilustra\u021bie vectorial\u0103 remarcabil\u0103. Acest tricou personalizat pentru ziua de na\u0219tere este cadoul perfect pentru cei mici care sunt profund fascina\u021bi de dinozauri. Cu abilit\u0103\u021bile arti\u0219tilor no\u0219tri talenta\u021bi \u0219i puterea Adobe Illustrator \u0219i Adobe Photoshop, vom transforma meticulos fotografia copilului t\u0103u \u00eentr-un design artistic vectorial captivant. Rezultatul este o capodoper\u0103 de \u00eenalt\u0103 calitate, adus\u0103 la via\u021b\u0103 prin procesul de imprimare DTG, asigur\u00e2nd culori vibrante \u0219i durabilitate \u00eendelungat\u0103. Cel mai important, acest tricou personalizat este disponibil pentru adul\u021bi, tineri, copii \u0219i copii mici, fiind o alegere \u00eenc\u00e2nt\u0103toare pentru o gam\u0103 larg\u0103 de v\u00e2rste! Pentru a ad\u0103uga o not\u0103 suplimentar\u0103 de personalizare, aceste tricouri pot fi decorate cu chipul copilului t\u0103u sau cu chipul prietenilor s\u0103i bl\u0103no\u0219i iubi\u021bi. Acest lucru face cadoul \u0219i mai special \u0219i sentimental, cre\u00e2nd o amintire de neuitat care va fi pre\u021buit\u0103 ani de zile. Nu rata ocazia de a-i oferi copilului t\u0103u surpriza suprem\u0103 de ziua de na\u0219tere. Contacta\u021bi-ne ast\u0103zi \u0219i permite\u021bi-ne s\u0103 transform\u0103m fotografia dumneavoastr\u0103 preferat\u0103 \u00eentr-un tricou unic cu un dinozaur c\u0103l\u0103re\u021b, care \u00eei va aprinde sim\u021bul aventurii. Comanda este rapid\u0103 \u0219i u\u0219oar\u0103 - pur \u0219i simplu furniza\u021bi-ne fotografia pe care dori\u021bi s\u0103 o utiliza\u021bi, iar echipa noastr\u0103 dedicat\u0103 se va ocupa de restul. Dac\u0103 ave\u021bi \u00eentreb\u0103ri sau ave\u021bi nevoie de asisten\u021b\u0103 pe parcurs, serviciul nostru de asisten\u021b\u0103 pentru clien\u021bi este \u00eentotdeauna disponibil pentru a v\u0103 ajuta. \u00cenc\u0103rca\u021bi ziua de na\u0219tere a copilului dumneavoastr\u0103 cu un tricou personalizat cu un dinozaur c\u0103l\u0103re\u021b, care \u00eel va uimi \u0219i va face ziua lui special\u0103 cu adev\u0103rat memorabil\u0103!<\/p>","protected":false},"excerpt":{"rendered":"<p>S\u0103rb\u0103tore\u0219te zilele de na\u0219tere cu un tricou personalizat de c\u0103l\u0103re\u021b cu dinozauri. Transform\u0103-\u021bi fotografia \u00eentr-un tricou personalizat de ziua de na\u0219tere pentru un cadou unic \u0219i distractiv.<\/p>","protected":false},"featured_media":123469,"comment_status":"open","ping_status":"closed","template":"","meta":{"_acf_changed":false},"product_brand":[],"product_cat":[6189,496,6260,6412,6428,6436],"product_tag":[1555,6439,943,554,65,73],"class_list":{"0":"post-21106","1":"product","2":"type-product","3":"status-publish","4":"has-post-thumbnail","6":"product_cat-boys-t-shirts","7":"product_cat-birthday","8":"product_cat-custom-gifts-dinosaur-ride","9":"product_cat-photo-to-tees","10":"product_cat-translate-products","11":"product_cat-v2-boy-girl","12":"product_tag-3_rex_shirt","13":"product_tag-ai-kids-artwork","14":"product_tag-animal_shirt","15":"product_tag-dinosaur_shirt","16":"product_tag-kid","17":"product_tag-youth-boy","18":"wcpa_has_options","20":"first","21":"instock","22":"taxable","23":"shipping-taxable","24":"purchasable","25":"product-type-simple"},"acf":[],"wcpa_form_fields":{"wcpaData":{"product":{"product_price":24.99,"price_html":"<span class=\"wmc-wc-price\" ><span class=\"woocommerce-Price-amount amount\"><bdi><span class=\"woocommerce-Price-currencySymbol\">&euro;<\/span>24,99<\/bdi><\/span><span data-wmc_price_cache=\"{&quot;USD&quot;:&quot;&lt;span class=\\&quot;woocommerce-Price-amount amount\\&quot;&gt;&lt;bdi&gt;&lt;span class=\\&quot;woocommerce-Price-currencySymbol\\&quot;&gt;&amp;#36;&lt;\\\/span&gt;29,49&lt;\\\/bdi&gt;&lt;\\\/span&gt;&quot;,&quot;EUR&quot;:&quot;&lt;span class=\\&quot;woocommerce-Price-amount amount\\&quot;&gt;&lt;bdi&gt;&lt;span class=\\&quot;woocommerce-Price-currencySymbol\\&quot;&gt;&amp;euro;&lt;\\\/span&gt;24,99&lt;\\\/bdi&gt;&lt;\\\/span&gt;&quot;,&quot;CAD&quot;:&quot;&lt;span class=\\&quot;woocommerce-Price-amount amount\\&quot;&gt;&lt;bdi&gt;&lt;span class=\\&quot;woocommerce-Price-currencySymbol\\&quot;&gt;CAD$ &lt;\\\/span&gt;40,23&lt;\\\/bdi&gt;&lt;\\\/span&gt;&quot;,&quot;GBP&quot;:&quot;&lt;span class=\\&quot;woocommerce-Price-amount amount\\&quot;&gt;&lt;bdi&gt;&lt;span class=\\&quot;woocommerce-Price-currencySymbol\\&quot;&gt;&amp;pound;&lt;\\\/span&gt;21,49&lt;\\\/bdi&gt;&lt;\\\/span&gt;&quot;,&quot;PLN&quot;:&quot;&lt;span class=\\&quot;woocommerce-Price-amount amount\\&quot;&gt;&lt;bdi&gt;&lt;span class=\\&quot;woocommerce-Price-currencySymbol\\&quot;&gt;z\\u0142 &lt;\\\/span&gt;105,96&lt;\\\/bdi&gt;&lt;\\\/span&gt;&quot;,&quot;SEK&quot;:&quot;&lt;span class=\\&quot;woocommerce-Price-amount amount\\&quot;&gt;&lt;bdi&gt;&lt;span class=\\&quot;woocommerce-Price-currencySymbol\\&quot;&gt;kr &lt;\\\/span&gt;271,14&lt;\\\/bdi&gt;&lt;\\\/span&gt;&quot;,&quot;AUD&quot;:&quot;&lt;span class=\\&quot;woocommerce-Price-amount amount\\&quot;&gt;&lt;bdi&gt;&lt;span class=\\&quot;woocommerce-Price-currencySymbol\\&quot;&gt;AUD$ &lt;\\\/span&gt;40,48&lt;\\\/bdi&gt;&lt;\\\/span&gt;&quot;,&quot;JPY&quot;:&quot;&lt;span class=\\&quot;woocommerce-Price-amount amount\\&quot;&gt;&lt;bdi&gt;&lt;span class=\\&quot;woocommerce-Price-currencySymbol\\&quot;&gt;&amp;yen;&lt;\\\/span&gt;4.625,15&lt;\\\/bdi&gt;&lt;\\\/span&gt;&quot;,&quot;CZK&quot;:&quot;&lt;span class=\\&quot;woocommerce-Price-amount amount\\&quot;&gt;&lt;bdi&gt;&lt;span class=\\&quot;woocommerce-Price-currencySymbol\\&quot;&gt;K\\u010d &lt;\\\/span&gt;608,01&lt;\\\/bdi&gt;&lt;\\\/span&gt;&quot;,&quot;NZD&quot;:&quot;&lt;span class=\\&quot;woocommerce-Price-amount amount\\&quot;&gt;&lt;bdi&gt;&lt;span class=\\&quot;woocommerce-Price-currencySymbol\\&quot;&gt;NZD$ &lt;\\\/span&gt;49,23&lt;\\\/bdi&gt;&lt;\\\/span&gt;&quot;,&quot;CHF&quot;:&quot;&lt;span class=\\&quot;woocommerce-Price-amount amount\\&quot;&gt;&lt;bdi&gt;&lt;span class=\\&quot;woocommerce-Price-currencySymbol\\&quot;&gt;CHF &lt;\\\/span&gt;22,99&lt;\\\/bdi&gt;&lt;\\\/span&gt;&quot;}\" style=\"display: none;\" class=\"wmc-price-cache-list\"><\/span><\/span>","original_product_price":24.99,"price_including_tax":24.99,"price_excluding_tax":20.825,"product_id":{"parent":21106,"variation":false},"is_variable":false,"stock_status":"instock","stock_quantity":null,"parent_sku":"custom-tees-480","product_attributes":{"pa_style":{"is_variation":false,"values":["boys-t-shirt"]},"pa_customization":{"is_variation":false,"values":["add-your-photo","add-your-text-or-name","add-your-logo"]},"pa_material":{"is_variation":false,"values":["100-cotton"]},"pa_key-details":{"is_variation":false,"values":["unisex","regular-fit","premium-quality","digital-art"]},"pa_brand":{"is_variation":false,"values":["customywear"]},"pa_age-group":{"is_variation":false,"values":["kids"]},"pa_gender":{"is_variation":false,"values":["boy"]},"pa_color":{"is_variation":false,"values":["black","white","navy","red"]},"pa_print-type":{"is_variation":false,"values":["dtg-print-direct-to-garment"]},"pa_size":{"is_variation":false,"values":["s","m","l","xl"]}},"custom_fields":[],"is_taxable":true,"product_name":"Custom Dinosaur Rider Tee | Transform Your Photo into Personalized Birthday T-Shirt"},"fields":{"sec_168d3aad5dc660":{"extra":{"key":"sec_168d3aad5dc660","section_id":"sec_168d3aad5dc660","name":"T-shirt size and color","status":1,"cl_rule":"show","enableCl":false,"relations":[],"toggle":true,"title_tag":"h4","show_title":false,"showPrice":"default","form_id":137342,"form_rules":{"exclude_from_discount":false,"fee_label":"Fee","disp_hide_options_price":false,"disp_show_section_price":false,"disp_show_field_price":true,"layout_option":"standard","pric_use_as_fee":false,"process_fee_as":"woo_fee"},"layout_option":"standard"},"fields":[[{"active":true,"col":6,"relations":false,"cl_rule":"show","enableCl":false,"price":"","enablePrice":false,"className":"","label_position":"default","desc_position":"default","type":"color-group","required":false,"elementId":"color_group_7023184051","label":"Color","name":"color_group_7023184051","disp_type":"circle","values":[{"label":"Black","value":"Black","selected":false,"color":"#000000","tempId":"aco_219","gt_translate_keys":["label"]},{"label":"White","value":"White","selected":false,"color":"#f6f6f6","tempId":"aco_220","gt_translate_keys":["label"]},{"label":"Navy","value":"Navy","selected":false,"color":"#213a92","tempId":"aco_569","gt_translate_keys":["label"]},{"label":"Red","value":"Red","selected":false,"color":"#d0021b","tempId":"aco_580","gt_translate_keys":["label"]}],"layOut":"inline","error":false,"tooltip":"Pick your preferred T-shirt color","selection_type":"tick-border","show_selected_option":true,"adjust_width":true,"cart_display_type":"text","gt_translate_keys":["label","tooltip"],"price_dependency":false,"cl_dependency":false,"value":""}],[{"active":true,"col":6,"relations":false,"cl_rule":"show","enableCl":false,"price":"","enablePrice":false,"className":"","label_position":"default","desc_position":"default","type":"radio-group","required":false,"elementId":"radio-group_468d3aad5dc68e","label":"Size ","name":"radio-group_468d3aad5dc68e","values":[{"label":"S","value":"S","selected":false,"tempId":"aco_263","gt_translate_keys":["label"]},{"label":"M","value":"M","selected":false,"tempId":"aco_264","gt_translate_keys":["label"]},{"label":"L","value":"L","selected":false,"tempId":"aco_265","gt_translate_keys":["label"]},{"label":"XL","value":"XL","selected":false,"tempId":"aco_409","gt_translate_keys":["label"]}],"layOut":"inline","error":false,"checkUi":"button","show_selected_option":true,"tooltip":"Choose the T-shirt size for kids. Suitable for both boys and girls.","gt_translate_keys":["label","tooltip"],"price_dependency":false,"cl_dependency":false,"value":""}],[{"active":true,"col":6,"relations":[],"cl_rule":"hide","enableCl":false,"price":"","enablePrice":false,"className":"","label_position":"default","desc_position":"default","type":"file","required":false,"elementId":"file_668d3aad5dc69f","name":"file_668d3aad5dc69f","label":"Upload your kid's photo(s)","upload_type":"droppable","uploadSize":"50","file_types":["images","docs","design"],"exts_supported":["jpg","jpeg","png","gif","webp","pdf","PSD"],"error":false,"hideImageIn_email":true,"multiple_upload":true,"max_file_count":"25","tooltip":"Please provide clear photos of the person or pet looking directly at the camera.","cartLabel":"Photo(s)","allowedFileTypes":".jpg,.jpeg,.png,.gif,.webp,.pdf,.PSD,image\/*,.doc,.docx,.xml,.dot,.docm,.dotm,.dotx,.htm,.html,.odt,.rtf,.txt,.wps,.xps,application\/msword,application\/vnd,.psd,.eps,.ai,.indd,.raw","gt_translate_keys":["label","tooltip"],"price_dependency":false,"cl_dependency":false,"value":""}],[{"active":true,"col":6,"relations":false,"cl_rule":"show","enableCl":false,"price":"","enablePrice":false,"className":"","label_position":"default","desc_position":"default","type":"checkbox","required":false,"elementId":"checkbox_568d3aad5dc6ad","label":"View more options","name":"checkbox_568d3aad5dc6ad","value":"","check_value":"More options","checkUi":"","error":false,"hideFieldIn_cart":true,"hideFieldIn_order":true,"tooltip":"Click to explore additional free customization features","gt_translate_keys":["label","value","tooltip","check_value"],"price_dependency":false,"cl_dependency":["text_468d3aad5dc6b8","radio-group_668d3aad5dc6c6","radio-group_768d3aad5dc6d3"]}],[{"active":true,"col":6,"relations":[{"operator":false,"rules":[{"operator":"AND","rules":{"cl_field":"checkbox_568d3aad5dc6ad","cl_relation":"is","cl_val":true}}]}],"cl_rule":"show","enableCl":true,"price":"","enablePrice":false,"className":"","label_position":"default","desc_position":"default","type":"text","subtype":"text","required":false,"elementId":"text_468d3aad5dc6b8","label":"Add text to your T-shirt design (optional)","name":"text_468d3aad5dc6b8","value":"","error":false,"tooltip":"Your text will be added to the top or bottom of the T-shirt design.","placeholder":"eg: \"Noah: My Sunshine\"","cartLabel":"Text","gt_translate_keys":["label","placeholder","value","tooltip"],"price_dependency":false,"cl_dependency":false}],[{"active":true,"col":6,"relations":[{"operator":false,"rules":[{"operator":"AND","rules":{"cl_field":"checkbox_568d3aad5dc6ad","cl_relation":"is","cl_val":true}}]}],"cl_rule":"show","enableCl":true,"price":"","enablePrice":false,"className":"","label_position":"default","desc_position":"default","type":"radio-group","required":true,"elementId":"radio-group_668d3aad5dc6c6","label":"Select t-shirt print location","name":"radio-group_668d3aad5dc6c6","values":[{"label":"Front Side","value":"Front Side","selected":true,"tempId":"aco_5504","gt_translate_keys":["label"]},{"label":"Back Side","value":"Back Side","selected":false,"tempId":"aco_5505","gt_translate_keys":["label"]}],"layOut":"inline","error":false,"checkUi":"","cartLabel":"Print location","gt_translate_keys":["label"],"price_dependency":false,"cl_dependency":false,"value":""}],[{"active":true,"col":6,"relations":[{"operator":false,"rules":[{"operator":"AND","rules":{"cl_field":"checkbox_568d3aad5dc6ad","cl_relation":"is","cl_val":true}}]}],"cl_rule":"show","enableCl":true,"price":"","enablePrice":false,"className":"","label_position":"default","desc_position":"default","type":"radio-group","required":false,"elementId":"radio-group_768d3aad5dc6d3","label":"Would you like to review the design before printing?","name":"radio-group_768d3aad5dc6d3","values":[{"label":"No","value":"No","selected":true,"tempId":"aco_6274","gt_translate_keys":["label"]},{"label":"Yes","value":"Yes","selected":false,"tempId":"aco_6275","price":"","gt_translate_keys":["label"]}],"layOut":"inline","error":false,"checkUi":"","priceOptions":"different_for_all","pricingType":"fixed","use_as_fee":false,"fee_label":"Preview Image","tooltip":"If yes, we\u2019ll email you a preview of the design before printing. This may add 1-2 days to delivery time.*","hideFieldIn_cart":true,"hideFieldIn_order":true,"cartLabel":"Preview Image","gt_translate_keys":["label","tooltip"],"price_dependency":false,"cl_dependency":["content_468d3aad5dc6e0"],"value":""}],[{"active":true,"col":6,"relations":[{"operator":false,"rules":[{"operator":"AND","rules":{"cl_field":"radio-group_768d3aad5dc6d3","cl_relation":"is","cl_val":"Yes"}}]}],"cl_rule":"show","enableCl":true,"price":"","enablePrice":false,"className":"","label_position":"default","desc_position":"default","type":"content","required":false,"elementId":"content_468d3aad5dc6e0","label":"","name":"content_468d3aad5dc6e0","contentType":"plain","value":"Please check your inbox, including Spam or other folders, within 1-2 business days for the preview image","error":false,"subtype":"p","hideFieldIn_cart":true,"hideFieldIn_order":true,"gt_translate_keys":["label","value"],"price_dependency":false,"cl_dependency":false}]]}},"config":{"price_override":"","enable_recaptcha":false,"bind_quantity":false,"quantity_bind_formula":false,"disp_summ_show_option_price":false,"disp_summ_show_product_price":false,"disp_summ_show_total_price":false,"disp_summ_show_fee":false,"disp_summ_show_discount":false,"summary_title":"","options_total_label":"Options Price","total_label":"Total","options_product_label":"Product Price","fee_label":"Fee","discount_label":"Discount","has_price":true,"has_quantity_formula":false},"mc_unit":1,"tax_rate":1,"tax_rate_real":0,"discount":{"percentage":0,"fixed":0},"design":{"conf":{"LabelPosition":"above","DescPosition":"above","UploadField":"default","QuantityFieldStyle":"default"},"css":{"LeftLabelWidth":"120px"}},"formulas":[],"clones":false,"cartKey":false}},"_links":{"self":[{"href":"https:\/\/www.customywear.com\/ro\/wp-json\/wp\/v2\/product\/21106","targetHints":{"allow":["GET"]}}],"collection":[{"href":"https:\/\/www.customywear.com\/ro\/wp-json\/wp\/v2\/product"}],"about":[{"href":"https:\/\/www.customywear.com\/ro\/wp-json\/wp\/v2\/types\/product"}],"replies":[{"embeddable":true,"href":"https:\/\/www.customywear.com\/ro\/wp-json\/wp\/v2\/comments?post=21106"}],"wp:featuredmedia":[{"embeddable":true,"href":"https:\/\/www.customywear.com\/ro\/wp-json\/wp\/v2\/media\/123469"}],"wp:attachment":[{"href":"https:\/\/www.customywear.com\/ro\/wp-json\/wp\/v2\/media?parent=21106"}],"wp:term":[{"taxonomy":"product_brand","embeddable":true,"href":"https:\/\/www.customywear.com\/ro\/wp-json\/wp\/v2\/product_brand?post=21106"},{"taxonomy":"product_cat","embeddable":true,"href":"https:\/\/www.customywear.com\/ro\/wp-json\/wp\/v2\/product_cat?post=21106"},{"taxonomy":"product_tag","embeddable":true,"href":"https:\/\/www.customywear.com\/ro\/wp-json\/wp\/v2\/product_tag?post=21106"}],"curies":[{"name":"wp","href":"https:\/\/api.w.org\/{rel}","templated":true}]}}