{"id":21124,"date":"2023-07-28T13:45:54","date_gmt":"2023-07-28T13:45:54","guid":{"rendered":"https:\/\/www.customywear.com\/?post_type=product&#038;p=21124"},"modified":"2026-05-07T15:29:52","modified_gmt":"2026-05-07T15:29:52","slug":"tricou-baiat-tobosar","status":"publish","type":"product","link":"https:\/\/www.customywear.com\/ro\/drummer-boy-t-shirt\/","title":{"rendered":"Tricou personalizat cu baterist | Transform\u0103-\u021bi fotografia \u00eentr-un tricou muzical personalizat"},"content":{"rendered":"<p>Preg\u0103te\u0219te-te s\u0103 urci pe scen\u0103 cu tricoul nostru creativ cu m\u00e2nec\u0103 scurt\u0103 \u0219i cu m\u00e2nec\u0103 lung\u0103 pentru copii! Folosind fotografia copilului t\u0103u, arti\u0219tii no\u0219tri talenta\u021bi o vor transforma \u00eentr-un design artistic vectorial vibrant, care va da impresia c\u0103 este un baterist, c\u00e2nt\u00e2nd la tobe cu toat\u0103 pasiunea \u0219i energia sa. Acest tricou muzical personalizat este cadoul perfect de inspira\u021bie pentru copiii mici pasiona\u021bi de muzic\u0103 \u0219i iubesc ritmul! Folosind puterea Adobe Illustrator \u0219i Adobe Photoshop, vom crea cu aten\u021bie un design de \u00eenalt\u0103 calitate care surprinde dragostea copilului t\u0103u pentru muzic\u0103. Tehnologia noastr\u0103 de imprimare DTG asigur\u0103 c\u0103 designul este imprimat cu precizie \u0219i va r\u0103m\u00e2ne vibrant pentru o lung\u0103 perioad\u0103 de timp. Aceste tricouri sunt disponibile \u00eentr-un stil unisex, fiind potrivite pentru adul\u021bi, tineri, copii \u0219i chiar pentru copiii mici care doresc s\u0103 se al\u0103ture trupei! Du acest tricou personalizat la nivelul urm\u0103tor ad\u0103ug\u00e2nd la design fa\u021ba animalului de companie al copilului t\u0103u sau fa\u021ba oric\u0103rui alt membru al familiei. Acest lucru adaug\u0103 o not\u0103 de personalizare care \u00eel face un cadou de neuitat. Comanda este u\u0219oar\u0103 - pur \u0219i simplu \u00eencarc\u0103 fotografia ta \u0219i las\u0103-ne pe noi s\u0103 ne ocup\u0103m de restul. Dac\u0103 ave\u021bi \u00eentreb\u0103ri sau ave\u021bi nevoie de asisten\u021b\u0103, echipa noastr\u0103 dedicat\u0103 de asisten\u021b\u0103 clien\u021bi este aici pentru a v\u0103 ajuta. Preg\u0103ti\u021bi-v\u0103 s\u0103 v\u0103 cufunda\u021bi \u00een lumea muzicii cu acest tricou personalizat cu baterist! Comanda\u021bi acum \u0219i l\u0103sa\u021bi pasiunea \u0219i talentul copilului dumneavoastr\u0103 s\u0103 str\u0103luceasc\u0103 prin noul s\u0103u tricou preferat.<\/p>","protected":false},"excerpt":{"rendered":"<p>Rock out cu un tricou personalizat de tobo\u0219ar. Transform\u0103-\u021bi fotografia \u00eentr-un tricou personalizat pentru un tricou distractiv, unic.<\/p>","protected":false},"featured_media":142698,"comment_status":"open","ping_status":"closed","template":"","meta":{"_acf_changed":false},"product_brand":[],"product_cat":[6189,1577,1582,6412,6428],"product_tag":[6433,6439,1578,65,73],"class_list":{"0":"post-21124","1":"product","2":"type-product","3":"status-publish","4":"has-post-thumbnail","6":"product_cat-boys-t-shirts","7":"product_cat-custom-gifts-drummers","8":"product_cat-music","9":"product_cat-photo-to-tees","10":"product_cat-translate-products","11":"product_tag-ai-artwork","12":"product_tag-ai-kids-artwork","13":"product_tag-gift_for_drummer","14":"product_tag-kid","15":"product_tag-youth-boy","17":"first","18":"instock","19":"taxable","20":"shipping-taxable","21":"purchasable","22":"product-type-simple"},"acf":[],"wcpa_form_fields":null,"_links":{"self":[{"href":"https:\/\/www.customywear.com\/ro\/wp-json\/wp\/v2\/product\/21124","targetHints":{"allow":["GET"]}}],"collection":[{"href":"https:\/\/www.customywear.com\/ro\/wp-json\/wp\/v2\/product"}],"about":[{"href":"https:\/\/www.customywear.com\/ro\/wp-json\/wp\/v2\/types\/product"}],"replies":[{"embeddable":true,"href":"https:\/\/www.customywear.com\/ro\/wp-json\/wp\/v2\/comments?post=21124"}],"wp:featuredmedia":[{"embeddable":true,"href":"https:\/\/www.customywear.com\/ro\/wp-json\/wp\/v2\/media\/142698"}],"wp:attachment":[{"href":"https:\/\/www.customywear.com\/ro\/wp-json\/wp\/v2\/media?parent=21124"}],"wp:term":[{"taxonomy":"product_brand","embeddable":true,"href":"https:\/\/www.customywear.com\/ro\/wp-json\/wp\/v2\/product_brand?post=21124"},{"taxonomy":"product_cat","embeddable":true,"href":"https:\/\/www.customywear.com\/ro\/wp-json\/wp\/v2\/product_cat?post=21124"},{"taxonomy":"product_tag","embeddable":true,"href":"https:\/\/www.customywear.com\/ro\/wp-json\/wp\/v2\/product_tag?post=21124"}],"curies":[{"name":"wp","href":"https:\/\/api.w.org\/{rel}","templated":true}]}}