{"id":21125,"date":"2023-07-28T13:45:54","date_gmt":"2023-07-28T13:45:54","guid":{"rendered":"https:\/\/www.customywear.com\/?post_type=product&#038;p=21125"},"modified":"2026-05-07T15:29:52","modified_gmt":"2026-05-07T15:29:52","slug":"camasa-personalizata-pentru-fetita-tobosar","status":"publish","type":"product","link":"https:\/\/www.customywear.com\/ro\/personalized-drummer-girl-shirt\/","title":{"rendered":"Tricou personalizat pentru fete bateriste \u2013 Tricou personalizat rock n roll pentru copii"},"content":{"rendered":"<p>Aprinde pasiunea copilului t\u0103u pentru muzic\u0103 cu ajutorul captivantului nostru... <em>Tricou personalizat pentru fete bateriste<\/em>Cufund-o \u00een ritmul rock n&#039; roll-ului \u00een timp ce \u00eei transform\u0103m fotografia \u00eentr-o art\u0103 vectorial\u0103 dinamic\u0103 folosind Adobe Illustrator, surprinz\u00e2nd esen\u021ba unui t\u00e2n\u0103r baterist cufundat \u00een muzic\u0103. Acest tricou personalizat este un cadou armonios \u0219i inspira\u021bional pentru muzicienii \u00een devenire care m\u0103r\u0219\u0103luiesc \u00een ritmul propriei tobe. Procesul nostru meticulos de design garanteaz\u0103 aten\u021bia la detalii \u0219i exprimarea creativ\u0103, utiliz\u00e2nd puterea Adobe Photoshop \u0219i tehnologia de imprimare DTG. Rezultatul este un tricou unisex vibrant \u0219i de \u00eenalt\u0103 calitate, adaptat pentru tineri, copii \u0219i copii mici, asigur\u00e2ndu-v\u0103 c\u0103 copilul dumneavoastr\u0103 iese \u00een eviden\u021b\u0103 prin stil. L\u0103sa\u021bi-i creativitatea s\u0103 ocupe un loc central \u00een timp ce \u00ee\u0219i etaleaz\u0103 pasiunea pentru muzic\u0103 \u00een \u021binuta ei unic\u0103 \u0219i personalizat\u0103 cu tematic\u0103 de baterist. Face\u021bi-i cadoul cu adev\u0103rat de neuitat personaliz\u00e2nd designul cu fe\u021bele alese de ea, fie c\u0103 este vorba de propria ei fa\u021b\u0103 sau chiar de cea a unui animal de companie iubit. \u00cembr\u0103\u021bi\u0219eaz\u0103 lumea muzicii \u0219i a ritmului cu o pies\u0103 personalizat\u0103 care \u00eei celebreaz\u0103 individualitatea. Fie c\u0103 \u00ee\u0219i exerseaz\u0103 ritmurile sau pur \u0219i simplu se mi\u0219c\u0103 pe melodiile ei preferate, acest tricou este o amintire constant\u0103 a puterii autoexprim\u0103rii \u0219i a creativit\u0103\u021bii. Exploreaz\u0103 mai multe modele \u0219i amplific\u0103-i dragostea pentru muzic\u0103 cu fiecare purtare.<\/p>","protected":false},"excerpt":{"rendered":"<p>Da\u021bi via\u021b\u0103 muzicii cu o c\u0103ma\u0219\u0103 personalizat\u0103 de tobo\u0219ar. Tricourile personalizate Rock N Roll Kids transform\u0103 orice fotografie \u00eentr-un tricou juc\u0103u\u0219, unic.<\/p>","protected":false},"featured_media":142705,"comment_status":"open","ping_status":"closed","template":"","meta":{"_acf_changed":false},"product_brand":[],"product_cat":[6193,1577,6412,6428],"product_tag":[6433,6439,1578,65,1583,156],"class_list":{"0":"post-21125","1":"product","2":"type-product","3":"status-publish","4":"has-post-thumbnail","6":"product_cat-girls-t-shirts","7":"product_cat-custom-gifts-drummers","8":"product_cat-photo-to-tees","9":"product_cat-translate-products","10":"product_tag-ai-artwork","11":"product_tag-ai-kids-artwork","12":"product_tag-gift_for_drummer","13":"product_tag-kid","14":"product_tag-music","15":"product_tag-youth-girl","17":"first","18":"instock","19":"taxable","20":"shipping-taxable","21":"purchasable","22":"product-type-simple"},"acf":[],"wcpa_form_fields":null,"_links":{"self":[{"href":"https:\/\/www.customywear.com\/ro\/wp-json\/wp\/v2\/product\/21125","targetHints":{"allow":["GET"]}}],"collection":[{"href":"https:\/\/www.customywear.com\/ro\/wp-json\/wp\/v2\/product"}],"about":[{"href":"https:\/\/www.customywear.com\/ro\/wp-json\/wp\/v2\/types\/product"}],"replies":[{"embeddable":true,"href":"https:\/\/www.customywear.com\/ro\/wp-json\/wp\/v2\/comments?post=21125"}],"wp:featuredmedia":[{"embeddable":true,"href":"https:\/\/www.customywear.com\/ro\/wp-json\/wp\/v2\/media\/142705"}],"wp:attachment":[{"href":"https:\/\/www.customywear.com\/ro\/wp-json\/wp\/v2\/media?parent=21125"}],"wp:term":[{"taxonomy":"product_brand","embeddable":true,"href":"https:\/\/www.customywear.com\/ro\/wp-json\/wp\/v2\/product_brand?post=21125"},{"taxonomy":"product_cat","embeddable":true,"href":"https:\/\/www.customywear.com\/ro\/wp-json\/wp\/v2\/product_cat?post=21125"},{"taxonomy":"product_tag","embeddable":true,"href":"https:\/\/www.customywear.com\/ro\/wp-json\/wp\/v2\/product_tag?post=21125"}],"curies":[{"name":"wp","href":"https:\/\/api.w.org\/{rel}","templated":true}]}}