{"id":21186,"date":"2023-07-28T13:46:37","date_gmt":"2023-07-28T13:46:37","guid":{"rendered":"https:\/\/www.customywear.com\/?post_type=product&#038;p=21186"},"modified":"2026-05-07T15:29:52","modified_gmt":"2026-05-07T15:29:52","slug":"tricou-personalizat-pentru-iubitorii-de-golf","status":"publish","type":"product","link":"https:\/\/www.customywear.com\/ro\/custom-golf-lover-tshirt\/","title":{"rendered":"Golf personalizat Iubitul T-Shirt | Foto pentru Sport Personalizate Tee"},"content":{"rendered":"<p>Ridica\u021bi stilul copilului dumneavoastr\u0103 cu tricoul nostru personalizat \u201eIubitori de golf\u201d. Urm\u0103ri\u021bi cum fotografia copilului dumneavoastr\u0103 se transform\u0103 \u00eentr-un portret vectorial captivant, care surprinde esen\u021ba dragostei sale pentru sporturile \u00een aer liber. Indiferent dac\u0103 micu\u021bul dumneavoastr\u0103 este pasionat de golf sau pur \u0219i simplu se bucur\u0103 de activit\u0103\u021bi active, acest tricou este o modalitate fantastic\u0103 de a-\u0219i etala pasiunea. Folosind precizia Adobe Illustrator \u0219i Adobe Photoshop, designerii no\u0219tri pricepu\u021bi creeaz\u0103 o redare vectorial\u0103 de \u00eenalt\u0103 calitate a imaginii alese. Tehnica de imprimare DTG de ultim\u0103 genera\u021bie asigur\u0103 culori durabile \u0219i detalii complexe. Acest design versatil \u0219i unisex este potrivit pentru toate grupele de v\u00e2rst\u0103, de la adul\u021bi \u0219i tineri la copii \u0219i chiar \u0219i copii mici. S\u0103rb\u0103tori\u021bi spiritul modei personalizate cu o not\u0103 de art\u0103. Tricoul nostru personalizat \u201eIubitori de golf\u201d este p\u00e2nza perfect\u0103 pentru imortalizarea amintirilor. Gama include o colec\u021bie divers\u0103 de modele, toate personalizabile cu portrete umane \u0219i de animale de companie. Descoperi\u021bi bucuria artei purtabile \u0219i exprima\u021bi-v\u0103 stilul unic cu acest tricou unic, personalizat. <strong>Caracteristici cheie:<\/strong><\/p>\n<ul>\n<li>Art\u0103 vectorial\u0103 transformatoare din fotografia ta<\/li>\n<li>Imprimare DTG pentru o str\u0103lucire de durat\u0103<\/li>\n<li>Design unisex pentru toate v\u00e2rstele<\/li>\n<li>Personalizabil cu portrete umane \u0219i de animale de companie<\/li>\n<li>Disponibil pentru adul\u021bi, tineri, copii \u0219i copii mici<\/li>\n<\/ul>\n<p>Experimenteaz\u0103 fiorul transform\u0103rii momentelor \u00een capodopere purtabile. Comand\u0103 ast\u0103zi tricoul t\u0103u personalizat pentru iubitorii de golf \u0219i \u00eembr\u0103\u021bi\u0219eaz\u0103 arta autoexprim\u0103rii \u0219i a cadourilor personalizate.<\/p>","protected":false},"excerpt":{"rendered":"<p>\u00cencepe\u021bi cu stil cu un tricou personalizat pentru iubitorii de golf. Fotografie \u00een tricouri sportive personalizate Transform\u0103 orice fotografie \u00eentr-un tricou sportiv unic.<\/p>","protected":false},"featured_media":142789,"comment_status":"open","ping_status":"closed","template":"","meta":{"_acf_changed":false},"product_brand":[],"product_cat":[6193,933,6412,6428],"product_tag":[6433,6439,934,937,938,2075,65,67,326,105,156],"class_list":{"0":"post-21186","1":"product","2":"type-product","3":"status-publish","4":"has-post-thumbnail","6":"product_cat-girls-t-shirts","7":"product_cat-custom-gifts-golf-players","8":"product_cat-photo-to-tees","9":"product_cat-translate-products","10":"product_tag-ai-artwork","11":"product_tag-ai-kids-artwork","12":"product_tag-birthday_shirt","13":"product_tag-golf","14":"product_tag-golf_gifts","15":"product_tag-golf_shirt","16":"product_tag-kid","17":"product_tag-kids_birthday_shirt","18":"product_tag-sports","19":"product_tag-summer_shirt","20":"product_tag-youth-girl","22":"first","23":"instock","24":"taxable","25":"shipping-taxable","26":"purchasable","27":"product-type-simple"},"acf":[],"wcpa_form_fields":null,"_links":{"self":[{"href":"https:\/\/www.customywear.com\/ro\/wp-json\/wp\/v2\/product\/21186","targetHints":{"allow":["GET"]}}],"collection":[{"href":"https:\/\/www.customywear.com\/ro\/wp-json\/wp\/v2\/product"}],"about":[{"href":"https:\/\/www.customywear.com\/ro\/wp-json\/wp\/v2\/types\/product"}],"replies":[{"embeddable":true,"href":"https:\/\/www.customywear.com\/ro\/wp-json\/wp\/v2\/comments?post=21186"}],"wp:featuredmedia":[{"embeddable":true,"href":"https:\/\/www.customywear.com\/ro\/wp-json\/wp\/v2\/media\/142789"}],"wp:attachment":[{"href":"https:\/\/www.customywear.com\/ro\/wp-json\/wp\/v2\/media?parent=21186"}],"wp:term":[{"taxonomy":"product_brand","embeddable":true,"href":"https:\/\/www.customywear.com\/ro\/wp-json\/wp\/v2\/product_brand?post=21186"},{"taxonomy":"product_cat","embeddable":true,"href":"https:\/\/www.customywear.com\/ro\/wp-json\/wp\/v2\/product_cat?post=21186"},{"taxonomy":"product_tag","embeddable":true,"href":"https:\/\/www.customywear.com\/ro\/wp-json\/wp\/v2\/product_tag?post=21186"}],"curies":[{"name":"wp","href":"https:\/\/api.w.org\/{rel}","templated":true}]}}