{"id":21198,"date":"2023-07-28T13:46:45","date_gmt":"2023-07-28T13:46:45","guid":{"rendered":"https:\/\/www.customywear.com\/?post_type=product&#038;p=21198"},"modified":"2026-05-05T20:24:09","modified_gmt":"2026-05-05T20:24:09","slug":"tricou-personalizat-pentru-antrenament-pentru-barbati-de-gimnastica","status":"publish","type":"product","link":"https:\/\/www.customywear.com\/ro\/custom-gymnastics-man-workout-t-shirt\/","title":{"rendered":"Tricou personalizat pentru gimnastic\u0103, b\u0103rbat \u2013 Tricou personalizat pentru exerci\u021bii"},"content":{"rendered":"<p>\u00cembun\u0103t\u0103\u021be\u0219te-\u021bi rutina de antrenament cu tricoul nostru unic, personalizat, pentru gimnastic\u0103. Folosind puterea Adobe Illustrator \u0219i Adobe Photoshop, vom transforma fotografia ta \u00eentr-un element vizual uimitor, plas\u00e2ndu-te pe un fundal pitoresc de plaj\u0103 \u00een timp ce faci exerci\u021bii revigorante. Acest tricou personalizat este conceput special pentru pasiona\u021bii de exerci\u021bii fizice, cei care merg la sal\u0103 \u0219i cei care duc un stil de via\u021b\u0103 activ.<\/p>\n<p>Experimenteaz\u0103 fuziunea dintre stil \u0219i fitness cu tricoul nostru personalizat de antrenament. Acest design surprinde esen\u021ba dedic\u0103rii tale fa\u021b\u0103 de exerci\u021bii fizice, fiind un cadou ideal pentru b\u0103rba\u021bii care apreciaz\u0103 arta mi\u0219c\u0103rii. Dincolo de a fi un companion pentru sal\u0103, este o pies\u0103 versatil\u0103 care rezoneaz\u0103 cu zilele de na\u0219tere cu tematic\u0103 de exerci\u021bii fizice, anivers\u0103rile de antrenament \u0219i multe altele.<\/p>\n<p>Tricourile noastre imprimate cu imprimeu DTG se m\u00e2ndresc cu o art\u0103 vectorial\u0103 de \u00eenalt\u0103 calitate, asigur\u00e2nd modele vibrante \u0219i durabile. Disponibile \u00een stiluri unisex, tricourile noastre se adreseaz\u0103 adul\u021bilor, tinerilor, copiilor \u0219i chiar copiilor mici. \u00cembun\u0103t\u0103\u021bi\u021bi-v\u0103 echipamentul de antrenament cu o not\u0103 personal\u0103 integr\u00e2nd fe\u021be umane \u0219i de animale de companie \u00een design, cre\u00e2nd o reprezentare vizual\u0103 a pasiunii dvs. pentru fitness. Explora\u021bi o gam\u0103 larg\u0103 de op\u021biuni \u0219i profita\u021bi de ocazie pentru a v\u0103 purta cu m\u00e2ndrie angajamentul.<\/p>","protected":false},"excerpt":{"rendered":"<p>Antreneaz\u0103-te cu stil cu un tricou personalizat de antrenament pentru b\u0103rba\u021bi de gimnastic\u0103. Tricourile de exerci\u021bii personalizate transform\u0103 fotografiile \u00een modele de fitness \u00eendr\u0103zne\u021be.<\/p>","protected":false},"featured_media":143254,"comment_status":"open","ping_status":"closed","template":"","meta":{"_acf_changed":false},"product_brand":[],"product_cat":[6195,526,186,6337,6339,6412,310,6428],"product_tag":[6433,6217,6165,546,6216,326],"class_list":{"0":"post-21198","1":"product","2":"type-product","3":"status-publish","4":"has-post-thumbnail","6":"product_cat-t-shirts-men","7":"product_cat-gym-shirts","8":"product_cat-men","9":"product_cat-mens-gym-t-shirts","10":"product_cat-mens-sports-t-shirts","11":"product_cat-photo-to-tees","12":"product_cat-sports-shirts","13":"product_cat-translate-products","14":"product_tag-ai-artwork","15":"product_tag-custom-t-shirt","16":"product_tag-custom-gym-tees","17":"product_tag-gym","18":"product_tag-mens-custom-t-shirts","19":"product_tag-sports","21":"first","22":"instock","23":"taxable","24":"shipping-taxable","25":"purchasable","26":"product-type-simple"},"acf":[],"wcpa_form_fields":null,"_links":{"self":[{"href":"https:\/\/www.customywear.com\/ro\/wp-json\/wp\/v2\/product\/21198","targetHints":{"allow":["GET"]}}],"collection":[{"href":"https:\/\/www.customywear.com\/ro\/wp-json\/wp\/v2\/product"}],"about":[{"href":"https:\/\/www.customywear.com\/ro\/wp-json\/wp\/v2\/types\/product"}],"replies":[{"embeddable":true,"href":"https:\/\/www.customywear.com\/ro\/wp-json\/wp\/v2\/comments?post=21198"}],"wp:featuredmedia":[{"embeddable":true,"href":"https:\/\/www.customywear.com\/ro\/wp-json\/wp\/v2\/media\/143254"}],"wp:attachment":[{"href":"https:\/\/www.customywear.com\/ro\/wp-json\/wp\/v2\/media?parent=21198"}],"wp:term":[{"taxonomy":"product_brand","embeddable":true,"href":"https:\/\/www.customywear.com\/ro\/wp-json\/wp\/v2\/product_brand?post=21198"},{"taxonomy":"product_cat","embeddable":true,"href":"https:\/\/www.customywear.com\/ro\/wp-json\/wp\/v2\/product_cat?post=21198"},{"taxonomy":"product_tag","embeddable":true,"href":"https:\/\/www.customywear.com\/ro\/wp-json\/wp\/v2\/product_tag?post=21198"}],"curies":[{"name":"wp","href":"https:\/\/api.w.org\/{rel}","templated":true}]}}