{"id":21199,"date":"2023-07-28T13:46:46","date_gmt":"2023-07-28T13:46:46","guid":{"rendered":"https:\/\/www.customywear.com\/?post_type=product&#038;p=21199"},"modified":"2026-05-05T20:24:09","modified_gmt":"2026-05-05T20:24:09","slug":"camasa-de-barbat-personalizata-la-multi-ani","status":"publish","type":"product","link":"https:\/\/www.customywear.com\/ro\/custom-happy-birthday-man-shirt\/","title":{"rendered":"Tricou personalizat La mul\u021bi ani pentru b\u0103rbat \u2013 Cadou personalizat distractiv pentru el"},"content":{"rendered":"<p>Transform\u0103 zilele de na\u0219tere \u00een momente memorabile cu tricoul nostru personalizat \u201eLa mul\u021bi ani\u201d pentru b\u0103rba\u021bi. Arti\u0219tii no\u0219tri exper\u021bi folosesc Adobe Illustrator \u0219i Adobe Photoshop pentru a crea portrete vectoriale care te prezint\u0103 s\u0103rb\u0103torind \u00een fa\u021ba unui tort de ziua de na\u0219tere vibrant. Acest tricou personalizat este cadoul suprem, distractiv \u0219i vesel, perfect pentru iubitul, tat\u0103l, so\u021bul, fratele \u0219i orice b\u0103rbat special din via\u021ba ta. \u00cembr\u0103\u021bi\u0219eaz\u0103 bucuria personaliz\u0103rii cu designul nostru de tricou unisex pentru adul\u021bi, cu m\u00e2nec\u0103 scurt\u0103 \u0219i cu m\u00e2nec\u0103 lung\u0103. Nu este doar un tricou; este o oper\u0103 de art\u0103 care induce r\u00e2sete \u0219i surprinde spiritul s\u0103rb\u0103torii. Fie c\u0103 este vorba de o zi de na\u0219tere important\u0103 sau de o zi de pre\u021buit pur \u0219i simplu, acest tricou adaug\u0103 o not\u0103 de umor \u0219i personalizare ocaziei. Procesul nostru de imprimare DTG asigur\u0103 c\u0103 designul t\u0103u personalizat r\u0103m\u00e2ne vibrant \u0219i de \u00eenalt\u0103 calitate, eviden\u021biind m\u0103iestria vectorial\u0103 complex\u0103. Aceste tricouri versatile se adreseaz\u0103 adul\u021bilor, tinerilor, copiilor \u0219i copiilor mici, fiind o alegere ideal\u0103 pentru o gam\u0103 larg\u0103 de v\u00e2rste. Creeaz\u0103 un sentiment de r\u00e2s \u0219i creeaz\u0103 o amintire memorabil\u0103 \u00eencorpor\u00e2nd fe\u021be umane \u0219i de animale de companie \u00een design. Exploreaz\u0103 domeniul cadourilor personalizate cu op\u021biuni de design nelimitate \u0219i \u00eemp\u0103rt\u0103\u0219e\u0219te bucuria zilelor de na\u0219tere ca niciodat\u0103.<\/p>","protected":false},"excerpt":{"rendered":"<p>S\u0103rb\u0103tore\u0219te zilele de na\u0219tere cu o c\u0103ma\u0219\u0103 personalizat\u0103 la mul\u021bi ani. Cadourile distractive personalizate pentru el transform\u0103 orice fotografie \u00eentr-un tricou unic, festiv.<\/p>","protected":false},"featured_media":142573,"comment_status":"open","ping_status":"closed","template":"","meta":{"_acf_changed":false},"product_brand":[],"product_cat":[6195,496,6246,186,6342,6412,6428],"product_tag":[6433,498,6216,6219,6220],"class_list":{"0":"post-21199","1":"product","2":"type-product","3":"status-publish","4":"has-post-thumbnail","6":"product_cat-t-shirts-men","7":"product_cat-birthday","8":"product_cat-custom-gifts-birthday-party","9":"product_cat-men","10":"product_cat-mens-birthday-t-shirts","11":"product_cat-photo-to-tees","12":"product_cat-translate-products","13":"product_tag-ai-artwork","14":"product_tag-birthday","15":"product_tag-mens-custom-t-shirts","16":"product_tag-order-custom-shirts","17":"product_tag-t-shirt-printing-near-me","19":"first","20":"instock","21":"taxable","22":"shipping-taxable","23":"purchasable","24":"product-type-simple"},"acf":[],"wcpa_form_fields":null,"_links":{"self":[{"href":"https:\/\/www.customywear.com\/ro\/wp-json\/wp\/v2\/product\/21199","targetHints":{"allow":["GET"]}}],"collection":[{"href":"https:\/\/www.customywear.com\/ro\/wp-json\/wp\/v2\/product"}],"about":[{"href":"https:\/\/www.customywear.com\/ro\/wp-json\/wp\/v2\/types\/product"}],"replies":[{"embeddable":true,"href":"https:\/\/www.customywear.com\/ro\/wp-json\/wp\/v2\/comments?post=21199"}],"wp:featuredmedia":[{"embeddable":true,"href":"https:\/\/www.customywear.com\/ro\/wp-json\/wp\/v2\/media\/142573"}],"wp:attachment":[{"href":"https:\/\/www.customywear.com\/ro\/wp-json\/wp\/v2\/media?parent=21199"}],"wp:term":[{"taxonomy":"product_brand","embeddable":true,"href":"https:\/\/www.customywear.com\/ro\/wp-json\/wp\/v2\/product_brand?post=21199"},{"taxonomy":"product_cat","embeddable":true,"href":"https:\/\/www.customywear.com\/ro\/wp-json\/wp\/v2\/product_cat?post=21199"},{"taxonomy":"product_tag","embeddable":true,"href":"https:\/\/www.customywear.com\/ro\/wp-json\/wp\/v2\/product_tag?post=21199"}],"curies":[{"name":"wp","href":"https:\/\/api.w.org\/{rel}","templated":true}]}}