{"id":21200,"date":"2023-07-28T13:46:48","date_gmt":"2023-07-28T13:46:48","guid":{"rendered":"https:\/\/www.customywear.com\/?post_type=product&#038;p=21200"},"modified":"2026-05-05T20:23:30","modified_gmt":"2026-05-05T20:23:30","slug":"tricou-personalizat-de-ziua-de-nastere-pentru-femei","status":"publish","type":"product","link":"https:\/\/www.customywear.com\/ro\/custom-happy-birthday-woman-shirt\/","title":{"rendered":"Tricou personalizat La mul\u021bi ani, femeie \u2013 cadou personalizat distractiv pentru ea"},"content":{"rendered":"<p>Transform\u0103-i ziua de na\u0219tere \u00eentr-un moment extraordinar cu tricoul nostru personalizat \u201eLa mul\u021bi ani\u201d pentru femei. Artizanii no\u0219tri pricepu\u021bi utilizeaz\u0103 Adobe Illustrator \u0219i Adobe Photoshop pentru a crea portrete vectoriale care surprind esen\u021ba s\u0103rb\u0103toririi \u00een fa\u021ba unui tort de ziua de na\u0219tere \u00eenc\u00e2nt\u0103tor. Acest tricou personalizat este un cadou emo\u021bionant \u0219i amuzant, perfect pentru femeile de toate v\u00e2rstele, fie c\u0103 este vorba de mama, sora, so\u021bia, prietena sau orice doamn\u0103 special\u0103. Experimenteaz\u0103 bucuria personaliz\u0103rii cu designul nostru de tricou unisex cu m\u00e2nec\u0103 scurt\u0103 \u0219i m\u00e2nec\u0103 lung\u0103 pentru adul\u021bi. Este mai mult dec\u00e2t un simplu tricou; este o amintire purtabil\u0103 care \u00eentruchipeaz\u0103 spiritul s\u0103rb\u0103torii. Fie c\u0103 este vorba de o zi de na\u0219tere important\u0103 sau de un moment de pur \u0219i simplu bucurie, acest tricou adaug\u0103 o not\u0103 de umor \u0219i personalizare ocaziei. Procesul nostru de imprimare DTG garanteaz\u0103 modele vibrante \u0219i durabile, prezent\u00e2nd arta vectorial\u0103 complex\u0103 \u00een toat\u0103 splendoarea sa. Disponibile pentru adul\u021bi, tineri, copii \u0219i copii mici, aceste tricouri versatile se adreseaz\u0103 unei game diverse de v\u00e2rste. Ridic\u0103 bucuria \u0219i creeaz\u0103 o amintire pre\u021bioas\u0103 \u00eencorpor\u00e2nd fe\u021be umane \u0219i de animale de companie \u00een design. Delecteaz\u0103-te cu lumea cadourilor personalizate cu o multitudine de op\u021biuni de design \u0219i \u00eemp\u0103rt\u0103\u0219e\u0219te fericirea zilelor de na\u0219tere ca niciodat\u0103.<\/p>","protected":false},"excerpt":{"rendered":"<p>Face\u021bi zilele de na\u0219tere speciale cu o c\u0103ma\u0219\u0103 personalizat\u0103 de femeie la mul\u021bi ani. Cadourile distractive personalizate pentru ea transform\u0103 orice fotografie \u00eentr-un tricou unic.<\/p>","protected":false},"featured_media":142581,"comment_status":"open","ping_status":"closed","template":"","meta":{"_acf_changed":false},"product_brand":[],"product_cat":[6191,496,6246,6412,6428,6357],"product_tag":[6433,498,503,112],"class_list":{"0":"post-21200","1":"product","2":"type-product","3":"status-publish","4":"has-post-thumbnail","6":"product_cat-t-shirts-women","7":"product_cat-birthday","8":"product_cat-custom-gifts-birthday-party","9":"product_cat-photo-to-tees","10":"product_cat-translate-products","11":"product_cat-womens-birthday-t-shirts","12":"product_tag-ai-artwork","13":"product_tag-birthday","14":"product_tag-girlfriend_gift","15":"product_tag-women","17":"first","18":"instock","19":"taxable","20":"shipping-taxable","21":"purchasable","22":"product-type-simple"},"acf":[],"wcpa_form_fields":null,"_links":{"self":[{"href":"https:\/\/www.customywear.com\/ro\/wp-json\/wp\/v2\/product\/21200","targetHints":{"allow":["GET"]}}],"collection":[{"href":"https:\/\/www.customywear.com\/ro\/wp-json\/wp\/v2\/product"}],"about":[{"href":"https:\/\/www.customywear.com\/ro\/wp-json\/wp\/v2\/types\/product"}],"replies":[{"embeddable":true,"href":"https:\/\/www.customywear.com\/ro\/wp-json\/wp\/v2\/comments?post=21200"}],"wp:featuredmedia":[{"embeddable":true,"href":"https:\/\/www.customywear.com\/ro\/wp-json\/wp\/v2\/media\/142581"}],"wp:attachment":[{"href":"https:\/\/www.customywear.com\/ro\/wp-json\/wp\/v2\/media?parent=21200"}],"wp:term":[{"taxonomy":"product_brand","embeddable":true,"href":"https:\/\/www.customywear.com\/ro\/wp-json\/wp\/v2\/product_brand?post=21200"},{"taxonomy":"product_cat","embeddable":true,"href":"https:\/\/www.customywear.com\/ro\/wp-json\/wp\/v2\/product_cat?post=21200"},{"taxonomy":"product_tag","embeddable":true,"href":"https:\/\/www.customywear.com\/ro\/wp-json\/wp\/v2\/product_tag?post=21200"}],"curies":[{"name":"wp","href":"https:\/\/api.w.org\/{rel}","templated":true}]}}