{"id":21207,"date":"2023-07-28T13:46:58","date_gmt":"2023-07-28T13:46:58","guid":{"rendered":"https:\/\/www.customywear.com\/?post_type=product&#038;p=21207"},"modified":"2026-05-16T11:14:10","modified_gmt":"2026-05-16T11:14:10","slug":"camasa-personalizata-pentru-drumetii","status":"publish","type":"product","link":"https:\/\/www.customywear.com\/ro\/custom-hiking-woman-shirt\/","title":{"rendered":"Tricou personalizat pentru drume\u021bii, femeie \u2013 Tricou personalizat pentru drume\u021bii de munte"},"content":{"rendered":"<p>Adaug\u0103 un plus de personalizare aventurilor tale \u00een aer liber cu tricoul nostru personalizat pentru drume\u021bii, un omagiu personalizat adus femeilor drume\u021be care cuceresc v\u00e2rfurile. Artizanii no\u0219tri pricepu\u021bi valorific\u0103 puterea programelor Adobe Illustrator \u0219i Adobe Photoshop pentru a crea portrete vectoriale captivante, transform\u00e2nd fotografia ta \u00eentr-o reprezentare uimitoare a ta cucerind un munte maiestuos. Acest tricou personalizat, \u00eempodobit cu lucr\u0103rile noastre de art\u0103 premium, este cadoul perfect pentru pasiona\u021bii de drume\u021bii \u0219i iubitorii de natur\u0103. Experimenteaz\u0103 magia personaliz\u0103rii cu designul nostru de tricou personalizat unisex cu m\u00e2nec\u0103 scurt\u0103 \u0219i cu m\u00e2nec\u0103 lung\u0103 pentru adul\u021bi. Dincolo de a fi articole de \u00eembr\u0103c\u0103minte, aceste tricouri devin amintiri pre\u021bioase care surprind fiorul escalad\u0103rii v\u00e2rfurilor \u0219i al cuceririi provoc\u0103rilor. Cu un stil unisex versatil, se adreseaz\u0103 diferitelor v\u00e2rste, fiind potrivite pentru adul\u021bi, tineri, copii \u0219i copii mici. Infuzeaz\u0103-\u021bi designul cu o not\u0103 de individualitate prin \u00eencorporarea fe\u021belor umane \u0219i ale animalelor de companie, cre\u00e2nd tricouri cu adev\u0103rat unice. Aceste tricouri personalizate nu numai c\u0103 celebreaz\u0103 frumuse\u021bea naturii, dar simbolizeaz\u0103 \u0219i emanciparea \u0219i puterea femeilor drume\u021be. Exploreaz\u0103 gama noastr\u0103 de modele, fiecare fiind gata s\u0103 surprind\u0103 spiritul c\u0103l\u0103toriei tale unice \u0219i s\u0103 inspire o conexiune profund\u0103 cu minunile naturii.<\/p>","protected":false},"excerpt":{"rendered":"<p>C\u0103l\u0103torie \u00een stil cu o c\u0103ma\u0219\u0103 personalizat\u0103 pentru drume\u021bii. Tricourile personalizate pentru excursioni\u0219ti de sex feminin transform\u0103 orice fotografie \u00eentr-un tricou unic inspirat \u00een aer liber.<\/p>","protected":false},"featured_media":142837,"comment_status":"open","ping_status":"closed","template":"","meta":{"_acf_changed":false},"product_brand":[],"product_cat":[6191,558,559,6412,310,6428,75,6356],"product_tag":[560,6433,562,326,6442,112],"class_list":{"0":"post-21207","1":"product","2":"type-product","3":"status-publish","4":"has-post-thumbnail","6":"product_cat-t-shirts-women","7":"product_cat-custom-gifts-hiking","8":"product_cat-hiking-t-shirts","9":"product_cat-photo-to-tees","10":"product_cat-sports-shirts","11":"product_cat-translate-products","12":"product_cat-women","13":"product_cat-womens-summer-t-shirts","14":"product_tag-adventure_shirt","15":"product_tag-ai-artwork","16":"product_tag-hiking-art","17":"product_tag-sports","18":"product_tag-top-artwork","19":"product_tag-women","21":"first","22":"instock","23":"taxable","24":"shipping-taxable","25":"purchasable","26":"product-type-simple"},"acf":[],"wcpa_form_fields":null,"_links":{"self":[{"href":"https:\/\/www.customywear.com\/ro\/wp-json\/wp\/v2\/product\/21207","targetHints":{"allow":["GET"]}}],"collection":[{"href":"https:\/\/www.customywear.com\/ro\/wp-json\/wp\/v2\/product"}],"about":[{"href":"https:\/\/www.customywear.com\/ro\/wp-json\/wp\/v2\/types\/product"}],"replies":[{"embeddable":true,"href":"https:\/\/www.customywear.com\/ro\/wp-json\/wp\/v2\/comments?post=21207"}],"wp:featuredmedia":[{"embeddable":true,"href":"https:\/\/www.customywear.com\/ro\/wp-json\/wp\/v2\/media\/142837"}],"wp:attachment":[{"href":"https:\/\/www.customywear.com\/ro\/wp-json\/wp\/v2\/media?parent=21207"}],"wp:term":[{"taxonomy":"product_brand","embeddable":true,"href":"https:\/\/www.customywear.com\/ro\/wp-json\/wp\/v2\/product_brand?post=21207"},{"taxonomy":"product_cat","embeddable":true,"href":"https:\/\/www.customywear.com\/ro\/wp-json\/wp\/v2\/product_cat?post=21207"},{"taxonomy":"product_tag","embeddable":true,"href":"https:\/\/www.customywear.com\/ro\/wp-json\/wp\/v2\/product_tag?post=21207"}],"curies":[{"name":"wp","href":"https:\/\/api.w.org\/{rel}","templated":true}]}}