{"id":21208,"date":"2023-07-28T13:47:07","date_gmt":"2023-07-28T13:47:07","guid":{"rendered":"https:\/\/www.customywear.com\/?post_type=product&#038;p=21208"},"modified":"2026-05-07T15:29:52","modified_gmt":"2026-05-07T15:29:52","slug":"tricou-personalizat-pentru-baiat-indian","status":"publish","type":"product","link":"https:\/\/www.customywear.com\/ro\/custom-indian-boy-tee\/","title":{"rendered":"Personalized Indian Boy Tee &#8211; Travel to India T-shirt for boys"},"content":{"rendered":"<p>Ridica\u021bi-v\u0103 stilul cu tricoul nostru personalizat unic pentru b\u0103ie\u021bi indieni, unde amintirile pre\u021buite se \u00eent\u00e2lnesc cu moda la mod\u0103. Arti\u0219tii no\u0219tri pricepu\u021bi transform\u0103 fotografia dvs. pre\u021bioas\u0103 \u00eentr-un portret vectorial uimitor, \u00eembin\u00e2nd perfect tradi\u021bia cu modernitatea. Surprinde\u021bi esen\u021ba bogatei culturi a Indiei \u00een timp ce copilul dvs. \u00eembrac\u0103 o pies\u0103 de art\u0103 personalizat\u0103 unic\u0103. Create cu expertiz\u0103 \u00een Adobe Illustrator \u0219i Adobe Photoshop, tricourile noastre imprimate DTG garanteaz\u0103 designuri vibrante, de \u00eenalt\u0103 calitate, care rezist\u0103. \u00cembr\u0103\u021bi\u0219a\u021bi versatilitatea colec\u021biei noastre unisex, potrivit\u0103 pentru fiecare grup\u0103 de v\u00e2rst\u0103, de la adul\u021bi la tineri, copii \u0219i chiar copii mici. Fie c\u0103 este vorba de o zi de na\u0219tere, o vacan\u021b\u0103 sau orice alt\u0103 ocazie, tricourile noastre personalizate sunt cadouri grijulii \u0219i emo\u021bionante care ies \u00een eviden\u021b\u0103. R\u0103sf\u0103\u021ba\u021bi-v\u0103 cu bucuria personaliz\u0103rii, \u00een timp ce noi v\u0103 d\u0103m via\u021b\u0103 ideilor, nu doar pentru tineri, ci \u0219i pentru adul\u021bi, asigur\u00e2nd o declara\u021bie de mod\u0103 pentru \u00eentreaga familie. Cu o gam\u0103 divers\u0103 de modele disponibile, ve\u021bi g\u0103si potrivirea perfect\u0103 pentru preferin\u021bele dvs. Experimenta\u021bi magia transform\u0103rii amintirilor \u00een art\u0103 purtabil\u0103 \u0219i crea\u021bi momente de durat\u0103 cu tricourile noastre personalizate unice.<\/p>","protected":false},"excerpt":{"rendered":"<p>S\u0103rb\u0103tore\u0219te cultura cu un tricou personalizat de b\u0103iat indian. Arta cu tricoul foto personalizat transform\u0103 orice fotografie \u00eentr-un tricou unic, unic.<\/p>","protected":false},"featured_media":142878,"comment_status":"open","ping_status":"closed","template":"","meta":{"_acf_changed":false},"product_brand":[],"product_cat":[6189,6264,6412,6428],"product_tag":[560,6433,6439,2309,2314,65,67,73],"class_list":{"0":"post-21208","1":"product","2":"type-product","3":"status-publish","4":"has-post-thumbnail","6":"product_cat-boys-t-shirts","7":"product_cat-custom-gifts-indian-culture","8":"product_cat-photo-to-tees","9":"product_cat-translate-products","10":"product_tag-adventure_shirt","11":"product_tag-ai-artwork","12":"product_tag-ai-kids-artwork","13":"product_tag-diwali_gift","14":"product_tag-indian_wedding","15":"product_tag-kid","16":"product_tag-kids_birthday_shirt","17":"product_tag-youth-boy","19":"first","20":"instock","21":"taxable","22":"shipping-taxable","23":"purchasable","24":"product-type-simple"},"acf":[],"wcpa_form_fields":null,"_links":{"self":[{"href":"https:\/\/www.customywear.com\/ro\/wp-json\/wp\/v2\/product\/21208","targetHints":{"allow":["GET"]}}],"collection":[{"href":"https:\/\/www.customywear.com\/ro\/wp-json\/wp\/v2\/product"}],"about":[{"href":"https:\/\/www.customywear.com\/ro\/wp-json\/wp\/v2\/types\/product"}],"replies":[{"embeddable":true,"href":"https:\/\/www.customywear.com\/ro\/wp-json\/wp\/v2\/comments?post=21208"}],"wp:featuredmedia":[{"embeddable":true,"href":"https:\/\/www.customywear.com\/ro\/wp-json\/wp\/v2\/media\/142878"}],"wp:attachment":[{"href":"https:\/\/www.customywear.com\/ro\/wp-json\/wp\/v2\/media?parent=21208"}],"wp:term":[{"taxonomy":"product_brand","embeddable":true,"href":"https:\/\/www.customywear.com\/ro\/wp-json\/wp\/v2\/product_brand?post=21208"},{"taxonomy":"product_cat","embeddable":true,"href":"https:\/\/www.customywear.com\/ro\/wp-json\/wp\/v2\/product_cat?post=21208"},{"taxonomy":"product_tag","embeddable":true,"href":"https:\/\/www.customywear.com\/ro\/wp-json\/wp\/v2\/product_tag?post=21208"}],"curies":[{"name":"wp","href":"https:\/\/api.w.org\/{rel}","templated":true}]}}