{"id":21209,"date":"2023-07-28T13:47:08","date_gmt":"2023-07-28T13:47:08","guid":{"rendered":"https:\/\/www.customywear.com\/?post_type=product&#038;p=21209"},"modified":"2026-05-07T15:29:52","modified_gmt":"2026-05-07T15:29:52","slug":"tricou-personalizat-pentru-fata-indiana","status":"publish","type":"product","link":"https:\/\/www.customywear.com\/ro\/custom-indian-girl-tee\/","title":{"rendered":"Tricou personalizat cu o fat\u0103 indian\u0103 | Transform\u0103-\u021bi fotografia \u00eentr-un tricou personalizat"},"content":{"rendered":"<p>\u00cembun\u0103t\u0103\u021be\u0219te-\u021bi garderoba cu tricoul nostru personalizat exclusiv pentru fete indiene, unde momentele pre\u021bioase se \u00eent\u00e2lnesc cu moda artistic\u0103. Designerii no\u0219tri talenta\u021bi transform\u0103 cu m\u0103iestrie fotografia copilului t\u0103u \u00eentr-un portret vectorial captivant, \u00eembin\u00e2nd perfect stilul contemporan cu bog\u0103\u021bia cultural\u0103 a Indiei. Cufund\u0103-\u021bi cei dragi \u00eentr-o pies\u0103 de art\u0103 personalizat\u0103, f\u0103c\u00e2nd fiecare ocazie cu adev\u0103rat special\u0103. Folosind puterea Adobe Illustrator \u0219i Adobe Photoshop, \u00ee\u021bi d\u0103m via\u021b\u0103 viziunii prin imprimare DTG, asigur\u00e2nd designuri vibrante \u0219i durabile. \u00cembr\u0103\u021bi\u0219eaz\u0103 versatilitatea colec\u021biei noastre unisex, adaptat\u0103 pentru a se potrivi tuturor v\u00e2rstelor - de la adul\u021bi la tineri, copii \u0219i chiar copii mici. S\u0103rb\u0103tore\u0219te zile de na\u0219tere, vacan\u021be \u00een familie sau pur \u0219i simplu etaleaz\u0103-\u021bi gustul unic cu un tricou personalizat care surprinde esen\u021ba mo\u0219tenirii Indiei. Dezl\u0103n\u021buie bucuria personaliz\u0103rii, cre\u00e2nd un design excep\u021bional care nu numai c\u0103 \u00eei \u00eempodobe\u0219te pe tineri, ci \u0219i pe adul\u021bi, promov\u00e2nd un sentiment de unitate prin mod\u0103. Exploreaz\u0103 gama noastr\u0103 divers\u0103 de op\u021biuni, fiecare pies\u0103 fiind o dovad\u0103 a artei de a transforma amintirile \u00een expresii purtabile. Descoper\u0103 magia de a oferi o amintire pre\u021bioas\u0103, \u00eencapsulat\u0103 \u00eentr-un tricou personalizat de \u00eenalt\u0103 calitate, unde fiecare fir spune o poveste.<\/p>","protected":false},"excerpt":{"rendered":"<p>Onoreaz\u0103 tradi\u021bia cu un tricou personalizat de fete indiene. Transform\u0103-\u021bi fotografia \u00eentr-un tricou personalizat pentru un design unic, de inspira\u021bie cultural\u0103.<\/p>","protected":false},"featured_media":142885,"comment_status":"open","ping_status":"closed","template":"","meta":{"_acf_changed":false},"product_brand":[],"product_cat":[6193,6264,6412,6428],"product_tag":[560,6433,6439,2309,2314,65,67,156],"class_list":{"0":"post-21209","1":"product","2":"type-product","3":"status-publish","4":"has-post-thumbnail","6":"product_cat-girls-t-shirts","7":"product_cat-custom-gifts-indian-culture","8":"product_cat-photo-to-tees","9":"product_cat-translate-products","10":"product_tag-adventure_shirt","11":"product_tag-ai-artwork","12":"product_tag-ai-kids-artwork","13":"product_tag-diwali_gift","14":"product_tag-indian_wedding","15":"product_tag-kid","16":"product_tag-kids_birthday_shirt","17":"product_tag-youth-girl","19":"first","20":"instock","21":"taxable","22":"shipping-taxable","23":"purchasable","24":"product-type-simple"},"acf":[],"wcpa_form_fields":null,"_links":{"self":[{"href":"https:\/\/www.customywear.com\/ro\/wp-json\/wp\/v2\/product\/21209","targetHints":{"allow":["GET"]}}],"collection":[{"href":"https:\/\/www.customywear.com\/ro\/wp-json\/wp\/v2\/product"}],"about":[{"href":"https:\/\/www.customywear.com\/ro\/wp-json\/wp\/v2\/types\/product"}],"replies":[{"embeddable":true,"href":"https:\/\/www.customywear.com\/ro\/wp-json\/wp\/v2\/comments?post=21209"}],"wp:featuredmedia":[{"embeddable":true,"href":"https:\/\/www.customywear.com\/ro\/wp-json\/wp\/v2\/media\/142885"}],"wp:attachment":[{"href":"https:\/\/www.customywear.com\/ro\/wp-json\/wp\/v2\/media?parent=21209"}],"wp:term":[{"taxonomy":"product_brand","embeddable":true,"href":"https:\/\/www.customywear.com\/ro\/wp-json\/wp\/v2\/product_brand?post=21209"},{"taxonomy":"product_cat","embeddable":true,"href":"https:\/\/www.customywear.com\/ro\/wp-json\/wp\/v2\/product_cat?post=21209"},{"taxonomy":"product_tag","embeddable":true,"href":"https:\/\/www.customywear.com\/ro\/wp-json\/wp\/v2\/product_tag?post=21209"}],"curies":[{"name":"wp","href":"https:\/\/api.w.org\/{rel}","templated":true}]}}