{"id":21214,"date":"2023-07-28T13:47:11","date_gmt":"2023-07-28T13:47:11","guid":{"rendered":"https:\/\/www.customywear.com\/?post_type=product&#038;p=21214"},"modified":"2026-05-07T15:29:52","modified_gmt":"2026-05-07T15:29:52","slug":"camasa-personalizata-pentru-fete-karate-kid","status":"publish","type":"product","link":"https:\/\/www.customywear.com\/ro\/custom-karate-kid-girls-shirt\/","title":{"rendered":"Personalizat Karate Kid Fete Tricou | Personalizate De Arte Martiale De Tineret Tee"},"content":{"rendered":"<p>Inspir\u0103-\u021bi t\u00e2n\u0103ra pasionat\u0103 de sport cu \u201eTricoul nostru personalizat de karate pentru fete\u201d, unde transform\u0103m cu m\u0103iestrie fotografia copilului t\u0103u \u00eentr-un portret vectorial captivant al ei prezent\u00e2ndu-\u0219i mi\u0219c\u0103rile de karate. Acest tricou personalizat pentru tineri este cadoul perfect pentru tinerii iubitori de arte mar\u021biale, \u00eencuraj\u00e2ndu-i s\u0103-\u0219i \u00eembr\u0103\u021bi\u0219eze pasiunea pentru sport \u0219i arte mar\u021biale. Folosind expertiza Adobe Illustrator \u0219i Adobe Photoshop, ne asigur\u0103m c\u0103 fiecare detaliu al fotografiei copilului t\u0103u este transformat \u00eentr-o art\u0103 vectorial\u0103 de \u00eenalt\u0103 calitate, surprinz\u00e2nd esen\u021ba c\u0103l\u0103toriei sale \u00een artele mar\u021biale. Disponibil at\u00e2t \u00een \u200b\u200bvarianta cu m\u00e2nec\u0103 scurt\u0103, c\u00e2t \u0219i cu m\u00e2nec\u0103 lung\u0103 pentru copii, acest tricou creativ este potrivit pentru fete de toate v\u00e2rstele, de la copii mici la copii \u0219i tinere. Designul este imprimat folosind tehnologia de imprimare DTG, asigur\u00e2nd culori vibrante \u0219i durabilitate la sp\u0103lare dup\u0103 sp\u0103lare. Pentru a-l face \u0219i mai special, oferim op\u021biunea de a include fa\u021ba animalului t\u0103u de companie \u00een opera de art\u0103, ad\u0103ug\u00e2nd o not\u0103 suplimentar\u0103 de personalizare. \u00cencurajeaz\u0103-\u021bi mica pasionat\u0103 de arte mar\u021biale s\u0103-\u0219i poarte cu m\u00e2ndrie pasiunea cu acest tricou personalizat de karate pentru fete, unic, o completare atent\u0103 \u0219i motivant\u0103 a garderobei sale.<\/p>","protected":false},"excerpt":{"rendered":"<p>Maestru arte mar\u021biale cu o c\u0103ma\u0219\u0103 personalizat\u0103 pentru fete Karate Kid. Tricourile personalizate pentru tineret de arte mar\u021biale transform\u0103 orice fotografie \u00eentr-un tricou unic, unic.<\/p>","protected":false},"featured_media":142941,"comment_status":"open","ping_status":"closed","template":"","meta":{"_acf_changed":false},"product_brand":[],"product_cat":[6193,2406,6412,6428],"product_tag":[6433,6439,934,2408,1301,1302,65,67,326,156],"class_list":{"0":"post-21214","1":"product","2":"type-product","3":"status-publish","4":"has-post-thumbnail","6":"product_cat-girls-t-shirts","7":"product_cat-custom-gifts-karate","8":"product_cat-photo-to-tees","9":"product_cat-translate-products","10":"product_tag-ai-artwork","11":"product_tag-ai-kids-artwork","12":"product_tag-birthday_shirt","13":"product_tag-custom-arts-karate","14":"product_tag-jiu_jitsu_shirt","15":"product_tag-karate_gift","16":"product_tag-kid","17":"product_tag-kids_birthday_shirt","18":"product_tag-sports","19":"product_tag-youth-girl","21":"first","22":"instock","23":"taxable","24":"shipping-taxable","25":"purchasable","26":"product-type-simple"},"acf":[],"wcpa_form_fields":null,"_links":{"self":[{"href":"https:\/\/www.customywear.com\/ro\/wp-json\/wp\/v2\/product\/21214","targetHints":{"allow":["GET"]}}],"collection":[{"href":"https:\/\/www.customywear.com\/ro\/wp-json\/wp\/v2\/product"}],"about":[{"href":"https:\/\/www.customywear.com\/ro\/wp-json\/wp\/v2\/types\/product"}],"replies":[{"embeddable":true,"href":"https:\/\/www.customywear.com\/ro\/wp-json\/wp\/v2\/comments?post=21214"}],"wp:featuredmedia":[{"embeddable":true,"href":"https:\/\/www.customywear.com\/ro\/wp-json\/wp\/v2\/media\/142941"}],"wp:attachment":[{"href":"https:\/\/www.customywear.com\/ro\/wp-json\/wp\/v2\/media?parent=21214"}],"wp:term":[{"taxonomy":"product_brand","embeddable":true,"href":"https:\/\/www.customywear.com\/ro\/wp-json\/wp\/v2\/product_brand?post=21214"},{"taxonomy":"product_cat","embeddable":true,"href":"https:\/\/www.customywear.com\/ro\/wp-json\/wp\/v2\/product_cat?post=21214"},{"taxonomy":"product_tag","embeddable":true,"href":"https:\/\/www.customywear.com\/ro\/wp-json\/wp\/v2\/product_tag?post=21214"}],"curies":[{"name":"wp","href":"https:\/\/api.w.org\/{rel}","templated":true}]}}