{"id":21216,"date":"2023-07-28T13:47:13","date_gmt":"2023-07-28T13:47:13","guid":{"rendered":"https:\/\/www.customywear.com\/?post_type=product&#038;p=21216"},"modified":"2026-05-05T20:23:30","modified_gmt":"2026-05-05T20:23:30","slug":"camasa-personalizata-de-femeie-de-karate","status":"publish","type":"product","link":"https:\/\/www.customywear.com\/ro\/custom-karate-woman-shirt\/","title":{"rendered":"Tricou personalizat de karate pentru femei | Tricou personalizat de sport Kung Fu profesoar\u0103 mam\u0103 prieten\u0103 sor\u0103"},"content":{"rendered":"<p>\u00cembr\u0103\u021bi\u0219eaz\u0103 puterea \u0219i gra\u021bia artelor mar\u021biale cu \u201eTricoul nostru personalizat de karate pentru femei\u201d, unde transform\u0103m cu m\u0103iestrie fotografia ta \u00eentr-un portret vectorial captivant al t\u0103u, demonstr\u00e2ndu-\u021bi abilit\u0103\u021bile de karate. Acest tricou personalizat este cadoul perfect pentru pasiona\u021bii de arte mar\u021biale, fie c\u0103 e\u0219ti un profesor de sport pasionat, o mam\u0103 devotat\u0103, o prieten\u0103 care te sus\u021bine sau o sor\u0103 grijulie. S\u0103rb\u0103tore\u0219te-\u021bi dragostea pentru karate \u0219i kung fu cu acest tricou unic \u0219i personalizat. Folosind expertiza Adobe Illustrator \u0219i Adobe Photoshop, ne asigur\u0103m c\u0103 fiecare detaliu al fotografiei tale este transformat \u00eentr-o art\u0103 vectorial\u0103 de \u00eenalt\u0103 calitate, surprinz\u00e2nd esen\u021ba c\u0103l\u0103toriei tale \u00een artele mar\u021biale. Disponibil at\u00e2t \u00een \u200b\u200bvarianta cu m\u00e2nec\u0103 scurt\u0103, c\u00e2t \u0219i cu m\u00e2nec\u0103 lung\u0103 pentru adul\u021bi, acest tricou unisex poate fi personalizat pentru toate v\u00e2rstele, de la adul\u021bi la tineri, copii \u0219i copii mici. Pentru a-l face \u0219i mai special, oferim op\u021biunea de a include fa\u021ba animalului t\u0103u de companie \u00een grafic\u0103, ad\u0103ug\u00e2nd o not\u0103 suplimentar\u0103 de personalizare. Indiferent dac\u0103 \u00eel por\u021bi pentru sesiuni de antrenament, ie\u0219iri casual sau pentru a-\u021bi demonstra dedicarea fa\u021b\u0103 de artele mar\u021biale, tricoul nostru personalizat de karate pentru femei este un plus puternic \u0219i semnificativ pentru garderoba ta. \u00cembr\u0103\u021bi\u0219eaz\u0103-\u021bi spiritul artelor mar\u021biale \u0219i poart\u0103-\u021bi pasiunea cu m\u00e2ndrie cu acest tricou personalizat unic.<\/p>","protected":false},"excerpt":{"rendered":"<p>S\u0103rb\u0103tore\u0219te puterea cu o c\u0103ma\u0219\u0103 de femeie de karate personalizat\u0103. Tricourile personalizate pentru profesorul de sport de kung fu, mama, prietena sau sora transform\u0103 orice fotografie \u00eentr-un tricou unic.<\/p>","protected":false},"featured_media":142927,"comment_status":"open","ping_status":"closed","template":"","meta":{"_acf_changed":false},"product_brand":[],"product_cat":[6191,2406,6412,6428,6351,6352],"product_tag":[6433,934,6217,2408,1301,1302,1792,326,112,1827],"class_list":{"0":"post-21216","1":"product","2":"type-product","3":"status-publish","4":"has-post-thumbnail","6":"product_cat-t-shirts-women","7":"product_cat-custom-gifts-karate","8":"product_cat-photo-to-tees","9":"product_cat-translate-products","10":"product_cat-womens-gym-t-shirts","11":"product_cat-womens-sports-t-shirts","12":"product_tag-ai-artwork","13":"product_tag-birthday_shirt","14":"product_tag-custom-t-shirt","15":"product_tag-custom-arts-karate","16":"product_tag-jiu_jitsu_shirt","17":"product_tag-karate_gift","18":"product_tag-muay_thai_shirt","19":"product_tag-sports","20":"product_tag-women","21":"product_tag-workout_shirt","23":"first","24":"instock","25":"taxable","26":"shipping-taxable","27":"purchasable","28":"product-type-simple"},"acf":[],"wcpa_form_fields":null,"_links":{"self":[{"href":"https:\/\/www.customywear.com\/ro\/wp-json\/wp\/v2\/product\/21216","targetHints":{"allow":["GET"]}}],"collection":[{"href":"https:\/\/www.customywear.com\/ro\/wp-json\/wp\/v2\/product"}],"about":[{"href":"https:\/\/www.customywear.com\/ro\/wp-json\/wp\/v2\/types\/product"}],"replies":[{"embeddable":true,"href":"https:\/\/www.customywear.com\/ro\/wp-json\/wp\/v2\/comments?post=21216"}],"wp:featuredmedia":[{"embeddable":true,"href":"https:\/\/www.customywear.com\/ro\/wp-json\/wp\/v2\/media\/142927"}],"wp:attachment":[{"href":"https:\/\/www.customywear.com\/ro\/wp-json\/wp\/v2\/media?parent=21216"}],"wp:term":[{"taxonomy":"product_brand","embeddable":true,"href":"https:\/\/www.customywear.com\/ro\/wp-json\/wp\/v2\/product_brand?post=21216"},{"taxonomy":"product_cat","embeddable":true,"href":"https:\/\/www.customywear.com\/ro\/wp-json\/wp\/v2\/product_cat?post=21216"},{"taxonomy":"product_tag","embeddable":true,"href":"https:\/\/www.customywear.com\/ro\/wp-json\/wp\/v2\/product_tag?post=21216"}],"curies":[{"name":"wp","href":"https:\/\/api.w.org\/{rel}","templated":true}]}}