{"id":21218,"date":"2023-07-28T13:47:14","date_gmt":"2023-07-28T13:47:14","guid":{"rendered":"https:\/\/www.customywear.com\/?post_type=product&#038;p=21218"},"modified":"2026-05-07T15:29:52","modified_gmt":"2026-05-07T15:29:52","slug":"camasa-de-baiat-coreeana-personalizata","status":"publish","type":"product","link":"https:\/\/www.customywear.com\/ro\/custom-korean-boy-shirt\/","title":{"rendered":"Tricou personalizat coreean pentru b\u0103ie\u021bi | Tricou personalizat cu tematic\u0103 de turism \u00een Coreea pentru iubitorii de c\u0103l\u0103torii"},"content":{"rendered":"<p>\u00cembr\u0103\u021bi\u0219eaz\u0103 farmecul captivant al culturii coreene cu \u201eTricoul nostru personalizat coreean pentru b\u0103ie\u021bi\u201d, unde transform\u0103m cu m\u0103iestrie fotografia copilului t\u0103u \u00eentr-un portret vectorial fascinant, \u00eenf\u0103\u021bi\u0219\u00e2ndu-l \u00eentr-o rochie tradi\u021bional\u0103 coreean\u0103 fermec\u0103toare. Acest design creativ de tricou cu m\u00e2nec\u0103 scurt\u0103 \u0219i lung\u0103 pentru tineri este cadoul personalizat perfect pentru tinerii pasiona\u021bi de cultura coreean\u0103 \u0219i asiatic\u0103, surprinz\u00e2nd esen\u021ba Coreei de Sud \u0219i a bogatei sale mo\u0219teniri. Folosind Adobe Illustrator \u0219i Adobe Photoshop, ne asigur\u0103m c\u0103 designul rezultat se m\u00e2ndre\u0219te cu art\u0103 vectorial\u0103 de \u00eenalt\u0103 calitate, sco\u021b\u00e2nd \u00een eviden\u021b\u0103 m\u00e2ndria \u0219i admira\u021bia cultural\u0103 a copilului t\u0103u. Aceste tricouri personalizate sunt disponibile at\u00e2t pentru adul\u021bi, c\u00e2t \u0219i pentru tineri, copii \u0219i copii mici, fiind cadouri versatile pentru toate v\u00e2rstele. \u00cen plus, dac\u0103 copilul t\u0103u are o leg\u0103tur\u0103 profund\u0103 cu un animal de companie iubit, oferim op\u021biunea de a include fa\u021ba prietenului s\u0103u bl\u0103nos \u00een portret, ad\u0103ug\u00e2nd o not\u0103 suplimentar\u0103 de personalizare acestui cadou emo\u021bionant. \u00cembr\u0103\u021bi\u0219eaz\u0103 minunile tradi\u021biilor coreene \u0219i las\u0103-l pe micu\u021bul t\u0103u s\u0103-\u0219i arate dragostea pentru Coreea \u0219i istoria sa fascinant\u0103 cu tricoul nostru personalizat coreean pentru b\u0103ie\u021bi, un omagiu \u00eenc\u00e2nt\u0103tor adus frumuse\u021bii culturii asiatice.<\/p>","protected":false},"excerpt":{"rendered":"<p>Onoreaz\u0103 mo\u0219tenirea cu o c\u0103ma\u0219\u0103 personalizat\u0103 pentru b\u0103iat coreean. Tricouri personalizate de turneu de \u021bar\u0103 din Coreea pentru iubitorii de c\u0103l\u0103torii transform\u0103 orice fotografie \u00eentr-un tricou unic.<\/p>","protected":false},"featured_media":142962,"comment_status":"open","ping_status":"closed","template":"","meta":{"_acf_changed":false},"product_brand":[],"product_cat":[6189,2421,6412,6428],"product_tag":[6433,6439,64,2422,65,67,2345,73],"class_list":{"0":"post-21218","1":"product","2":"type-product","3":"status-publish","4":"has-post-thumbnail","6":"product_cat-boys-t-shirts","7":"product_cat-custom-gifts-korean-culture","8":"product_cat-photo-to-tees","9":"product_cat-translate-products","10":"product_tag-ai-artwork","11":"product_tag-ai-kids-artwork","12":"product_tag-country_shirts","13":"product_tag-custom-arts-korean","14":"product_tag-kid","15":"product_tag-kids_birthday_shirt","16":"product_tag-kpop_shirt","17":"product_tag-youth-boy","19":"first","20":"instock","21":"taxable","22":"shipping-taxable","23":"purchasable","24":"product-type-simple"},"acf":[],"wcpa_form_fields":null,"_links":{"self":[{"href":"https:\/\/www.customywear.com\/ro\/wp-json\/wp\/v2\/product\/21218","targetHints":{"allow":["GET"]}}],"collection":[{"href":"https:\/\/www.customywear.com\/ro\/wp-json\/wp\/v2\/product"}],"about":[{"href":"https:\/\/www.customywear.com\/ro\/wp-json\/wp\/v2\/types\/product"}],"replies":[{"embeddable":true,"href":"https:\/\/www.customywear.com\/ro\/wp-json\/wp\/v2\/comments?post=21218"}],"wp:featuredmedia":[{"embeddable":true,"href":"https:\/\/www.customywear.com\/ro\/wp-json\/wp\/v2\/media\/142962"}],"wp:attachment":[{"href":"https:\/\/www.customywear.com\/ro\/wp-json\/wp\/v2\/media?parent=21218"}],"wp:term":[{"taxonomy":"product_brand","embeddable":true,"href":"https:\/\/www.customywear.com\/ro\/wp-json\/wp\/v2\/product_brand?post=21218"},{"taxonomy":"product_cat","embeddable":true,"href":"https:\/\/www.customywear.com\/ro\/wp-json\/wp\/v2\/product_cat?post=21218"},{"taxonomy":"product_tag","embeddable":true,"href":"https:\/\/www.customywear.com\/ro\/wp-json\/wp\/v2\/product_tag?post=21218"}],"curies":[{"name":"wp","href":"https:\/\/api.w.org\/{rel}","templated":true}]}}