{"id":21221,"date":"2023-07-28T13:47:16","date_gmt":"2023-07-28T13:47:16","guid":{"rendered":"https:\/\/www.customywear.com\/?post_type=product&#038;p=21221"},"modified":"2026-05-05T20:23:30","modified_gmt":"2026-05-05T20:23:30","slug":"camasa-personalizata-de-cultura-coreeana-pentru-femei","status":"publish","type":"product","link":"https:\/\/www.customywear.com\/ro\/custom-korean-women-culture-shirt\/","title":{"rendered":"Tricou personalizat pentru femei coreene | Tricou personalizat pentru rochii tradi\u021bionale"},"content":{"rendered":"<p>Cufund\u0103-te \u00een frumuse\u021bea culturii coreene cu \u201eTricoul nostru personalizat pentru femei coreene\u201d, unde transform\u0103m cu m\u0103iestrie fotografia ta \u00eentr-un portret vectorial captivant, f\u0103c\u00e2nd-o s\u0103 par\u0103 c\u0103 e\u0219ti elegant \u00eembr\u0103cat\u0103 \u00eentr-o rochie tradi\u021bional\u0103 coreean\u0103. Acest tricou personalizat prezint\u0103 bog\u0103\u021bia \u0219i mo\u0219tenirea culturii coreene, fiind un cadou semnificativ \u0219i unic pentru cei care apreciaz\u0103 farmecul c\u0103l\u0103toriilor \u0219i al explor\u0103rii culturale. Designul nostru personalizat de tricou unisex pentru adul\u021bi, cu m\u00e2nec\u0103 scurt\u0103 \u0219i cu m\u00e2nec\u0103 lung\u0103, asigur\u0103 o potrivire confortabil\u0103 \u0219i elegant\u0103 pentru toat\u0103 lumea, iar prin utilizarea Adobe Illustrator \u0219i Adobe Photoshop, garant\u0103m art\u0103 vectorial\u0103 de \u00eenalt\u0103 calitate care surprinde frumos esen\u021ba tradi\u021biei coreene. Fie c\u0103 vrei s\u0103 comemorezi o c\u0103l\u0103torie special\u0103 \u00een Coreea de Sud sau pur \u0219i simplu s\u0103 s\u0103rb\u0103tore\u0219ti farmecul mo\u0219tenirii coreene, acest tricou personalizat este o alegere perfect\u0103. \u00cen plus, ai op\u021biunea de a include fa\u021ba animalului t\u0103u de companie iubit \u00een portret, ad\u0103ug\u00e2nd o not\u0103 suplimentar\u0103 de personalizare cadoului. P\u0103\u0219e\u0219te \u00een lumea culturii coreene \u0219i arat\u0103-\u021bi dragostea pentru c\u0103l\u0103torii cu tricoul nostru personalizat pentru femei coreene, un tribut remarcabil adus farmecului atemporal al tradi\u021biei \u0219i istoriei.<\/p>","protected":false},"excerpt":{"rendered":"<p>S\u0103rb\u0103tore\u0219te cultura cu o c\u0103ma\u0219\u0103 personalizat\u0103 de cultur\u0103 a femeilor coreene. Tricourile personalizate cu rochie tradi\u021bional\u0103 transform\u0103 orice fotografie \u00eentr-un tricou unic, unic.<\/p>","protected":false},"featured_media":142955,"comment_status":"open","ping_status":"closed","template":"","meta":{"_acf_changed":false},"product_brand":[],"product_cat":[6191,2421,6412,6428,6355],"product_tag":[6433,2422,503,2345,102,209,112],"class_list":{"0":"post-21221","1":"product","2":"type-product","3":"status-publish","4":"has-post-thumbnail","6":"product_cat-t-shirts-women","7":"product_cat-custom-gifts-korean-culture","8":"product_cat-photo-to-tees","9":"product_cat-translate-products","10":"product_cat-womens-culture-country-t-shirts","11":"product_tag-ai-artwork","12":"product_tag-custom-arts-korean","13":"product_tag-girlfriend_gift","14":"product_tag-kpop_shirt","15":"product_tag-long_distance_gift","16":"product_tag-travel_lover_gift","17":"product_tag-women","19":"first","20":"instock","21":"taxable","22":"shipping-taxable","23":"purchasable","24":"product-type-simple"},"acf":[],"wcpa_form_fields":null,"_links":{"self":[{"href":"https:\/\/www.customywear.com\/ro\/wp-json\/wp\/v2\/product\/21221","targetHints":{"allow":["GET"]}}],"collection":[{"href":"https:\/\/www.customywear.com\/ro\/wp-json\/wp\/v2\/product"}],"about":[{"href":"https:\/\/www.customywear.com\/ro\/wp-json\/wp\/v2\/types\/product"}],"replies":[{"embeddable":true,"href":"https:\/\/www.customywear.com\/ro\/wp-json\/wp\/v2\/comments?post=21221"}],"wp:featuredmedia":[{"embeddable":true,"href":"https:\/\/www.customywear.com\/ro\/wp-json\/wp\/v2\/media\/142955"}],"wp:attachment":[{"href":"https:\/\/www.customywear.com\/ro\/wp-json\/wp\/v2\/media?parent=21221"}],"wp:term":[{"taxonomy":"product_brand","embeddable":true,"href":"https:\/\/www.customywear.com\/ro\/wp-json\/wp\/v2\/product_brand?post=21221"},{"taxonomy":"product_cat","embeddable":true,"href":"https:\/\/www.customywear.com\/ro\/wp-json\/wp\/v2\/product_cat?post=21221"},{"taxonomy":"product_tag","embeddable":true,"href":"https:\/\/www.customywear.com\/ro\/wp-json\/wp\/v2\/product_tag?post=21221"}],"curies":[{"name":"wp","href":"https:\/\/api.w.org\/{rel}","templated":true}]}}