{"id":21227,"date":"2023-07-28T13:47:20","date_gmt":"2023-07-28T13:47:20","guid":{"rendered":"https:\/\/www.customywear.com\/?post_type=product&#038;p=21227"},"modified":"2026-05-05T20:23:30","modified_gmt":"2026-05-05T20:23:30","slug":"camasa-de-avocat-personalizata-2","status":"publish","type":"product","link":"https:\/\/www.customywear.com\/ro\/custom-female-lawyer-shirt\/","title":{"rendered":"Tricou personalizat pentru avocat | Cadou personalizat pentru avocat pentru femei"},"content":{"rendered":"<p>S\u0103rb\u0103tori\u021bi femeile excep\u021bionale din profesia juridic\u0103 cu \u201eTricoul nostru personalizat pentru avocat\u0103\u201d, unde transform\u0103m cu m\u0103iestrie fotografia dvs. \u00eentr-un portret vectorial captivant, f\u0103c\u00e2ndu-v\u0103 s\u0103 ar\u0103ta\u021bi ca o avocat\u0103 \u00eencrez\u0103toare \u0219i \u00eemplinit\u0103. Acest tricou personalizat nu este doar un cadou atent, ci \u0219i o modalitate minunat\u0103 de a onora avocatele, fie c\u0103 este vorba de o s\u0103rb\u0103toare a pension\u0103rii, o realizare important\u0103 sau pur \u0219i simplu pentru a ar\u0103ta aprecierea pentru d\u0103ruirea lor fa\u021b\u0103 de justi\u021bie \u0219i lege. Designul nostru personalizat unisex pentru adul\u021bi, cu m\u00e2nec\u0103 scurt\u0103 \u0219i cu m\u00e2nec\u0103 lung\u0103, asigur\u0103 o croial\u0103 confortabil\u0103 \u0219i de \u00eenalt\u0103 calitate pentru to\u021bi, fiind cadoul ideal pentru avocatele de toate v\u00e2rstele. Folosind expertiza Adobe Illustrator \u0219i Adobe Photoshop, cre\u0103m meticulos un design unic \u0219i atr\u0103g\u0103tor, care reflect\u0103 priceperea dvs. profesional\u0103 \u0219i pasiunea pentru domeniul juridic. \u00cen plus, ave\u021bi op\u021biunea de a include fa\u021ba animalului dvs. de companie iubit \u00een portret, ad\u0103ug\u00e2nd o not\u0103 suplimentar\u0103 de personalizare cadoului. Onora\u021bi femeile incredibile din lumea juridic\u0103 cu tricoul nostru personalizat pentru avocat\u0103, o amintire semnificativ\u0103 \u0219i de neuitat care celebreaz\u0103 realiz\u0103rile \u0219i contribu\u021biile lor la societate.<\/p>","protected":false},"excerpt":{"rendered":"<p>Onoreaz\u0103 legea \u0219i stilul cu o c\u0103ma\u0219\u0103 personalizat\u0103 de avocat. Cadourile personalizate ale avoca\u021bilor pentru femei transform\u0103 orice fotografie \u00eentr-un tricou de inspira\u021bie profesional\u0103, unic.<\/p>","protected":false},"featured_media":142983,"comment_status":"open","ping_status":"closed","template":"","meta":{"_acf_changed":false},"product_brand":[],"product_cat":[6191,2436,6412,6428],"product_tag":[6433,6222,1039],"class_list":{"0":"post-21227","1":"product","2":"type-product","3":"status-publish","4":"has-post-thumbnail","6":"product_cat-t-shirts-women","7":"product_cat-custom-gifts-lawyer","8":"product_cat-photo-to-tees","9":"product_cat-translate-products","10":"product_tag-ai-artwork","11":"product_tag-custom-lawyer-t-shirts","12":"product_tag-retirement_gift","14":"first","15":"instock","16":"taxable","17":"shipping-taxable","18":"purchasable","19":"product-type-simple"},"acf":[],"wcpa_form_fields":null,"_links":{"self":[{"href":"https:\/\/www.customywear.com\/ro\/wp-json\/wp\/v2\/product\/21227","targetHints":{"allow":["GET"]}}],"collection":[{"href":"https:\/\/www.customywear.com\/ro\/wp-json\/wp\/v2\/product"}],"about":[{"href":"https:\/\/www.customywear.com\/ro\/wp-json\/wp\/v2\/types\/product"}],"replies":[{"embeddable":true,"href":"https:\/\/www.customywear.com\/ro\/wp-json\/wp\/v2\/comments?post=21227"}],"wp:featuredmedia":[{"embeddable":true,"href":"https:\/\/www.customywear.com\/ro\/wp-json\/wp\/v2\/media\/142983"}],"wp:attachment":[{"href":"https:\/\/www.customywear.com\/ro\/wp-json\/wp\/v2\/media?parent=21227"}],"wp:term":[{"taxonomy":"product_brand","embeddable":true,"href":"https:\/\/www.customywear.com\/ro\/wp-json\/wp\/v2\/product_brand?post=21227"},{"taxonomy":"product_cat","embeddable":true,"href":"https:\/\/www.customywear.com\/ro\/wp-json\/wp\/v2\/product_cat?post=21227"},{"taxonomy":"product_tag","embeddable":true,"href":"https:\/\/www.customywear.com\/ro\/wp-json\/wp\/v2\/product_tag?post=21227"}],"curies":[{"name":"wp","href":"https:\/\/api.w.org\/{rel}","templated":true}]}}